{"id":11344,"date":"2023-08-24T16:11:44","date_gmt":"2023-08-24T08:11:44","guid":{"rendered":"https:\/\/leeknives.com\/?post_type=product&#038;p=11344"},"modified":"2026-04-02T10:54:03","modified_gmt":"2026-04-02T02:54:03","slug":"axt-lkaxe70012-13","status":"publish","type":"product","link":"https:\/\/leeknives.com\/de\/axe-lkaxe70012-13\/","title":{"rendered":"4Cr13 Afrikanisches Schwarzholzbeil S\/L LKAXE70012-13"},"content":{"rendered":"<h2>4Cr13 Afrikanisches Ebenholz-Axt<\/h2>\n<p>Diese Axtserie besticht im Gro\u00dfhandel durch die Kombination aus robustem Stahl und einem Griff aus edlem Hartholz. Der Axtkopf aus 4Cr13-Edelstahl bietet zuverl\u00e4ssige Leistung beim Camping und anderen Outdoor-Aktivit\u00e4ten und ist verschlei\u00dffest sowie witterungsbest\u00e4ndig. Das absolute Highlight ist der Griff aus afrikanischem Grenadillholz \u2013 einem Material, das f\u00fcr seine extreme H\u00e4rte, seine nat\u00fcrlichen \u00d6le und seine markante Optik bekannt ist und so f\u00fcr einen unvergleichlichen Halt und Langlebigkeit sorgt. Die Axtserie ist in zwei Gr\u00f6\u00dfen erh\u00e4ltlich und erm\u00f6glicht es H\u00e4ndlern, ihren Kunden ein hochwertiges und unverwechselbares Werkzeug anzubieten. Sie ist die ideale Wahl f\u00fcr Gro\u00dfbestellungen und richtet sich an Kunden, die Wert auf Leistung und erstklassige Verarbeitung ihrer Outdoor-Ausr\u00fcstung legen.<\/p>\n<h3>Hauptmerkmale<\/h3>\n<ul>\n<li>Kopf aus zuverl\u00e4ssigem 4Cr13-Edelstahl gefertigt.<\/li>\n<li>Hochwertiger Griff aus dichtem und robustem afrikanischem Grenadillholz.<\/li>\n<li>Erh\u00e4ltlich in den Gr\u00f6\u00dfen Small (S) und Large (L) f\u00fcr den Gro\u00dfhandel.<\/li>\n<li>Bietet eine einzigartige, hochwertige Option f\u00fcr Einzelh\u00e4ndler von Outdoor-Werkzeugen.<\/li>\n<\/ul>\n<h3>Technische Daten<\/h3>\n<table>\n<tr>\n<th>Spezifikation<\/th>\n<th>Detail<\/th>\n<\/tr>\n<tr>\n<td>Kopfmaterial<\/td>\n<td>4Cr13 Edelstahl<\/td>\n<\/tr>\n<tr>\n<td>Griffmaterial<\/td>\n<td>Afrikanisches Schwarzholz<\/td>\n<\/tr>\n<tr>\n<td>Verf\u00fcgbare Gr\u00f6\u00dfen<\/td>\n<td>S, L<\/td>\n<\/tr>\n<tr>\n<td>Modellnummer<\/td>\n<td>LKAXE70012-13<\/td>\n<\/tr>\n<\/table>","protected":false},"excerpt":{"rendered":"<h3>Hauptmerkmale<\/h3>\n<ul>\n<li><strong>Robuster Stahlkopf:<\/strong> Geschmiedet aus 4Cr13-Edelstahl, bietet es eine robuste und korrosionsbest\u00e4ndige Schneide f\u00fcr den dauerhaften Einsatz im Freien.<\/li>\n<li><strong>Hochwertiger Holzgriff:<\/strong> Die Griffe sind aus afrikanischem Ebenholz gefertigt, das f\u00fcr seine au\u00dfergew\u00f6hnliche Dichte, Festigkeit und charakteristische dunkle Oberfl\u00e4che bekannt ist.<\/li>\n<li><strong>Verf\u00fcgbarkeit in zwei Gr\u00f6\u00dfen:<\/strong> Das Produkt wird in kleinen und gro\u00dfen Gr\u00f6\u00dfen angeboten und bietet Gro\u00dfh\u00e4ndlern somit vielseitige Optionen, um den unterschiedlichen Kundenanforderungen bei ihren Gro\u00dfbestellungen gerecht zu werden.<\/li>\n<\/ul>","protected":false},"featured_media":11346,"template":"","meta":{"inline_featured_image":false},"product_brand":[],"product_cat":[178],"product_tag":[],"class_list":{"0":"post-11344","1":"product","2":"type-product","3":"status-publish","4":"has-post-thumbnail","6":"product_cat-axes","7":"sales-flash-overlay","8":"woocommerce-text-align-left","9":"woocommerce-image-align-center","10":"do-quantity-buttons","12":"first","13":"instock","14":"shipping-taxable","15":"product-type-simple"},"_links":{"self":[{"href":"https:\/\/leeknives.com\/de\/wp-json\/wp\/v2\/product\/11344","targetHints":{"allow":["GET"]}}],"collection":[{"href":"https:\/\/leeknives.com\/de\/wp-json\/wp\/v2\/product"}],"about":[{"href":"https:\/\/leeknives.com\/de\/wp-json\/wp\/v2\/types\/product"}],"wp:featuredmedia":[{"embeddable":true,"href":"https:\/\/leeknives.com\/de\/wp-json\/wp\/v2\/media\/11346"}],"wp:attachment":[{"href":"https:\/\/leeknives.com\/de\/wp-json\/wp\/v2\/media?parent=11344"}],"wp:term":[{"taxonomy":"product_brand","embeddable":true,"href":"https:\/\/leeknives.com\/de\/wp-json\/wp\/v2\/product_brand?post=11344"},{"taxonomy":"product_cat","embeddable":true,"href":"https:\/\/leeknives.com\/de\/wp-json\/wp\/v2\/product_cat?post=11344"},{"taxonomy":"product_tag","embeddable":true,"href":"https:\/\/leeknives.com\/de\/wp-json\/wp\/v2\/product_tag?post=11344"}],"curies":[{"name":"wp","href":"https:\/\/api.w.org\/{rel}","templated":true}]}}