{"id":11347,"date":"2023-08-24T16:15:04","date_gmt":"2023-08-24T08:15:04","guid":{"rendered":"https:\/\/leeknives.com\/?post_type=product&#038;p=11347"},"modified":"2026-04-02T10:54:03","modified_gmt":"2026-04-02T02:54:03","slug":"axt-lkaxe70014","status":"publish","type":"product","link":"https:\/\/leeknives.com\/de\/products\/axe-lkaxe70014\/","title":{"rendered":"4Cr13 Afrikanisches Schwarzholzbeil LKAXE70014"},"content":{"rendered":"<h2>4Cr13 Afrikanisches Schwarzholzbeil LKAXE70014<\/h2>\n<p>Diese professionelle Axt ist f\u00fcr den Gro\u00dfhandel an Einzelh\u00e4ndler und Outdoor-Ausr\u00fcster konzipiert. Der Axtkopf aus 4Cr13-Stahl bietet eine optimale Balance aus Robustheit und Korrosionsbest\u00e4ndigkeit und eignet sich daher f\u00fcr diverse Camping- und leichte Spaltarbeiten. Der Griff aus afrikanischem Ebenholz sorgt f\u00fcr einen festen, ergonomischen Halt, der die Kontrolle verbessert und Erm\u00fcdungserscheinungen bei l\u00e4ngerem Gebrauch reduziert. Die Konstruktion legt Wert auf Langlebigkeit und Benutzersicherheit und macht die Axt somit zu einer zuverl\u00e4ssigen Wahl f\u00fcr den Gro\u00dfeinkauf durch Unternehmen, die Outdoor-Begeisterte und Profis beliefern.<\/p>\n<h3>Hauptmerkmale<\/h3>\n<ul>\n<li>Geschmiedet aus robustem 4Cr13-Stahl f\u00fcr dauerhafte Sch\u00e4rfe.<\/li>\n<li>Griff aus afrikanischem Ebenholz f\u00fcr \u00fcberlegene Griffigkeit und ansprechende Optik.<\/li>\n<li>Ausgewogenes Design f\u00fcr effektives Hacken und Spalten.<\/li>\n<li>Konzipiert f\u00fcr den robusten Au\u00dfeneinsatz und wiederholte Leistung.<\/li>\n<li>Verf\u00fcgbar f\u00fcr Gro\u00dfhandel und die Abwicklung von Gro\u00dfbestellungen.<\/li>\n<\/ul>\n<h3>Technische Daten<\/h3>\n<table>\n<tr>\n<th>Spezifikation<\/th>\n<th>Detail<\/th>\n<\/tr>\n<tr>\n<td>Modell<\/td>\n<td>LKAXE70014<\/td>\n<\/tr>\n<tr>\n<td>Kopfmaterial<\/td>\n<td>4Cr13-Stahl<\/td>\n<\/tr>\n<tr>\n<td>Griffmaterial<\/td>\n<td>Afrikanisches Schwarzholz<\/td>\n<\/tr>\n<\/table>","protected":false},"excerpt":{"rendered":"<h3>Hauptmerkmale<\/h3>\n<ul>\n<li><strong>Premium-Stahl:<\/strong> Verf\u00fcgt \u00fcber einen robusten 4Cr13-Stahlkopf f\u00fcr zuverl\u00e4ssige Schnitthaltigkeit und Leistung im Freien.<\/li>\n<li><strong>Eleganter Griff:<\/strong> Gefertigt mit einem robusten Griff aus afrikanischem Ebenholz, der dem Benutzer einen sicheren und komfortablen Halt bietet.<\/li>\n<li><strong>Bereit f\u00fcr den Gro\u00dfhandel:<\/strong> Dieses Beil eignet sich ideal f\u00fcr Gro\u00dfbestellungen und ist eine robuste Erg\u00e4nzung f\u00fcr jedes Gro\u00dfhandelssortiment an K\u00fcchen- oder Gartenwerkzeugen.<\/li>\n<\/ul>","protected":false},"featured_media":11349,"template":"","meta":{"inline_featured_image":false},"product_brand":[],"product_cat":[178],"product_tag":[],"class_list":{"0":"post-11347","1":"product","2":"type-product","3":"status-publish","4":"has-post-thumbnail","6":"product_cat-axes","7":"sales-flash-overlay","8":"woocommerce-text-align-left","9":"woocommerce-image-align-center","10":"do-quantity-buttons","12":"first","13":"instock","14":"shipping-taxable","15":"product-type-simple"},"_links":{"self":[{"href":"https:\/\/leeknives.com\/de\/wp-json\/wp\/v2\/product\/11347","targetHints":{"allow":["GET"]}}],"collection":[{"href":"https:\/\/leeknives.com\/de\/wp-json\/wp\/v2\/product"}],"about":[{"href":"https:\/\/leeknives.com\/de\/wp-json\/wp\/v2\/types\/product"}],"wp:featuredmedia":[{"embeddable":true,"href":"https:\/\/leeknives.com\/de\/wp-json\/wp\/v2\/media\/11349"}],"wp:attachment":[{"href":"https:\/\/leeknives.com\/de\/wp-json\/wp\/v2\/media?parent=11347"}],"wp:term":[{"taxonomy":"product_brand","embeddable":true,"href":"https:\/\/leeknives.com\/de\/wp-json\/wp\/v2\/product_brand?post=11347"},{"taxonomy":"product_cat","embeddable":true,"href":"https:\/\/leeknives.com\/de\/wp-json\/wp\/v2\/product_cat?post=11347"},{"taxonomy":"product_tag","embeddable":true,"href":"https:\/\/leeknives.com\/de\/wp-json\/wp\/v2\/product_tag?post=11347"}],"curies":[{"name":"wp","href":"https:\/\/api.w.org\/{rel}","templated":true}]}}