{"id":11372,"date":"2023-08-24T16:47:41","date_gmt":"2023-08-24T08:47:41","guid":{"rendered":"https:\/\/leeknives.com\/?post_type=product&#038;p=11372"},"modified":"2026-04-02T10:54:04","modified_gmt":"2026-04-02T02:54:04","slug":"axt-lkaxe70020","status":"publish","type":"product","link":"https:\/\/leeknives.com\/de\/axe-lkaxe70020\/","title":{"rendered":"9Cr18MoV Beil LKAXE70020"},"content":{"rendered":"<h2>Gro\u00dfhandel 9Cr18MoV Beil LKAXE70020 f\u00fcr Einzelh\u00e4ndler<\/h2>\n<p>Die Axt LKAXE70020 ist ein robustes Outdoor-Werkzeug f\u00fcr den Gro\u00dfhandel, das auf hohe Leistung ausgelegt ist. Ihr Axtkopf besteht aus 9Cr18MoV-Stahl und bietet eine hohe Verschlei\u00dffestigkeit und Robustheit \u2013 ideal f\u00fcr wiederholtes Hacken und Spalten in der Wildnis. Das Design legt Wert auf sicheren Halt und optimale Gewichtsverteilung, wodurch die Kraft des Benutzers in saubere und kraftvolle Schnitte umgesetzt wird. F\u00fcr Gro\u00dfh\u00e4ndler von K\u00fcchenartikeln und H\u00e4ndler von Outdoor-Ausr\u00fcstung ist dieses Modell eine zuverl\u00e4ssige Erg\u00e4nzung f\u00fcr jedes Sortiment an Campingzubeh\u00f6r und \u00dcberlebensausr\u00fcstung. Wir erm\u00f6glichen einfache Gro\u00dfbestellungen und unterst\u00fctzen Sie bei der Abwicklung von Gro\u00dfbestellungen, um Ihre Lieferkettenanforderungen zu erf\u00fcllen.<\/p>\n<h3>Hauptmerkmale<\/h3>\n<ul>\n<li>Der Kopf ist aus hochwertigem 9Cr18MoV-Legierungsstahl gefertigt.<\/li>\n<li>Optimiert f\u00fcr Camping, Bushcraft und Survival-Anwendungen.<\/li>\n<li>Die robuste Bauweise gew\u00e4hrleistet eine lange Lebensdauer f\u00fcr die Endnutzer.<\/li>\n<li>Erh\u00e4ltlich f\u00fcr den Gro\u00dfhandelskauf durch Sportartikelgesch\u00e4fte und Distributoren.<\/li>\n<\/ul>\n<h3>Technische Daten<\/h3>\n<table>\n<tr>\n<th>Spezifikation<\/th>\n<th>Detail<\/th>\n<\/tr>\n<tr>\n<td>Modell<\/td>\n<td>LKAXE70020<\/td>\n<\/tr>\n<tr>\n<td>Kopfmaterial<\/td>\n<td>9Cr18MoV-Stahl<\/td>\n<\/tr>\n<\/table>","protected":false},"excerpt":{"rendered":"<h3>Hauptmerkmale<\/h3>\n<ul>\n<li><strong>Hochleistungsklinge:<\/strong> Hergestellt aus robustem 9Cr18MoV-Stahl, bietet es zuverl\u00e4ssige Sch\u00e4rfe und St\u00e4rke.<\/li>\n<li><strong>Praktischer Nutzen:<\/strong> Eine vielseitige Axt, die f\u00fcr Camping, \u00dcberlebenssituationen und den allgemeinen Einsatz im Freien konzipiert wurde.<\/li>\n<li><strong>Gro\u00dfmengenlieferung:<\/strong> Nehmen Sie dieses zuverl\u00e4ssige Outdoor-Werkzeug \u00fcber unser Gro\u00dfhandelsprogramm f\u00fcr Einzelh\u00e4ndler in Ihr Sortiment auf.<\/li>\n<\/ul>","protected":false},"featured_media":11374,"template":"","meta":{"inline_featured_image":false},"product_brand":[],"product_cat":[178],"product_tag":[],"class_list":{"0":"post-11372","1":"product","2":"type-product","3":"status-publish","4":"has-post-thumbnail","6":"product_cat-axes","7":"sales-flash-overlay","8":"woocommerce-text-align-left","9":"woocommerce-image-align-center","10":"do-quantity-buttons","11":"wc-has-gallery","13":"first","14":"instock","15":"shipping-taxable","16":"product-type-simple"},"_links":{"self":[{"href":"https:\/\/leeknives.com\/de\/wp-json\/wp\/v2\/product\/11372","targetHints":{"allow":["GET"]}}],"collection":[{"href":"https:\/\/leeknives.com\/de\/wp-json\/wp\/v2\/product"}],"about":[{"href":"https:\/\/leeknives.com\/de\/wp-json\/wp\/v2\/types\/product"}],"wp:featuredmedia":[{"embeddable":true,"href":"https:\/\/leeknives.com\/de\/wp-json\/wp\/v2\/media\/11374"}],"wp:attachment":[{"href":"https:\/\/leeknives.com\/de\/wp-json\/wp\/v2\/media?parent=11372"}],"wp:term":[{"taxonomy":"product_brand","embeddable":true,"href":"https:\/\/leeknives.com\/de\/wp-json\/wp\/v2\/product_brand?post=11372"},{"taxonomy":"product_cat","embeddable":true,"href":"https:\/\/leeknives.com\/de\/wp-json\/wp\/v2\/product_cat?post=11372"},{"taxonomy":"product_tag","embeddable":true,"href":"https:\/\/leeknives.com\/de\/wp-json\/wp\/v2\/product_tag?post=11372"}],"curies":[{"name":"wp","href":"https:\/\/api.w.org\/{rel}","templated":true}]}}