{"id":11376,"date":"2023-08-24T16:49:30","date_gmt":"2023-08-24T08:49:30","guid":{"rendered":"https:\/\/leeknives.com\/?post_type=product&#038;p=11376"},"modified":"2026-04-02T10:54:04","modified_gmt":"2026-04-02T02:54:04","slug":"axt-lkaxe70021","status":"publish","type":"product","link":"https:\/\/leeknives.com\/de\/products\/axe-lkaxe70021\/","title":{"rendered":"9Cr18MoV Beil LKAXE70021"},"content":{"rendered":"<h2>Beil 9Cr18MoV LKAXE70021 \u2013 Werkzeug f\u00fcr den Au\u00dfenbereich (lose)<\/h2>\n<p>Die f\u00fcr den Gro\u00dfhandel entwickelte Axt LKAXE70021 bietet professionelle Qualit\u00e4t f\u00fcr Outdoor-H\u00e4ndler. Herzst\u00fcck ihrer Leistungsf\u00e4higkeit ist der Axtkopf aus 9Cr18MoV-Stahl. Dieses Material wurde aufgrund seiner F\u00e4higkeit gew\u00e4hlt, eine scharfe Schneide zu bewahren und gleichzeitig sto\u00df- und korrosionsbest\u00e4ndig zu sein. Dadurch ist die Axt ein zuverl\u00e4ssiges Werkzeug f\u00fcr Camping, Wandern und Survival-Kits. Ihr praktisches Design gew\u00e4hrleistet Effektivit\u00e4t und Sicherheit f\u00fcr den Benutzer \u2013 ein wichtiges Verkaufsargument f\u00fcr Gesch\u00e4fte, die Outdoor-Begeisterte ausstatten. Als Lieferant bieten wir dieses Modell in gro\u00dfen Mengen an und machen es damit zur idealen Wahl f\u00fcr Gro\u00dfh\u00e4ndler von K\u00fcchenartikeln und H\u00e4ndler von Outdoor-Zubeh\u00f6r, die ihr Sortiment um gefragte, robuste Werkzeuge erweitern m\u00f6chten.<\/p>\n<h3>Hauptmerkmale<\/h3>\n<ul>\n<li>Hochwertiger 9Cr18MoV-Stahl garantiert dauerhafte Sch\u00e4rfe und Langlebigkeit.<\/li>\n<li>Ideal f\u00fcr eine Reihe von Outdoor-Arbeiten, von der Brennholzaufbereitung bis zum Freir\u00e4umen von Wanderwegen.<\/li>\n<li>Entwickelt mit Fokus auf Benutzersicherheit und Kontrolle.<\/li>\n<li>Kann problemlos in gro\u00dfen Mengen f\u00fcr die Belieferung von Camping- und Outdoor-Fachgesch\u00e4ften beschafft werden.<\/li>\n<\/ul>\n<h3>Technische Daten<\/h3>\n<table>\n<tr>\n<th>Spezifikation<\/th>\n<th>Detail<\/th>\n<\/tr>\n<tr>\n<td>Modell<\/td>\n<td>LKAXE70021<\/td>\n<\/tr>\n<tr>\n<td>Kopfmaterial<\/td>\n<td>9Cr18MoV-Stahl<\/td>\n<\/tr>\n<\/table>","protected":false},"excerpt":{"rendered":"<h3>Hauptmerkmale<\/h3>\n<ul>\n<li><strong>Robuste Konstruktion:<\/strong> Verf\u00fcgt \u00fcber einen Messerkopf aus 9Cr18MoV-Stahl, der f\u00fcr seine Schnittstabilit\u00e4t und Widerstandsf\u00e4higkeit bekannt ist.<\/li>\n<li><strong>Aufgabenorientiertes Design:<\/strong> Bietet eine hervorragende Balance f\u00fcr pr\u00e4zises Hacken und Spalten bei Aktivit\u00e4ten im Freien.<\/li>\n<li><strong>Mengenrabatte:<\/strong> Wir bieten wettbewerbsf\u00e4hige Gro\u00dfhandelspreise f\u00fcr Gro\u00dfbestellungen von H\u00e4ndlern und Einzelh\u00e4ndlern an.<\/li>\n<\/ul>","protected":false},"featured_media":11379,"template":"","meta":{"inline_featured_image":false},"product_brand":[],"product_cat":[178],"product_tag":[],"class_list":{"0":"post-11376","1":"product","2":"type-product","3":"status-publish","4":"has-post-thumbnail","6":"product_cat-axes","7":"sales-flash-overlay","8":"woocommerce-text-align-left","9":"woocommerce-image-align-center","10":"do-quantity-buttons","11":"wc-has-gallery","13":"first","14":"instock","15":"shipping-taxable","16":"product-type-simple"},"_links":{"self":[{"href":"https:\/\/leeknives.com\/de\/wp-json\/wp\/v2\/product\/11376","targetHints":{"allow":["GET"]}}],"collection":[{"href":"https:\/\/leeknives.com\/de\/wp-json\/wp\/v2\/product"}],"about":[{"href":"https:\/\/leeknives.com\/de\/wp-json\/wp\/v2\/types\/product"}],"wp:featuredmedia":[{"embeddable":true,"href":"https:\/\/leeknives.com\/de\/wp-json\/wp\/v2\/media\/11379"}],"wp:attachment":[{"href":"https:\/\/leeknives.com\/de\/wp-json\/wp\/v2\/media?parent=11376"}],"wp:term":[{"taxonomy":"product_brand","embeddable":true,"href":"https:\/\/leeknives.com\/de\/wp-json\/wp\/v2\/product_brand?post=11376"},{"taxonomy":"product_cat","embeddable":true,"href":"https:\/\/leeknives.com\/de\/wp-json\/wp\/v2\/product_cat?post=11376"},{"taxonomy":"product_tag","embeddable":true,"href":"https:\/\/leeknives.com\/de\/wp-json\/wp\/v2\/product_tag?post=11376"}],"curies":[{"name":"wp","href":"https:\/\/api.w.org\/{rel}","templated":true}]}}