{"id":11875,"date":"2023-10-30T15:18:12","date_gmt":"2023-10-30T07:18:12","guid":{"rendered":"https:\/\/leeknives.com\/?post_type=product&#038;p=11875"},"modified":"2026-04-02T10:54:05","modified_gmt":"2026-04-02T02:54:05","slug":"axt-lkaxe70024-25","status":"publish","type":"product","link":"https:\/\/leeknives.com\/de\/products\/axe-lkaxe70024-25\/","title":{"rendered":"Beil LKAXE70024-25"},"content":{"rendered":"<h2>Gro\u00dfbestellung Beil LKAXE70024-25 f\u00fcr Einzelh\u00e4ndler<\/h2>\n<p>Als Teil unseres Sortiments an Outdoor-Werkzeugen f\u00fcr den Gro\u00dfhandel bieten die Beilmodelle LKAXE70024 und LKAXE70025 Einzelh\u00e4ndlern ein hochwertiges und unverzichtbares Produkt f\u00fcr ihre Kunden. Diese Beile sind auf zuverl\u00e4ssige Leistung ausgelegt und zeichnen sich durch ein Design aus, das Schneidkraft und Benutzerfreundlichkeit optimal vereint. Sie eignen sich ideal f\u00fcr Campingausr\u00fcstung, Survival-Sets oder als eigenst\u00e4ndiges Werkzeug f\u00fcr Outdoor-Begeisterte. F\u00fcr Gro\u00dfh\u00e4ndler und Distributoren im Bereich K\u00fcchen- und Outdoor-Ausr\u00fcstung bedeutet die Aufnahme dieser Modelle in ihr Sortiment, ein praktisches und gefragtes Produkt anzubieten. Wir bieten flexible Optionen f\u00fcr Gro\u00dfbestellungen und wettbewerbsf\u00e4hige Preise, damit Sie Ihren Handelspartnern stets ein umfangreiches Sortiment an langlebigem Outdoor-Zubeh\u00f6r zur Verf\u00fcgung stellen k\u00f6nnen.<\/p>\n<h3>Hauptmerkmale<\/h3>\n<ul>\n<li>Eine zuverl\u00e4ssige Konstruktion gew\u00e4hrleistet die langfristige Nutzbarkeit f\u00fcr die Endnutzer.<\/li>\n<li>Vielseitiges Werkzeug, perfekt f\u00fcr eine breite Palette von Outdoor-Aktivit\u00e4ten und -Vorbereitungen.<\/li>\n<li>Konzipiert als Standardprodukt f\u00fcr Camping- und Outdoor-Fachgesch\u00e4fte.<\/li>\n<li>Erm\u00f6glicht die einfache Beschaffung gro\u00dfer Mengen f\u00fcr eine effiziente Lieferkette.<\/li>\n<\/ul>\n<h3>Technische Daten<\/h3>\n<table>\n<tr>\n<th>Spezifikation<\/th>\n<th>Detail<\/th>\n<\/tr>\n<tr>\n<td>Modell<\/td>\n<td>LKAXE70024-25<\/td>\n<\/tr>\n<\/table>","protected":false},"excerpt":{"rendered":"<h3>Hauptmerkmale<\/h3>\n<ul>\n<li><strong>Zuverl\u00e4ssige Leistung:<\/strong> Entwickelt f\u00fcr gleichbleibende Hackleistung und Zuverl\u00e4ssigkeit im Au\u00dfeneinsatz.<\/li>\n<li><strong>Unverzichtbares Outdoor-Werkzeug:<\/strong> Ein unverzichtbarer Bestandteil von Campingausr\u00fcstung, \u00dcberlebensausr\u00fcstung und f\u00fcr den allgemeinen Outdoor-Einsatz.<\/li>\n<li><strong>Verf\u00fcgbarkeit von Gro\u00dfbestellungen:<\/strong> Angeboten \u00fcber unseren Gro\u00dfhandelskanal f\u00fcr Einzelh\u00e4ndler und Distributoren.<\/li>\n<\/ul>","protected":false},"featured_media":11862,"template":"","meta":{"inline_featured_image":false},"product_brand":[],"product_cat":[178],"product_tag":[],"class_list":{"0":"post-11875","1":"product","2":"type-product","3":"status-publish","4":"has-post-thumbnail","6":"product_cat-axes","7":"sales-flash-overlay","8":"woocommerce-text-align-left","9":"woocommerce-image-align-center","10":"do-quantity-buttons","11":"wc-has-gallery","13":"first","14":"instock","15":"shipping-taxable","16":"product-type-simple"},"_links":{"self":[{"href":"https:\/\/leeknives.com\/de\/wp-json\/wp\/v2\/product\/11875","targetHints":{"allow":["GET"]}}],"collection":[{"href":"https:\/\/leeknives.com\/de\/wp-json\/wp\/v2\/product"}],"about":[{"href":"https:\/\/leeknives.com\/de\/wp-json\/wp\/v2\/types\/product"}],"wp:featuredmedia":[{"embeddable":true,"href":"https:\/\/leeknives.com\/de\/wp-json\/wp\/v2\/media\/11862"}],"wp:attachment":[{"href":"https:\/\/leeknives.com\/de\/wp-json\/wp\/v2\/media?parent=11875"}],"wp:term":[{"taxonomy":"product_brand","embeddable":true,"href":"https:\/\/leeknives.com\/de\/wp-json\/wp\/v2\/product_brand?post=11875"},{"taxonomy":"product_cat","embeddable":true,"href":"https:\/\/leeknives.com\/de\/wp-json\/wp\/v2\/product_cat?post=11875"},{"taxonomy":"product_tag","embeddable":true,"href":"https:\/\/leeknives.com\/de\/wp-json\/wp\/v2\/product_tag?post=11875"}],"curies":[{"name":"wp","href":"https:\/\/api.w.org\/{rel}","templated":true}]}}