{"id":13086,"date":"2024-01-16T14:00:58","date_gmt":"2024-01-16T06:00:58","guid":{"rendered":"https:\/\/leeknives.com\/?post_type=product&#038;p=13086"},"modified":"2026-04-02T10:54:06","modified_gmt":"2026-04-02T02:54:06","slug":"axt-lkaxe70028","status":"publish","type":"product","link":"https:\/\/leeknives.com\/de\/products\/axe-lkaxe70028\/","title":{"rendered":"65Mn Buchen-Hacke LKAXE70028"},"content":{"rendered":"<h2>65Mn Beech Axchet LKAXE70028<\/h2>\n<p>Diese Axt aus 65Mn-Buchenholz, Modell LKAXE70028, ist f\u00fcr den Gro\u00dfhandel an Unternehmen im Bereich Outdoor- und Eisenwarenhandel konzipiert. Der Axtkopf aus 65Mn-Stahl bietet zuverl\u00e4ssige Leistung beim Camping, bei Gartenarbeiten und leichten Holzbearbeitungsarbeiten und zeichnet sich durch Langlebigkeit aus. Der Buchenholzgriff liegt dank seiner guten Ergonomie klassisch und robust in der Hand und erm\u00f6glicht eine einfache Handhabung. Als Gro\u00dfhandelsprodukt bietet sie ein hervorragendes Preis-Leistungs-Verh\u00e4ltnis und Zuverl\u00e4ssigkeit f\u00fcr gro\u00dfe Lagerbest\u00e4nde, sodass Einzelh\u00e4ndler die Nachfrage nach diesem unverzichtbaren Outdoor-Werkzeug decken k\u00f6nnen. Die hochwertige Verarbeitung tr\u00e4gt zu langfristigen Gesch\u00e4ftsbeziehungen und Kundenzufriedenheit bei.<\/p>\n<h3>Hauptmerkmale<\/h3>\n<ul>\n<li>Der Kopf ist aus robustem 65Mn-Stahl geschmiedet, um die Schnitthaltigkeit zu gew\u00e4hrleisten.<\/li>\n<li>Griff aus Buchenholz f\u00fcr einen festen und bequemen Halt.<\/li>\n<li>Ausgewogene Gewichtsverteilung f\u00fcr effizientes Zerkleinern.<\/li>\n<li>Ideal f\u00fcr Gro\u00dfbestellungen an Einzelh\u00e4ndler.<\/li>\n<\/ul>\n<h3>Technische Daten<\/h3>\n<table>\n<tr>\n<th>Spezifikation<\/th>\n<th>Detail<\/th>\n<\/tr>\n<tr>\n<td>Modell<\/td>\n<td>LKAXE70028<\/td>\n<\/tr>\n<tr>\n<td>Kopfmaterial<\/td>\n<td>65Mn Stahl<\/td>\n<\/tr>\n<tr>\n<td>Griffmaterial<\/td>\n<td>Buchenholz<\/td>\n<\/tr>\n<\/table>","protected":false},"excerpt":{"rendered":"<h3>Hauptmerkmale<\/h3>\n<ul>\n<li><strong>Langlebige Klinge:<\/strong> Hergestellt aus 65Mn-Stahl, bietet es eine starke und langlebige Schneide f\u00fcr Arbeiten im Freien.<\/li>\n<li><strong>Robuster Griff:<\/strong> Ausgestattet mit einem Griff aus Buchenholz, das f\u00fcr seine St\u00e4rke und seine F\u00e4higkeit, St\u00f6\u00dfe w\u00e4hrend des Gebrauchs zu absorbieren, bekannt ist.<\/li>\n<li><strong>Gro\u00dfbestellungen:<\/strong> Wird in gro\u00dfen Mengen geliefert und ist daher ein effizienter Lagerartikel f\u00fcr K\u00fcchen- und Outdoor-H\u00e4ndler.<\/li>\n<\/ul>","protected":false},"featured_media":13088,"template":"","meta":{"inline_featured_image":false},"product_brand":[],"product_cat":[178],"product_tag":[],"class_list":{"0":"post-13086","1":"product","2":"type-product","3":"status-publish","4":"has-post-thumbnail","6":"product_cat-axes","7":"sales-flash-overlay","8":"woocommerce-text-align-left","9":"woocommerce-image-align-center","10":"do-quantity-buttons","11":"wc-has-gallery","13":"first","14":"instock","15":"shipping-taxable","16":"product-type-simple"},"_links":{"self":[{"href":"https:\/\/leeknives.com\/de\/wp-json\/wp\/v2\/product\/13086","targetHints":{"allow":["GET"]}}],"collection":[{"href":"https:\/\/leeknives.com\/de\/wp-json\/wp\/v2\/product"}],"about":[{"href":"https:\/\/leeknives.com\/de\/wp-json\/wp\/v2\/types\/product"}],"wp:featuredmedia":[{"embeddable":true,"href":"https:\/\/leeknives.com\/de\/wp-json\/wp\/v2\/media\/13088"}],"wp:attachment":[{"href":"https:\/\/leeknives.com\/de\/wp-json\/wp\/v2\/media?parent=13086"}],"wp:term":[{"taxonomy":"product_brand","embeddable":true,"href":"https:\/\/leeknives.com\/de\/wp-json\/wp\/v2\/product_brand?post=13086"},{"taxonomy":"product_cat","embeddable":true,"href":"https:\/\/leeknives.com\/de\/wp-json\/wp\/v2\/product_cat?post=13086"},{"taxonomy":"product_tag","embeddable":true,"href":"https:\/\/leeknives.com\/de\/wp-json\/wp\/v2\/product_tag?post=13086"}],"curies":[{"name":"wp","href":"https:\/\/api.w.org\/{rel}","templated":true}]}}