{"id":13113,"date":"2024-01-16T14:17:19","date_gmt":"2024-01-16T06:17:19","guid":{"rendered":"https:\/\/leeknives.com\/?post_type=product&#038;p=13113"},"modified":"2026-04-02T10:54:08","modified_gmt":"2026-04-02T02:54:08","slug":"axt-lkaxe70031","status":"publish","type":"product","link":"https:\/\/leeknives.com\/de\/products\/axe-lkaxe70031\/","title":{"rendered":"65Mn Buchenaxt LKAXE70031"},"content":{"rendered":"<h2>Campingaxt aus 65Mn-Stahl mit Buchenholzgriff<\/h2>\n<p>Diese professionelle Campingaxt ist f\u00fcr den anspruchsvollen Outdoor-Einsatz konzipiert und eine hervorragende Erg\u00e4nzung f\u00fcr jedes Outdoor-Werkzeugsortiment im Gro\u00dfhandel. Der Axtkopf ist aus robustem 65Mn-Stahl geschmiedet, der f\u00fcr seine Z\u00e4higkeit und seine F\u00e4higkeit bekannt ist, auch bei intensivem Spalten und Hacken seine scharfe Schneide zu behalten. Zusammen mit dem stabilen Buchenholzstiel bietet sie einen ausgewogenen Schwung und zuverl\u00e4ssige Kontrolle. Dieses Modell wurde speziell f\u00fcr Einzelh\u00e4ndler und Gro\u00dfh\u00e4ndler entwickelt und bietet die Langlebigkeit und Leistung, die Endverbraucher von einem zuverl\u00e4ssigen Camping- oder Bushcraft-Werkzeug erwarten \u2013 eine ideale Wahl f\u00fcr den Gro\u00dfeinkauf.<\/p>\n<h3>Hauptmerkmale<\/h3>\n<ul>\n<li>Geschmiedeter Kopf aus 65Mn-Stahl f\u00fcr maximale Haltbarkeit und Schnitthaltigkeit.<\/li>\n<li>Der robuste Griff aus Buchenholz sorgt f\u00fcr einen festen und bequemen Halt.<\/li>\n<li>Ausgewogenes Design f\u00fcr effizientes Zerkleinern und Spalten.<\/li>\n<li>Entwickelt, um h\u00e4rtesten Bedingungen im Freien und in \u00dcberlebenssituationen standzuhalten.<\/li>\n<li>Verf\u00fcgbar f\u00fcr Gro\u00dfhandels- und Sammelbestellungen zur Belieferung von Einzelh\u00e4ndlern.<\/li>\n<\/ul>\n<h3>Technische Daten<\/h3>\n<table>\n<tr>\n<th>Spezifikation<\/th>\n<th>Detail<\/th>\n<\/tr>\n<tr>\n<td>Kopfmaterial<\/td>\n<td>65Mn Stahl<\/td>\n<\/tr>\n<tr>\n<td>Griffmaterial<\/td>\n<td>Buchenholz<\/td>\n<\/tr>\n<tr>\n<td>Modell<\/td>\n<td>LKAXE70031<\/td>\n<\/tr>\n<\/table>","protected":false},"excerpt":{"rendered":"<h3>Hauptmerkmale<\/h3>\n<ul>\n<li><strong>Hochwertiges Kopfmaterial:<\/strong> Geschmiedet aus robustem 65Mn-Stahl f\u00fcr \u00fcberlegene Schnitthaltigkeit und Schlagfestigkeit.<\/li>\n<li><strong>Ergonomischer Griff:<\/strong> Gefertigt aus robustem Buchenholz, bietet es einen sicheren und bequemen Griff f\u00fcr l\u00e4ngere Nutzung.<\/li>\n<li><strong>Bereit f\u00fcr den Gro\u00dfhandel:<\/strong> Ideal f\u00fcr Gro\u00dfbestellungen, bietet es zuverl\u00e4ssige Outdoor-\u00c4xte f\u00fcr Ihren Einzelhandels- oder Vertriebsbestand.<\/li>\n<\/ul>","protected":false},"featured_media":13115,"template":"","meta":{"inline_featured_image":false},"product_brand":[],"product_cat":[178],"product_tag":[],"class_list":{"0":"post-13113","1":"product","2":"type-product","3":"status-publish","4":"has-post-thumbnail","6":"product_cat-axes","7":"sales-flash-overlay","8":"woocommerce-text-align-left","9":"woocommerce-image-align-center","10":"do-quantity-buttons","11":"wc-has-gallery","13":"first","14":"instock","15":"shipping-taxable","16":"product-type-simple"},"_links":{"self":[{"href":"https:\/\/leeknives.com\/de\/wp-json\/wp\/v2\/product\/13113","targetHints":{"allow":["GET"]}}],"collection":[{"href":"https:\/\/leeknives.com\/de\/wp-json\/wp\/v2\/product"}],"about":[{"href":"https:\/\/leeknives.com\/de\/wp-json\/wp\/v2\/types\/product"}],"wp:featuredmedia":[{"embeddable":true,"href":"https:\/\/leeknives.com\/de\/wp-json\/wp\/v2\/media\/13115"}],"wp:attachment":[{"href":"https:\/\/leeknives.com\/de\/wp-json\/wp\/v2\/media?parent=13113"}],"wp:term":[{"taxonomy":"product_brand","embeddable":true,"href":"https:\/\/leeknives.com\/de\/wp-json\/wp\/v2\/product_brand?post=13113"},{"taxonomy":"product_cat","embeddable":true,"href":"https:\/\/leeknives.com\/de\/wp-json\/wp\/v2\/product_cat?post=13113"},{"taxonomy":"product_tag","embeddable":true,"href":"https:\/\/leeknives.com\/de\/wp-json\/wp\/v2\/product_tag?post=13113"}],"curies":[{"name":"wp","href":"https:\/\/api.w.org\/{rel}","templated":true}]}}