{"id":14247,"date":"2024-02-26T17:23:52","date_gmt":"2024-02-26T09:23:52","guid":{"rendered":"https:\/\/leeknives.com\/?post_type=product&#038;p=14247"},"modified":"2026-04-02T10:54:08","modified_gmt":"2026-04-02T02:54:08","slug":"axt-lkaxe70033","status":"publish","type":"product","link":"https:\/\/leeknives.com\/de\/axe-lkaxe70033\/","title":{"rendered":"1055 Hickory-Holz-Hacke LKAXE70033"},"content":{"rendered":"<h2>Beil aus 1055er Kohlenstoffstahl mit Griff aus Hickoryholz<\/h2>\n<p>Diese Axt wurde f\u00fcr Leistung und Langlebigkeit entwickelt und ist daher ideal f\u00fcr den Gro\u00dfhandel mit Outdoor-Werkzeugen. Der Axtkopf besteht aus 1055er Kohlenstoffstahl, einem Material, das aufgrund seiner optimalen Balance aus H\u00e4rte und Z\u00e4higkeit gew\u00e4hlt wurde. Dadurch eignet es sich hervorragend zum Hacken und Spalten und ist gleichzeitig pflegeleicht. Der robuste Stiel aus Hickoryholz ist bekannt f\u00fcr seine Sto\u00dffestigkeit und lange Lebensdauer. Diese Kombination ergibt ein zuverl\u00e4ssiges Werkzeug f\u00fcr den anspruchsvollen Outdoor-Einsatz, von Bushcraft bis zur Instandhaltung von Campingpl\u00e4tzen. H\u00e4ndler und Distributoren k\u00f6nnen diese langlebige Axt in gro\u00dfen Mengen beziehen, um die Nachfrage des Outdoor-Ausr\u00fcstungsmarktes zu decken.<\/p>\n<h3>Hauptmerkmale<\/h3>\n<ul>\n<li>Der Kopf aus 1055 Kohlenstoffstahl gew\u00e4hrleistet eine langlebige, scharfe Schneide.<\/li>\n<li>Der sto\u00dfd\u00e4mpfende Griff aus Hickoryholz verbessert die Kontrolle und reduziert die Erm\u00fcdung.<\/li>\n<li>Robuste Konstruktion, ausgelegt f\u00fcr anspruchsvolle Spalt- und Hackarbeiten.<\/li>\n<li>Ein praktisches und zuverl\u00e4ssiges Werkzeug f\u00fcr Camping, \u00dcberlebenstraining und Arbeiten im Freien.<\/li>\n<li>Ideal f\u00fcr den Gro\u00dfeinkauf durch Lieferanten und Einzelh\u00e4ndler von Outdoor-Ausr\u00fcstung.<\/li>\n<\/ul>\n<h3>Technische Daten<\/h3>\n<table>\n<tr>\n<th>Spezifikation<\/th>\n<th>Detail<\/th>\n<\/tr>\n<tr>\n<td>Kopfmaterial<\/td>\n<td>1055 Kohlenstoffstahl<\/td>\n<\/tr>\n<tr>\n<td>Griffmaterial<\/td>\n<td>Hickory-Holz<\/td>\n<\/tr>\n<tr>\n<td>Modell<\/td>\n<td>LKAXE70033<\/td>\n<\/tr>\n<\/table>","protected":false},"excerpt":{"rendered":"<h3>Hauptmerkmale<\/h3>\n<ul>\n<li><strong>Kopf aus hochkohlenstoffhaltigem Stahl:<\/strong> Geschmiedet aus 1055er Kohlenstoffstahl f\u00fcr hervorragende H\u00e4rte und einfaches Sch\u00e4rfen.<\/li>\n<li><strong>Robuster Griff aus Hickoryholz:<\/strong> Vereint die Robustheit von Hickoryholz mit einer komfortablen, ergonomischen Form f\u00fcr sicheren Halt.<\/li>\n<li><strong>Verf\u00fcgbarkeit im Gro\u00dfhandel:<\/strong> Halten Sie diese Hochleistungs-Outdoor-Axt in gro\u00dfen Mengen f\u00fcr Ihr Einzelhandels- oder Vertriebsunternehmen bereit.<\/li>\n<\/ul>","protected":false},"featured_media":14259,"template":"","meta":{"inline_featured_image":false},"product_brand":[],"product_cat":[178],"product_tag":[],"class_list":{"0":"post-14247","1":"product","2":"type-product","3":"status-publish","4":"has-post-thumbnail","6":"product_cat-axes","7":"sales-flash-overlay","8":"woocommerce-text-align-left","9":"woocommerce-image-align-center","10":"do-quantity-buttons","11":"wc-has-gallery","13":"first","14":"instock","15":"shipping-taxable","16":"product-type-simple"},"_links":{"self":[{"href":"https:\/\/leeknives.com\/de\/wp-json\/wp\/v2\/product\/14247","targetHints":{"allow":["GET"]}}],"collection":[{"href":"https:\/\/leeknives.com\/de\/wp-json\/wp\/v2\/product"}],"about":[{"href":"https:\/\/leeknives.com\/de\/wp-json\/wp\/v2\/types\/product"}],"wp:featuredmedia":[{"embeddable":true,"href":"https:\/\/leeknives.com\/de\/wp-json\/wp\/v2\/media\/14259"}],"wp:attachment":[{"href":"https:\/\/leeknives.com\/de\/wp-json\/wp\/v2\/media?parent=14247"}],"wp:term":[{"taxonomy":"product_brand","embeddable":true,"href":"https:\/\/leeknives.com\/de\/wp-json\/wp\/v2\/product_brand?post=14247"},{"taxonomy":"product_cat","embeddable":true,"href":"https:\/\/leeknives.com\/de\/wp-json\/wp\/v2\/product_cat?post=14247"},{"taxonomy":"product_tag","embeddable":true,"href":"https:\/\/leeknives.com\/de\/wp-json\/wp\/v2\/product_tag?post=14247"}],"curies":[{"name":"wp","href":"https:\/\/api.w.org\/{rel}","templated":true}]}}