{"id":14261,"date":"2024-02-26T17:26:22","date_gmt":"2024-02-26T09:26:22","guid":{"rendered":"https:\/\/leeknives.com\/?post_type=product&#038;p=14261"},"modified":"2026-04-02T10:54:09","modified_gmt":"2026-04-02T02:54:09","slug":"axt-lkaxe70034-35","status":"publish","type":"product","link":"https:\/\/leeknives.com\/de\/products\/axe-lkaxe70034-35\/","title":{"rendered":"Hickory-Holz-Hacke LKAXE70034-35"},"content":{"rendered":"<h2>Campingaxt mit Griff aus Hickoryholz (Serie LKAXE70034-35)<\/h2>\n<p>Diese Camping\u00e4xte bieten Gro\u00dfh\u00e4ndlern ein zuverl\u00e4ssiges und vielseitiges Werkzeug f\u00fcr den Outdoor-Bereich mit einem hochwertigen Griff aus Hickoryholz. Hickoryholz zeichnet sich durch seine St\u00e4rke, Flexibilit\u00e4t und nat\u00fcrliche Sto\u00dfd\u00e4mpfung aus und sorgt so f\u00fcr mehr Sicherheit und Komfort in der Handhabung. Die Beile eignen sich ideal f\u00fcr praktische Aufgaben im Freien wie Brennholzverarbeitung, Rodung und allgemeine Arbeiten auf dem Campingplatz. Dank ihrer robusten Konstruktion sind sie auch bei starker Beanspruchung langlebig und somit eine wertvolle Erg\u00e4nzung f\u00fcr jedes Sortiment an Outdoor-Zubeh\u00f6r und -Werkzeugen von Einzelh\u00e4ndlern und Gro\u00dfh\u00e4ndlern. Sie sind auch in gro\u00dfen Mengen bestellbar.<\/p>\n<h3>Hauptmerkmale<\/h3>\n<ul>\n<li>Der robuste Griff aus Hickoryholz sorgt f\u00fcr sicheren Halt und hervorragende Sto\u00dfd\u00e4mpfung.<\/li>\n<li>Funktionales Beildesign, ideal f\u00fcr Camping, Wandern und Outdoor-Ausr\u00fcstung.<\/li>\n<li>Der geschmiedete Stahlkopf gew\u00e4hrleistet zuverl\u00e4ssiges Hacken und Spalten.<\/li>\n<li>Entwickelt mit Blick auf Langlebigkeit f\u00fcr langfristige Leistungsf\u00e4higkeit unter Au\u00dfenbedingungen.<\/li>\n<li>Erh\u00e4ltlich im Gro\u00dfhandel zur Belieferung von Outdoor- und Eisenwarenh\u00e4ndlern.<\/li>\n<\/ul>\n<h3>Technische Daten<\/h3>\n<table>\n<tr>\n<th>Spezifikation<\/th>\n<th>Detail<\/th>\n<\/tr>\n<tr>\n<td>Griffmaterial<\/td>\n<td>Hickory-Holz<\/td>\n<\/tr>\n<tr>\n<td>Modellreihe<\/td>\n<td>LKAXE70034-35<\/td>\n<\/tr>\n<\/table>","protected":false},"excerpt":{"rendered":"<h3>Hauptmerkmale<\/h3>\n<ul>\n<li><strong>Hochwertige Hickory-Konstruktion:<\/strong> Mit einem Griff aus massivem Hickoryholz f\u00fcr au\u00dfergew\u00f6hnliche Haltbarkeit und Griffigkeit.<\/li>\n<li><strong>Vielseitiges Outdoor-Werkzeug:<\/strong> Eine zuverl\u00e4ssige Axt, geeignet f\u00fcr eine breite Palette von Camping-, Wander- und \u00dcberlebensanwendungen.<\/li>\n<li><strong>L\u00f6sung f\u00fcr die Gro\u00dfversorgung:<\/strong> Ein gleichbleibend hochwertiges Produkt, das Gro\u00dfh\u00e4ndler in gro\u00dfen Mengen f\u00fcr den Wiederverkauf lagern k\u00f6nnen.<\/li>\n<\/ul>","protected":false},"featured_media":14257,"template":"","meta":{"inline_featured_image":false},"product_brand":[],"product_cat":[178],"product_tag":[],"class_list":{"0":"post-14261","1":"product","2":"type-product","3":"status-publish","4":"has-post-thumbnail","6":"product_cat-axes","7":"sales-flash-overlay","8":"woocommerce-text-align-left","9":"woocommerce-image-align-center","10":"do-quantity-buttons","11":"wc-has-gallery","13":"first","14":"instock","15":"shipping-taxable","16":"product-type-simple"},"_links":{"self":[{"href":"https:\/\/leeknives.com\/de\/wp-json\/wp\/v2\/product\/14261","targetHints":{"allow":["GET"]}}],"collection":[{"href":"https:\/\/leeknives.com\/de\/wp-json\/wp\/v2\/product"}],"about":[{"href":"https:\/\/leeknives.com\/de\/wp-json\/wp\/v2\/types\/product"}],"wp:featuredmedia":[{"embeddable":true,"href":"https:\/\/leeknives.com\/de\/wp-json\/wp\/v2\/media\/14257"}],"wp:attachment":[{"href":"https:\/\/leeknives.com\/de\/wp-json\/wp\/v2\/media?parent=14261"}],"wp:term":[{"taxonomy":"product_brand","embeddable":true,"href":"https:\/\/leeknives.com\/de\/wp-json\/wp\/v2\/product_brand?post=14261"},{"taxonomy":"product_cat","embeddable":true,"href":"https:\/\/leeknives.com\/de\/wp-json\/wp\/v2\/product_cat?post=14261"},{"taxonomy":"product_tag","embeddable":true,"href":"https:\/\/leeknives.com\/de\/wp-json\/wp\/v2\/product_tag?post=14261"}],"curies":[{"name":"wp","href":"https:\/\/api.w.org\/{rel}","templated":true}]}}