{"id":14262,"date":"2024-02-26T17:28:30","date_gmt":"2024-02-26T09:28:30","guid":{"rendered":"https:\/\/leeknives.com\/?post_type=product&#038;p=14262"},"modified":"2026-04-02T10:54:09","modified_gmt":"2026-04-02T02:54:09","slug":"axt-lkaxe70036-40","status":"publish","type":"product","link":"https:\/\/leeknives.com\/de\/products\/axe-lkaxe70036-40\/","title":{"rendered":"1055 Hickory-Holz-Hacke LKAXE70036-40"},"content":{"rendered":"<h2>Beil aus Kohlenstoffstahl 1055 mit Griff aus Hickoryholz (Serie LKAXE70036-40)<\/h2>\n<p>Diese speziell f\u00fcr den Gro\u00dfhandel entwickelte Axtserie vereint leistungsstarke Materialien mit praktischem Design. Der Axtkopf besteht aus 1055er Kohlenstoffstahl, einer Stahlsorte, die f\u00fcr ihre zuverl\u00e4ssige H\u00e4rte und Pflegeleichtigkeit bekannt ist und sich daher ideal f\u00fcr anspruchsvolle Outdoor-Schneidwerkzeuge eignet. Er ist fest mit einem Stiel aus hochwertigem Hickoryholz verbunden, der f\u00fcr zus\u00e4tzliche Stabilit\u00e4t, Flexibilit\u00e4t und optimale Sto\u00dfd\u00e4mpfung beim Gebrauch sorgt. Diese Kombination ergibt eine ebenso effektive wie langlebige Axt, die sich perfekt f\u00fcr Camping, Survival und allgemeine Outdoor-Aktivit\u00e4ten eignet. F\u00fcr Unternehmen bietet diese Serie eine gleichbleibend hochwertige Produktlinie, ideal f\u00fcr den Gro\u00dfeinkauf und die Belieferung des Outdoor-Ausr\u00fcstungshandels.<\/p>\n<h3>Hauptmerkmale<\/h3>\n<ul>\n<li>Der Schneidkopf aus 1055er Kohlenstoffstahl bietet eine robuste, scharfe Schneide f\u00fcr effizientes Hacken.<\/li>\n<li>Der robuste Griff aus Hickoryholz sorgt f\u00fcr einen bequemen Halt und reduziert Vibrationen.<\/li>\n<li>Ausgewogenes Design, geeignet f\u00fcr eine Vielzahl von Outdoor- und taktischen Anwendungen.<\/li>\n<li>Robuste Konstruktion, die f\u00fcr den Einsatz in anspruchsvollen Umgebungen ausgelegt ist.<\/li>\n<li>Eine ausgezeichnete Wahl f\u00fcr Gro\u00dfbestellungen an Einzelh\u00e4ndler f\u00fcr Outdoor-Ausr\u00fcstung.<\/li>\n<\/ul>\n<h3>Technische Daten<\/h3>\n<table>\n<tr>\n<th>Spezifikation<\/th>\n<th>Detail<\/th>\n<\/tr>\n<tr>\n<td>Kopfmaterial<\/td>\n<td>1055 Kohlenstoffstahl<\/td>\n<\/tr>\n<tr>\n<td>Griffmaterial<\/td>\n<td>Hickory-Holz<\/td>\n<\/tr>\n<tr>\n<td>Modellreihe<\/td>\n<td>LKAXE70036-40<\/td>\n<\/tr>\n<\/table>","protected":false},"excerpt":{"rendered":"<h3>Hauptmerkmale<\/h3>\n<ul>\n<li><strong>Hochleistungsstahl:<\/strong> Verf\u00fcgt \u00fcber einen aus 1055 Kohlenstoffstahl geschmiedeten Kopf, der eine hervorragende Schnitthaltigkeit und Langlebigkeit bietet.<\/li>\n<li><strong>Bew\u00e4hrter Griff aus Hickoryholz:<\/strong> Ausgestattet mit einem robusten Griff aus Hickoryholz f\u00fcr ein ausgewogenes, sto\u00dffestes Werkzeug.<\/li>\n<li><strong>Skalierbare Gro\u00dfhandelsoption:<\/strong> Diese Serie eignet sich perfekt f\u00fcr gro\u00dfe Sammelbestellungen an Lagervertriebe und Outdoor-Einzelh\u00e4ndler.<\/li>\n<\/ul>","protected":false},"featured_media":14227,"template":"","meta":{"inline_featured_image":false},"product_brand":[],"product_cat":[178],"product_tag":[],"class_list":{"0":"post-14262","1":"product","2":"type-product","3":"status-publish","4":"has-post-thumbnail","6":"product_cat-axes","7":"sales-flash-overlay","8":"woocommerce-text-align-left","9":"woocommerce-image-align-center","10":"do-quantity-buttons","11":"wc-has-gallery","13":"first","14":"instock","15":"shipping-taxable","16":"product-type-simple"},"_links":{"self":[{"href":"https:\/\/leeknives.com\/de\/wp-json\/wp\/v2\/product\/14262","targetHints":{"allow":["GET"]}}],"collection":[{"href":"https:\/\/leeknives.com\/de\/wp-json\/wp\/v2\/product"}],"about":[{"href":"https:\/\/leeknives.com\/de\/wp-json\/wp\/v2\/types\/product"}],"wp:featuredmedia":[{"embeddable":true,"href":"https:\/\/leeknives.com\/de\/wp-json\/wp\/v2\/media\/14227"}],"wp:attachment":[{"href":"https:\/\/leeknives.com\/de\/wp-json\/wp\/v2\/media?parent=14262"}],"wp:term":[{"taxonomy":"product_brand","embeddable":true,"href":"https:\/\/leeknives.com\/de\/wp-json\/wp\/v2\/product_brand?post=14262"},{"taxonomy":"product_cat","embeddable":true,"href":"https:\/\/leeknives.com\/de\/wp-json\/wp\/v2\/product_cat?post=14262"},{"taxonomy":"product_tag","embeddable":true,"href":"https:\/\/leeknives.com\/de\/wp-json\/wp\/v2\/product_tag?post=14262"}],"curies":[{"name":"wp","href":"https:\/\/api.w.org\/{rel}","templated":true}]}}