{"id":1450,"date":"2022-05-24T16:11:44","date_gmt":"2022-05-24T08:11:44","guid":{"rendered":"https:\/\/leeknives.com\/product\/hoodie-with-logo-2\/"},"modified":"2024-09-15T17:08:53","modified_gmt":"2024-09-15T09:08:53","slug":"chinesisches-gemusebeil-lkcvc10001","status":"publish","type":"product","link":"https:\/\/leeknives.com\/de\/products\/chinese-vegetable-cleaver-lkcvc10001\/","title":{"rendered":"5Cr15MoV Palisander Chinesisches Gem\u00fcsebeil 172 mm LKCVC10001"},"content":{"rendered":"","protected":false},"excerpt":{"rendered":"<h3>Hauptmerkmale<\/h3>\n<ul>\n<li>Hochbest\u00e4ndiger Edelstahl. H\u00e4lt Besch\u00e4digungen und Vernachl\u00e4ssigung gut stand.<\/li>\n<li>Ein Allesk\u00f6nner. Das traditionelle chinesische Gem\u00fcsebeil eignet sich gut f\u00fcr die Zubereitung aller Arten von Grundzutaten in der K\u00fcche.<\/li>\n<li>Kein Kropf zwischen dem Palisandergriff und der Klinge. Bietet volle Kontrolle w\u00e4hrend Ihrer Schneidsitzungen.<\/li>\n<\/ul>\n<h3>Gut f\u00fcr<\/h3>\n<p>Fleisch, Fisch, Gem\u00fcse, Obst, Kr\u00e4uter<\/p>","protected":false},"featured_media":7484,"template":"","meta":{"inline_featured_image":false},"product_brand":[],"product_cat":[79],"product_tag":[],"class_list":{"0":"post-1450","1":"product","2":"type-product","3":"status-publish","4":"has-post-thumbnail","6":"product_cat-slicers","7":"pa_blade-material-5cr15mov","8":"sales-flash-overlay","9":"woocommerce-text-align-left","10":"woocommerce-image-align-center","11":"do-quantity-buttons","13":"first","14":"instock","15":"shipping-taxable","16":"product-type-simple"},"_links":{"self":[{"href":"https:\/\/leeknives.com\/de\/wp-json\/wp\/v2\/product\/1450","targetHints":{"allow":["GET"]}}],"collection":[{"href":"https:\/\/leeknives.com\/de\/wp-json\/wp\/v2\/product"}],"about":[{"href":"https:\/\/leeknives.com\/de\/wp-json\/wp\/v2\/types\/product"}],"wp:featuredmedia":[{"embeddable":true,"href":"https:\/\/leeknives.com\/de\/wp-json\/wp\/v2\/media\/7484"}],"wp:attachment":[{"href":"https:\/\/leeknives.com\/de\/wp-json\/wp\/v2\/media?parent=1450"}],"wp:term":[{"taxonomy":"product_brand","embeddable":true,"href":"https:\/\/leeknives.com\/de\/wp-json\/wp\/v2\/product_brand?post=1450"},{"taxonomy":"product_cat","embeddable":true,"href":"https:\/\/leeknives.com\/de\/wp-json\/wp\/v2\/product_cat?post=1450"},{"taxonomy":"product_tag","embeddable":true,"href":"https:\/\/leeknives.com\/de\/wp-json\/wp\/v2\/product_tag?post=1450"}],"curies":[{"name":"wp","href":"https:\/\/api.w.org\/{rel}","templated":true}]}}