{"id":14939,"date":"2024-04-07T14:28:36","date_gmt":"2024-04-07T06:28:36","guid":{"rendered":"https:\/\/leeknives.com\/?post_type=product&#038;p=14939"},"modified":"2026-04-02T10:54:10","modified_gmt":"2026-04-02T02:54:10","slug":"axt-lkaxe70041","status":"publish","type":"product","link":"https:\/\/leeknives.com\/de\/products\/axe-lkaxe70041\/","title":{"rendered":"65Mn Buchen-Hacke LKAXE70041"},"content":{"rendered":"<h2>65Mn Axt aus Buchenholz f\u00fcr zuverl\u00e4ssige Leistung<\/h2>\n<p>Diese f\u00fcr den anspruchsvollen Au\u00dfeneinsatz konzipierte Axt erf\u00fcllt die Bed\u00fcrfnisse von professionellen H\u00e4ndlern und deren Kunden. Der Axtkopf besteht aus 65Mn-Federstahl, einem Material, das f\u00fcr seine hohe Z\u00e4higkeit und hervorragende Formbest\u00e4ndigkeit bekannt ist und sich daher ideal zum Spalten und Hacken eignet. Zusammen mit dem robusten Buchenholzgriff bietet sie auch bei l\u00e4ngerem Gebrauch ein zuverl\u00e4ssiges und komfortables Benutzererlebnis. Dieses Modell ist eine praktische Wahl f\u00fcr Gro\u00dfh\u00e4ndler, die langlebige Outdoor-Werkzeuge in ihr Sortiment aufnehmen m\u00f6chten. Dank ihres einfachen und effektiven Designs ist sie in verschiedenen Outdoor-Situationen zuverl\u00e4ssig einsetzbar \u2013 von Gartenarbeiten bis hin zu Campingausfl\u00fcgen.<\/p>\n<h3>Hauptmerkmale<\/h3>\n<ul>\n<li>Der Kopf aus 65Mn-Federstahl bietet au\u00dfergew\u00f6hnliche Festigkeit und Sto\u00dfd\u00e4mpfung.<\/li>\n<li>Der robuste Griff aus Buchenholz gew\u00e4hrleistet einen festen und zuverl\u00e4ssigen Halt.<\/li>\n<li>Entwickelt f\u00fcr effektives Hacken und Spalten.<\/li>\n<li>Ein robustes Werkzeug, das f\u00fcr den langfristigen Einsatz im Freien konzipiert wurde.<\/li>\n<li>Verf\u00fcgbar f\u00fcr Gro\u00dfbestellungen zur Belieferung von Einzelh\u00e4ndlern und Vertriebsh\u00e4ndlern.<\/li>\n<\/ul>\n<h3>Technische Daten<\/h3>\n<table>\n<tr>\n<th>Spezifikation<\/th>\n<th>Detail<\/th>\n<\/tr>\n<tr>\n<td>Kopfmaterial<\/td>\n<td>65Mn Federstahl<\/td>\n<\/tr>\n<tr>\n<td>Griffmaterial<\/td>\n<td>Buchenholz<\/td>\n<\/tr>\n<tr>\n<td>Produktcode<\/td>\n<td>LKAXE70041<\/td>\n<\/tr>\n<\/table>","protected":false},"excerpt":{"rendered":"<h3>Hauptmerkmale<\/h3>\n<ul>\n<li><strong>Robuste Konstruktion:<\/strong> Kopf aus robustem 65Mn-Federstahl f\u00fcr \u00fcberlegene Sto\u00dffestigkeit.<\/li>\n<li><strong>Robuster Griff:<\/strong> Verf\u00fcgt \u00fcber einen Griff aus massivem Buchenholz, der f\u00fcr seine Langlebigkeit und Griffigkeit bekannt ist.<\/li>\n<li><strong>Gro\u00dfmengenlieferung:<\/strong> Ideal f\u00fcr Gro\u00dfhandelsbestellungen zur Ausstattung von Outdoor- und Baum\u00e4rkten mit hochwertigen Werkzeugen.<\/li>\n<\/ul>","protected":false},"featured_media":14879,"template":"","meta":{"inline_featured_image":false},"product_brand":[],"product_cat":[178],"product_tag":[],"class_list":{"0":"post-14939","1":"product","2":"type-product","3":"status-publish","4":"has-post-thumbnail","6":"product_cat-axes","7":"sales-flash-overlay","8":"woocommerce-text-align-left","9":"woocommerce-image-align-center","10":"do-quantity-buttons","11":"wc-has-gallery","13":"first","14":"instock","15":"shipping-taxable","16":"product-type-simple"},"_links":{"self":[{"href":"https:\/\/leeknives.com\/de\/wp-json\/wp\/v2\/product\/14939","targetHints":{"allow":["GET"]}}],"collection":[{"href":"https:\/\/leeknives.com\/de\/wp-json\/wp\/v2\/product"}],"about":[{"href":"https:\/\/leeknives.com\/de\/wp-json\/wp\/v2\/types\/product"}],"wp:featuredmedia":[{"embeddable":true,"href":"https:\/\/leeknives.com\/de\/wp-json\/wp\/v2\/media\/14879"}],"wp:attachment":[{"href":"https:\/\/leeknives.com\/de\/wp-json\/wp\/v2\/media?parent=14939"}],"wp:term":[{"taxonomy":"product_brand","embeddable":true,"href":"https:\/\/leeknives.com\/de\/wp-json\/wp\/v2\/product_brand?post=14939"},{"taxonomy":"product_cat","embeddable":true,"href":"https:\/\/leeknives.com\/de\/wp-json\/wp\/v2\/product_cat?post=14939"},{"taxonomy":"product_tag","embeddable":true,"href":"https:\/\/leeknives.com\/de\/wp-json\/wp\/v2\/product_tag?post=14939"}],"curies":[{"name":"wp","href":"https:\/\/api.w.org\/{rel}","templated":true}]}}