{"id":14940,"date":"2024-04-07T14:33:06","date_gmt":"2024-04-07T06:33:06","guid":{"rendered":"https:\/\/leeknives.com\/?post_type=product&#038;p=14940"},"modified":"2026-04-02T10:54:10","modified_gmt":"2026-04-02T02:54:10","slug":"axt-lkaxe70042","status":"publish","type":"product","link":"https:\/\/leeknives.com\/de\/products\/axe-lkaxe70042\/","title":{"rendered":"65Mn Buchen-Hacke LKAXE70042"},"content":{"rendered":"<h2>Robuste Axt aus 65Mn-Buchenholz f\u00fcr den Au\u00dfeneinsatz im Einzelhandel<\/h2>\n<p>Diese Axt vereint Robustheit und Funktionalit\u00e4t und ist ideal f\u00fcr den Gro\u00dfhandel mit Outdoor-Werkzeugen. Der Axtkopf aus 65Mn-Federstahl ist besonders bruchfest und formstabil, auch unter Belastung. Dadurch eignet er sich hervorragend zum Holzspalten und f\u00fcr die Vorbereitung des Campingplatzes. Der dazugeh\u00f6rige Buchenholzstiel \u00fcberzeugt durch seine H\u00e4rte und bietet einen sicheren, rutschfesten Halt. F\u00fcr Unternehmen, die Campingartikel anbieten, oder Baum\u00e4rkte ist dieses Modell ein solides und unkompliziertes Produkt, das durch seine zuverl\u00e4ssige Leistung Kundenzufriedenheit garantiert. Seine Konstruktion ist auf die Belastungen im Outdoor-Einsatz ausgelegt und gew\u00e4hrleistet so eine lange Lebensdauer.<\/p>\n<h3>Hauptmerkmale<\/h3>\n<ul>\n<li>Kopf aus schlagfestem 65Mn-Federstahl gefertigt.<\/li>\n<li>Der Griff aus Buchenholz sorgt f\u00fcr einen festen, ergonomischen Halt.<\/li>\n<li>Optimiert f\u00fcr effizientes Zerkleinern und Teilen.<\/li>\n<li>Konzipiert f\u00fcr Langlebigkeit und wiederholte Anwendung im Au\u00dfenbereich.<\/li>\n<li>Ideal f\u00fcr den Gro\u00dfhandel und die Abwicklung von Gro\u00dfbestellungen.<\/li>\n<\/ul>\n<h3>Technische Daten<\/h3>\n<table>\n<tr>\n<th>Spezifikation<\/th>\n<th>Detail<\/th>\n<\/tr>\n<tr>\n<td>Kopfmaterial<\/td>\n<td>65Mn Federstahl<\/td>\n<\/tr>\n<tr>\n<td>Griffmaterial<\/td>\n<td>Buchenholz<\/td>\n<\/tr>\n<tr>\n<td>Produktcode<\/td>\n<td>LKAXE70042<\/td>\n<\/tr>\n<\/table>","protected":false},"excerpt":{"rendered":"<h3>Hauptmerkmale<\/h3>\n<ul>\n<li><strong>Widerstandsf\u00e4higer Stahl:<\/strong> Geschmiedet aus 65Mn-Federstahl f\u00fcr eine robuste Schneide, die auch starken St\u00f6\u00dfen standh\u00e4lt.<\/li>\n<li><strong>Sicherer Halt:<\/strong> Ausgestattet mit einem robusten Buchenholzgriff f\u00fcr optimale Kontrolle und Benutzerkomfort.<\/li>\n<li><strong>Gro\u00dfbestellungen:<\/strong> Ein hervorragender Kandidat f\u00fcr den Gro\u00dfeinkauf durch Gro\u00dfh\u00e4ndler und Einzelh\u00e4ndler f\u00fcr Outdoor-Ausr\u00fcstung.<\/li>\n<\/ul>","protected":false},"featured_media":14885,"template":"","meta":{"inline_featured_image":false},"product_brand":[],"product_cat":[178],"product_tag":[],"class_list":{"0":"post-14940","1":"product","2":"type-product","3":"status-publish","4":"has-post-thumbnail","6":"product_cat-axes","7":"sales-flash-overlay","8":"woocommerce-text-align-left","9":"woocommerce-image-align-center","10":"do-quantity-buttons","11":"wc-has-gallery","13":"first","14":"instock","15":"shipping-taxable","16":"product-type-simple"},"_links":{"self":[{"href":"https:\/\/leeknives.com\/de\/wp-json\/wp\/v2\/product\/14940","targetHints":{"allow":["GET"]}}],"collection":[{"href":"https:\/\/leeknives.com\/de\/wp-json\/wp\/v2\/product"}],"about":[{"href":"https:\/\/leeknives.com\/de\/wp-json\/wp\/v2\/types\/product"}],"wp:featuredmedia":[{"embeddable":true,"href":"https:\/\/leeknives.com\/de\/wp-json\/wp\/v2\/media\/14885"}],"wp:attachment":[{"href":"https:\/\/leeknives.com\/de\/wp-json\/wp\/v2\/media?parent=14940"}],"wp:term":[{"taxonomy":"product_brand","embeddable":true,"href":"https:\/\/leeknives.com\/de\/wp-json\/wp\/v2\/product_brand?post=14940"},{"taxonomy":"product_cat","embeddable":true,"href":"https:\/\/leeknives.com\/de\/wp-json\/wp\/v2\/product_cat?post=14940"},{"taxonomy":"product_tag","embeddable":true,"href":"https:\/\/leeknives.com\/de\/wp-json\/wp\/v2\/product_tag?post=14940"}],"curies":[{"name":"wp","href":"https:\/\/api.w.org\/{rel}","templated":true}]}}