{"id":14942,"date":"2024-04-07T14:46:50","date_gmt":"2024-04-07T06:46:50","guid":{"rendered":"https:\/\/leeknives.com\/?post_type=product&#038;p=14942"},"modified":"2026-04-02T10:54:11","modified_gmt":"2026-04-02T02:54:11","slug":"axt-lkaxe70045","status":"publish","type":"product","link":"https:\/\/leeknives.com\/de\/products\/axe-lkaxe70045\/","title":{"rendered":"65Mn Buchen-Hacke LKAXE70045"},"content":{"rendered":"<h2>Professionelles 65Mn Buchenholz-Axt f\u00fcr den Gro\u00dfhandel<\/h2>\n<p>Diese Axt ist als zuverl\u00e4ssiges Werkzeug f\u00fcr Arbeiten im Freien konzipiert und spricht Gro\u00dfh\u00e4ndler an, die Camping- und Landschaftsbauprodukte liefern. Der Axtkopf aus 65Mn-Stahl ist verschlei\u00dffest behandelt und beh\u00e4lt seine scharfe Schneide \u2013 ideal zum Spalten und Hacken. Der Buchenholzgriff liegt angenehm in der Hand, bietet einen sicheren Halt und d\u00e4mpft St\u00f6\u00dfe gut ab. F\u00fcr Unternehmen ist dieses Modell eine gute Wahl, um ein praktisches und vielseitiges Produkt anzubieten, das die Bed\u00fcrfnisse der Endverbraucher optimal erf\u00fcllt. Funktionalit\u00e4t und Langlebigkeit stehen bei der Konstruktion im Vordergrund, sodass die Axt in verschiedenen Umgebungen im Freien zuverl\u00e4ssig funktioniert. Daher eignet sie sich ideal f\u00fcr den Gro\u00dfeinkauf.<\/p>\n<h3>Hauptmerkmale<\/h3>\n<ul>\n<li>Kopf aus robustem 65Mn-Federstahl f\u00fcr lange Lebensdauer.<\/li>\n<li>Der robuste Griff aus Buchenholz sorgt f\u00fcr Kontrolle und reduziert Vibrationen.<\/li>\n<li>Ausgewogen f\u00fcr effizientes Zerkleinern und praktische Anwendung im Freien.<\/li>\n<li>Konstruiert, um ein zuverl\u00e4ssiges Werkzeug f\u00fcr wiederholte St\u00f6\u00dfe zu sein.<\/li>\n<li>Erh\u00e4ltlich f\u00fcr Gro\u00dfhandels- und Gro\u00dfbestellungen an Einzelh\u00e4ndler.<\/li>\n<\/ul>\n<h3>Technische Daten<\/h3>\n<table>\n<tr>\n<th>Spezifikation<\/th>\n<th>Detail<\/th>\n<\/tr>\n<tr>\n<td>Kopfmaterial<\/td>\n<td>65Mn Federstahl<\/td>\n<\/tr>\n<tr>\n<td>Griffmaterial<\/td>\n<td>Buchenholz<\/td>\n<\/tr>\n<tr>\n<td>Produktcode<\/td>\n<td>LKAXE70045<\/td>\n<\/tr>\n<\/table>","protected":false},"excerpt":{"rendered":"<h3>Hauptmerkmale<\/h3>\n<ul>\n<li><strong>Hochleistungsstahl:<\/strong> Hergestellt aus einer 65Mn-Legierung, bietet sie \u00fcberragende Festigkeit f\u00fcr anspruchsvolle Au\u00dfeneins\u00e4tze.<\/li>\n<li><strong>Ergonomisches Design:<\/strong> Der Griff aus Buchenholz ist so geformt, dass er einen sicheren Halt und eine effektive Kraft\u00fcbertragung gew\u00e4hrleistet.<\/li>\n<li><strong>Bereit f\u00fcr den Vertrieb:<\/strong> Ein ideales Produkt f\u00fcr den Gro\u00dfhandel mit gro\u00dfen Mengen an H\u00e4ndler von Outdoor-Ausr\u00fcstung und Eisenwaren.<\/li>\n<\/ul>","protected":false},"featured_media":14898,"template":"","meta":{"inline_featured_image":false},"product_brand":[],"product_cat":[178],"product_tag":[],"class_list":{"0":"post-14942","1":"product","2":"type-product","3":"status-publish","4":"has-post-thumbnail","6":"product_cat-axes","7":"sales-flash-overlay","8":"woocommerce-text-align-left","9":"woocommerce-image-align-center","10":"do-quantity-buttons","11":"wc-has-gallery","13":"first","14":"instock","15":"shipping-taxable","16":"product-type-simple"},"_links":{"self":[{"href":"https:\/\/leeknives.com\/de\/wp-json\/wp\/v2\/product\/14942","targetHints":{"allow":["GET"]}}],"collection":[{"href":"https:\/\/leeknives.com\/de\/wp-json\/wp\/v2\/product"}],"about":[{"href":"https:\/\/leeknives.com\/de\/wp-json\/wp\/v2\/types\/product"}],"wp:featuredmedia":[{"embeddable":true,"href":"https:\/\/leeknives.com\/de\/wp-json\/wp\/v2\/media\/14898"}],"wp:attachment":[{"href":"https:\/\/leeknives.com\/de\/wp-json\/wp\/v2\/media?parent=14942"}],"wp:term":[{"taxonomy":"product_brand","embeddable":true,"href":"https:\/\/leeknives.com\/de\/wp-json\/wp\/v2\/product_brand?post=14942"},{"taxonomy":"product_cat","embeddable":true,"href":"https:\/\/leeknives.com\/de\/wp-json\/wp\/v2\/product_cat?post=14942"},{"taxonomy":"product_tag","embeddable":true,"href":"https:\/\/leeknives.com\/de\/wp-json\/wp\/v2\/product_tag?post=14942"}],"curies":[{"name":"wp","href":"https:\/\/api.w.org\/{rel}","templated":true}]}}