{"id":14943,"date":"2024-04-07T14:48:20","date_gmt":"2024-04-07T06:48:20","guid":{"rendered":"https:\/\/leeknives.com\/?post_type=product&#038;p=14943"},"modified":"2026-04-02T10:54:12","modified_gmt":"2026-04-02T02:54:12","slug":"axt-lkaxe70046","status":"publish","type":"product","link":"https:\/\/leeknives.com\/de\/products\/axe-lkaxe70046\/","title":{"rendered":"65Mn Buchen-Hacke LKAXE70046"},"content":{"rendered":"<h2>65Mn Beech Axchet LKAXE70046<\/h2>\n<p>Diese professionelle Axt wurde f\u00fcr anspruchsvolle Outdoor-Eins\u00e4tze entwickelt und ist daher die erste Wahl f\u00fcr Gro\u00dfh\u00e4ndler, die Camping- und Baum\u00e4rkte beliefern. Der Axtkopf ist aus robustem 65Mn-Stahl geschmiedet, der f\u00fcr seine hervorragende Z\u00e4higkeit und seine F\u00e4higkeit bekannt ist, auch bei wiederholtem Einsatz beim Spalten und Hacken eine scharfe Schneide zu behalten. In Kombination mit dem stabilen Buchenholzstiel bietet die Axt einen ausgewogenen Schwung und einen festen, ergonomischen Griff, der die Erm\u00fcdung des Benutzers reduziert. Ihre langlebige Konstruktion garantiert eine lange Lebensdauer f\u00fcr Endverbraucher, vom Camper bis zum Hausbesitzer. Diese Axt ist in gro\u00dfen Mengen erh\u00e4ltlich und stellt einen zuverl\u00e4ssigen Lagerbestand f\u00fcr H\u00e4ndler dar, die sich auf hochwertige Outdoor-Werkzeuge und robuste K\u00fcchenaccessoires spezialisiert haben.<\/p>\n<h3>Hauptmerkmale<\/h3>\n<ul>\n<li>65Mn Stahlkopf: Bietet au\u00dfergew\u00f6hnliche Haltbarkeit und Schnitthaltigkeit f\u00fcr Spalt- und Campingarbeiten.<\/li>\n<li>Griff aus Buchenholz: Bietet einen klassischen, robusten und komfortablen Griff mit zuverl\u00e4ssiger Sto\u00dfd\u00e4mpfung.<\/li>\n<li>Ausgewogenes Design: Gew\u00e4hrleistet effektive Hackkraft und Kontrolle bei jedem Schwung.<\/li>\n<li>Verf\u00fcgbarkeit von Gro\u00dfbestellungen: Optimieren Sie Ihre Lieferkette mit gleichbleibend hochwertigen \u00c4xten im Gro\u00dfhandel.<\/li>\n<\/ul>\n<h3>Technische Daten<\/h3>\n<table>\n<tr>\n<th>Spezifikation<\/th>\n<th>Detail<\/th>\n<\/tr>\n<tr>\n<td>Modell<\/td>\n<td>LKAXE70046<\/td>\n<\/tr>\n<tr>\n<td>Kopfmaterial<\/td>\n<td>65Mn Stahl<\/td>\n<\/tr>\n<tr>\n<td>Griffmaterial<\/td>\n<td>Buchenholz<\/td>\n<\/tr>\n<\/table>","protected":false},"excerpt":{"rendered":"<h3>Hauptmerkmale<\/h3>\n<ul>\n<li><strong>Klingenmaterial:<\/strong> 65Mn-Stahl f\u00fcr \u00fcberlegene Schnitthaltigkeit und Langlebigkeit im Au\u00dfeneinsatz.<\/li>\n<li><strong>Handhaben:<\/strong> Gefertigt aus robustem Buchenholz, bietet es einen sicheren und komfortablen Griff f\u00fcr l\u00e4ngeres Arbeiten.<\/li>\n<li><strong>Bereit f\u00fcr den Gro\u00dfhandel:<\/strong> Ideal f\u00fcr Gro\u00dfbestellungen, bietet Einzelh\u00e4ndlern eine zuverl\u00e4ssige Camping- und Spaltaxt.<\/li>\n<\/ul>","protected":false},"featured_media":14899,"template":"","meta":{"inline_featured_image":false},"product_brand":[],"product_cat":[178],"product_tag":[],"class_list":{"0":"post-14943","1":"product","2":"type-product","3":"status-publish","4":"has-post-thumbnail","6":"product_cat-axes","7":"sales-flash-overlay","8":"woocommerce-text-align-left","9":"woocommerce-image-align-center","10":"do-quantity-buttons","11":"wc-has-gallery","13":"first","14":"instock","15":"shipping-taxable","16":"product-type-simple"},"_links":{"self":[{"href":"https:\/\/leeknives.com\/de\/wp-json\/wp\/v2\/product\/14943","targetHints":{"allow":["GET"]}}],"collection":[{"href":"https:\/\/leeknives.com\/de\/wp-json\/wp\/v2\/product"}],"about":[{"href":"https:\/\/leeknives.com\/de\/wp-json\/wp\/v2\/types\/product"}],"wp:featuredmedia":[{"embeddable":true,"href":"https:\/\/leeknives.com\/de\/wp-json\/wp\/v2\/media\/14899"}],"wp:attachment":[{"href":"https:\/\/leeknives.com\/de\/wp-json\/wp\/v2\/media?parent=14943"}],"wp:term":[{"taxonomy":"product_brand","embeddable":true,"href":"https:\/\/leeknives.com\/de\/wp-json\/wp\/v2\/product_brand?post=14943"},{"taxonomy":"product_cat","embeddable":true,"href":"https:\/\/leeknives.com\/de\/wp-json\/wp\/v2\/product_cat?post=14943"},{"taxonomy":"product_tag","embeddable":true,"href":"https:\/\/leeknives.com\/de\/wp-json\/wp\/v2\/product_tag?post=14943"}],"curies":[{"name":"wp","href":"https:\/\/api.w.org\/{rel}","templated":true}]}}