{"id":14944,"date":"2024-04-07T14:49:45","date_gmt":"2024-04-07T06:49:45","guid":{"rendered":"https:\/\/leeknives.com\/?post_type=product&#038;p=14944"},"modified":"2026-04-02T10:54:13","modified_gmt":"2026-04-02T02:54:13","slug":"axt-lkaxe70047","status":"publish","type":"product","link":"https:\/\/leeknives.com\/de\/products\/axe-lkaxe70047\/","title":{"rendered":"65Mn Buchen-Hacke LKAXE70047"},"content":{"rendered":"<h2>65Mn Beech Axchet LKAXE70047<\/h2>\n<p>Die Axt LKAXE70047 wurde f\u00fcr hohe Leistung und Langlebigkeit entwickelt und ist ein unverzichtbares Werkzeug f\u00fcr Gro\u00dfh\u00e4ndler im Outdoor- und Campingbereich. Der Schneidkopf besteht aus 65Mn-Stahl, einem Material, das f\u00fcr seine hohe Schlagfestigkeit und Widerstandsf\u00e4higkeit beim Holzspalten und Freischneiden von Wegen gesch\u00e4tzt wird. Der ergonomisch geformte Buchenholzstiel liegt optimal in der Hand und sorgt f\u00fcr sichere Handhabung und weniger Belastung bei l\u00e4ngerem Gebrauch. Dank der Kombination aus robustem Kopf und klassischem Holzstiel ist die Axt vielseitig einsetzbar. Als Gro\u00dfbestellung bietet sie K\u00fcchen- und Outdoor-Ausr\u00fcstern eine hochwertige und langlebige Axt, die den Bedarf des Einzelhandels an qualitativ hochwertiger Verarbeitung und zuverl\u00e4ssigem Outdoor-Zubeh\u00f6r deckt.<\/p>\n<h3>Hauptmerkmale<\/h3>\n<ul>\n<li>Geschmiedeter Kopf aus 65Mn: Sorgt f\u00fcr \u00fcberragende Festigkeit und Schnitthaltigkeit und damit f\u00fcr gleichbleibende Hackleistung.<\/li>\n<li>Ergonomischer Buchenholzgriff: Gew\u00e4hrleistet einen komfortablen, rutschfesten Griff, der die Sicherheit und Effizienz des Benutzers erh\u00f6ht.<\/li>\n<li>Vielseitig einsetzbar im Freien: Gut geeignet f\u00fcr Camping, Wandern, Gartenarbeit und allgemeine \u00dcberlebensvorbereitung.<\/li>\n<li>Effizienz im Gro\u00dfhandel: Vereinfachen Sie die Lagerverwaltung mit sofort verf\u00fcgbaren Gro\u00dfmengen dieser robusten Axt.<\/li>\n<\/ul>\n<h3>Technische Daten<\/h3>\n<table>\n<tr>\n<th>Spezifikation<\/th>\n<th>Detail<\/th>\n<\/tr>\n<tr>\n<td>Modell<\/td>\n<td>LKAXE70047<\/td>\n<\/tr>\n<tr>\n<td>Kopfmaterial<\/td>\n<td>65Mn Stahl<\/td>\n<\/tr>\n<tr>\n<td>Griffmaterial<\/td>\n<td>Buchenholz<\/td>\n<\/tr>\n<\/table>","protected":false},"excerpt":{"rendered":"<h3>Hauptmerkmale<\/h3>\n<ul>\n<li><strong>Klingenmaterial:<\/strong> Die Konstruktion aus 65Mn-Stahl gew\u00e4hrleistet eine robuste, langlebige Schneide, die sich f\u00fcr anspruchsvolle Arbeiten im Freien eignet.<\/li>\n<li><strong>Handhaben:<\/strong> Verf\u00fcgt \u00fcber einen robusten Griff aus Buchenholz, der f\u00fcr sicheren Halt und effektive Kraft\u00fcbertragung sorgt.<\/li>\n<li><strong>Gro\u00dfmengenlieferung:<\/strong> Eine zuverl\u00e4ssige Option f\u00fcr Gro\u00dfh\u00e4ndler, die Outdoor-\u00c4xte und Beile f\u00fcr Einzelh\u00e4ndler auf Lager haben.<\/li>\n<\/ul>","protected":false},"featured_media":14903,"template":"","meta":{"inline_featured_image":false},"product_brand":[],"product_cat":[178],"product_tag":[],"class_list":{"0":"post-14944","1":"product","2":"type-product","3":"status-publish","4":"has-post-thumbnail","6":"product_cat-axes","7":"sales-flash-overlay","8":"woocommerce-text-align-left","9":"woocommerce-image-align-center","10":"do-quantity-buttons","11":"wc-has-gallery","13":"first","14":"instock","15":"shipping-taxable","16":"product-type-simple"},"_links":{"self":[{"href":"https:\/\/leeknives.com\/de\/wp-json\/wp\/v2\/product\/14944","targetHints":{"allow":["GET"]}}],"collection":[{"href":"https:\/\/leeknives.com\/de\/wp-json\/wp\/v2\/product"}],"about":[{"href":"https:\/\/leeknives.com\/de\/wp-json\/wp\/v2\/types\/product"}],"wp:featuredmedia":[{"embeddable":true,"href":"https:\/\/leeknives.com\/de\/wp-json\/wp\/v2\/media\/14903"}],"wp:attachment":[{"href":"https:\/\/leeknives.com\/de\/wp-json\/wp\/v2\/media?parent=14944"}],"wp:term":[{"taxonomy":"product_brand","embeddable":true,"href":"https:\/\/leeknives.com\/de\/wp-json\/wp\/v2\/product_brand?post=14944"},{"taxonomy":"product_cat","embeddable":true,"href":"https:\/\/leeknives.com\/de\/wp-json\/wp\/v2\/product_cat?post=14944"},{"taxonomy":"product_tag","embeddable":true,"href":"https:\/\/leeknives.com\/de\/wp-json\/wp\/v2\/product_tag?post=14944"}],"curies":[{"name":"wp","href":"https:\/\/api.w.org\/{rel}","templated":true}]}}