{"id":14948,"date":"2024-04-07T15:01:14","date_gmt":"2024-04-07T07:01:14","guid":{"rendered":"https:\/\/leeknives.com\/?post_type=product&#038;p=14948"},"modified":"2026-04-02T10:54:14","modified_gmt":"2026-04-02T02:54:14","slug":"axt-lkaxe70051","status":"publish","type":"product","link":"https:\/\/leeknives.com\/de\/products\/axe-lkaxe70051\/","title":{"rendered":"65Mn Buchen-Hacke LKAXE70051"},"content":{"rendered":"<h2>65Mn Buchenbeil LKAXE70051<\/h2>\n<p>Dieses professionelle Beil ist f\u00fcr den Gro\u00dfhandel an Outdoor- und Campingausr\u00fcster konzipiert. Der Kopf ist aus robustem 65Mn-Stahl geschmiedet, wodurch die Klinge auch bei h\u00e4ufigem Gebrauch, beispielsweise zum Spalten von Anz\u00fcndholz oder f\u00fcr leichte Campingarbeiten, ihre Sch\u00e4rfe beh\u00e4lt. Der stabile Buchenholzgriff sorgt f\u00fcr sicheren und sto\u00dfd\u00e4mpfenden Halt. Dank seiner ausgewogenen Konstruktion ist es ein praktisches und langlebiges Werkzeug f\u00fcr Outdoor-Fans und bietet ein hervorragendes Preis-Leistungs-Verh\u00e4ltnis bei gr\u00f6\u00dferen Bestellmengen. H\u00e4ndler k\u00f6nnen dieses Beil bedenkenlos in ihr Sortiment aufnehmen, da es die Anforderungen leistungsorientierter Kunden erf\u00fcllt.<\/p>\n<h3>Hauptmerkmale<\/h3>\n<ul>\n<li>Geschmiedeter Kopf aus 65Mn-Stahl f\u00fcr Langlebigkeit und Schnitthaltigkeit.<\/li>\n<li>Ergonomischer Griff aus Buchenholz f\u00fcr einen sicheren und komfortablen Halt.<\/li>\n<li>Ausgewogenes Design f\u00fcr effektive Kontrolle bei der Aufteilung von Aufgaben.<\/li>\n<li>Entwickelt f\u00fcr zuverl\u00e4ssige Leistung beim Camping und in Outdoor-Situationen.<\/li>\n<li>Erh\u00e4ltlich in gro\u00dfen Mengen zur Belieferung Ihrer Einzelhandelsregale.<\/li>\n<\/ul>\n<h3>Technische Daten<\/h3>\n<table>\n<tr>\n<th>Spezifikation<\/th>\n<th>Detail<\/th>\n<\/tr>\n<tr>\n<td>Kopfmaterial<\/td>\n<td>65Mn Stahl<\/td>\n<\/tr>\n<tr>\n<td>Griffmaterial<\/td>\n<td>Buchenholz<\/td>\n<\/tr>\n<tr>\n<td>Produktcode<\/td>\n<td>LKAXE70051<\/td>\n<\/tr>\n<\/table>","protected":false},"excerpt":{"rendered":"<h3>Hauptmerkmale<\/h3>\n<ul>\n<li><strong>Robuster Kopf:<\/strong> Geschmiedet aus 65Mn-Stahl f\u00fcr \u00fcberlegene Schnitthaltigkeit und Schlagfestigkeit beim Einsatz im Freien.<\/li>\n<li><strong>Sicherer Halt:<\/strong> Verf\u00fcgt \u00fcber einen robusten Griff aus Buchenholz, der einen komfortablen und zuverl\u00e4ssigen Halt beim Spalten von Holz bietet.<\/li>\n<li><strong>Bereit f\u00fcr den Gro\u00dfhandel:<\/strong> Ideal f\u00fcr Gro\u00dfbestellungen, bietet Einzelh\u00e4ndlern eine zuverl\u00e4ssige Campingaxt f\u00fcr ihr Inventar.<\/li>\n<\/ul>","protected":false},"featured_media":14919,"template":"","meta":{"inline_featured_image":false},"product_brand":[],"product_cat":[178],"product_tag":[],"class_list":{"0":"post-14948","1":"product","2":"type-product","3":"status-publish","4":"has-post-thumbnail","6":"product_cat-axes","7":"sales-flash-overlay","8":"woocommerce-text-align-left","9":"woocommerce-image-align-center","10":"do-quantity-buttons","11":"wc-has-gallery","13":"first","14":"instock","15":"shipping-taxable","16":"product-type-simple"},"_links":{"self":[{"href":"https:\/\/leeknives.com\/de\/wp-json\/wp\/v2\/product\/14948","targetHints":{"allow":["GET"]}}],"collection":[{"href":"https:\/\/leeknives.com\/de\/wp-json\/wp\/v2\/product"}],"about":[{"href":"https:\/\/leeknives.com\/de\/wp-json\/wp\/v2\/types\/product"}],"wp:featuredmedia":[{"embeddable":true,"href":"https:\/\/leeknives.com\/de\/wp-json\/wp\/v2\/media\/14919"}],"wp:attachment":[{"href":"https:\/\/leeknives.com\/de\/wp-json\/wp\/v2\/media?parent=14948"}],"wp:term":[{"taxonomy":"product_brand","embeddable":true,"href":"https:\/\/leeknives.com\/de\/wp-json\/wp\/v2\/product_brand?post=14948"},{"taxonomy":"product_cat","embeddable":true,"href":"https:\/\/leeknives.com\/de\/wp-json\/wp\/v2\/product_cat?post=14948"},{"taxonomy":"product_tag","embeddable":true,"href":"https:\/\/leeknives.com\/de\/wp-json\/wp\/v2\/product_tag?post=14948"}],"curies":[{"name":"wp","href":"https:\/\/api.w.org\/{rel}","templated":true}]}}