{"id":14952,"date":"2024-04-07T15:09:38","date_gmt":"2024-04-07T07:09:38","guid":{"rendered":"https:\/\/leeknives.com\/?post_type=product&#038;p=14952"},"modified":"2026-04-02T10:54:16","modified_gmt":"2026-04-02T02:54:16","slug":"axt-lkaxe70055","status":"publish","type":"product","link":"https:\/\/leeknives.com\/de\/products\/axe-lkaxe70055\/","title":{"rendered":"65Mn Buchen-Hacke LKAXE70055"},"content":{"rendered":"<h2>65Mn Beech Axchet LKAXE70055<\/h2>\n<p>Die Axt aus 65Mn-Buchenholz (LKAXE70055) ist ein speziell f\u00fcr den Gro\u00dfhandel entwickeltes Produkt, das den Lagerbedarf von Outdoor- und taktischen H\u00e4ndlern deckt. Ihre Leistungsf\u00e4higkeit basiert auf dem Axtkopf aus 65Mn-Stahl, der auch bei anspruchsvoller Nutzung \u2013 vom Spalten kleiner Holzscheite bis zur Vorbereitung des Lagerplatzes \u2013 seine Sch\u00e4rfe beh\u00e4lt. Der traditionell gefertigte Griff aus Buchenholz liegt angenehm in der Hand und bietet Langlebigkeit. Diese Axt ist ein praktisches Werkzeug, bei dem die Funktionalit\u00e4t im Vordergrund steht und das sich daher ideal f\u00fcr den Einzelhandel eignet. F\u00fcr Gro\u00dfabnehmer bietet sie gleichbleibende Qualit\u00e4t, Langlebigkeit und ein gutes Preis-Leistungs-Verh\u00e4ltnis, um im Markt f\u00fcr Outdoor-Werkzeuge wettbewerbsf\u00e4hig zu sein.<\/p>\n<h3>Hauptmerkmale<\/h3>\n<ul>\n<li>Geschmiedeter 65Mn-Stahl gew\u00e4hrleistet eine langlebige und effektive Schneide.<\/li>\n<li>Klassischer Buchenholzgriff f\u00fcr einen festen, rutschfesten Halt.<\/li>\n<li>Ideal f\u00fcr eine Vielzahl von Aufgaben, darunter Anz\u00fcndholz herstellen und Wege instand halten.<\/li>\n<li>Erh\u00e4ltlich f\u00fcr den Gro\u00dfeinkauf im Gro\u00dfhandel.<\/li>\n<li>Konzipiert als zuverl\u00e4ssiges, unkompliziertes Outdoor-Werkzeug f\u00fcr den Einzelhandel.<\/li>\n<\/ul>\n<h3>Technische Daten<\/h3>\n<table>\n<tr>\n<th>Spezifikation<\/th>\n<th>Detail<\/th>\n<\/tr>\n<tr>\n<td>Kopfmaterial<\/td>\n<td>65Mn Stahl<\/td>\n<\/tr>\n<tr>\n<td>Griffmaterial<\/td>\n<td>Buchenholz<\/td>\n<\/tr>\n<tr>\n<td>Produktcode<\/td>\n<td>LKAXE70055<\/td>\n<\/tr>\n<\/table>","protected":false},"excerpt":{"rendered":"<h3>Hauptmerkmale<\/h3>\n<ul>\n<li><strong>Qualit\u00e4tsschmieden:<\/strong> Der Kopf ist aus 65Mn-Stahl gefertigt und bietet dadurch eine ausgezeichnete H\u00e4rte und Widerstandsf\u00e4higkeit f\u00fcr Outdoor-Werkzeuge.<\/li>\n<li><strong>Solider Griff:<\/strong> Der zuverl\u00e4ssige Griff aus Buchenholz sorgt f\u00fcr einen stabilen und komfortablen Halt bei pr\u00e4zisen Arbeiten.<\/li>\n<li><strong>Wert der Sammelbestellung:<\/strong> Eine kosteng\u00fcnstige Axtl\u00f6sung f\u00fcr Gro\u00dfh\u00e4ndler, die Camping- und Eisenwarenh\u00e4ndler beliefern.<\/li>\n<\/ul>","protected":false},"featured_media":14935,"template":"","meta":{"inline_featured_image":false},"product_brand":[],"product_cat":[178],"product_tag":[],"class_list":{"0":"post-14952","1":"product","2":"type-product","3":"status-publish","4":"has-post-thumbnail","6":"product_cat-axes","7":"sales-flash-overlay","8":"woocommerce-text-align-left","9":"woocommerce-image-align-center","10":"do-quantity-buttons","11":"wc-has-gallery","13":"first","14":"instock","15":"shipping-taxable","16":"product-type-simple"},"_links":{"self":[{"href":"https:\/\/leeknives.com\/de\/wp-json\/wp\/v2\/product\/14952","targetHints":{"allow":["GET"]}}],"collection":[{"href":"https:\/\/leeknives.com\/de\/wp-json\/wp\/v2\/product"}],"about":[{"href":"https:\/\/leeknives.com\/de\/wp-json\/wp\/v2\/types\/product"}],"wp:featuredmedia":[{"embeddable":true,"href":"https:\/\/leeknives.com\/de\/wp-json\/wp\/v2\/media\/14935"}],"wp:attachment":[{"href":"https:\/\/leeknives.com\/de\/wp-json\/wp\/v2\/media?parent=14952"}],"wp:term":[{"taxonomy":"product_brand","embeddable":true,"href":"https:\/\/leeknives.com\/de\/wp-json\/wp\/v2\/product_brand?post=14952"},{"taxonomy":"product_cat","embeddable":true,"href":"https:\/\/leeknives.com\/de\/wp-json\/wp\/v2\/product_cat?post=14952"},{"taxonomy":"product_tag","embeddable":true,"href":"https:\/\/leeknives.com\/de\/wp-json\/wp\/v2\/product_tag?post=14952"}],"curies":[{"name":"wp","href":"https:\/\/api.w.org\/{rel}","templated":true}]}}