{"id":14953,"date":"2024-04-07T15:14:14","date_gmt":"2024-04-07T07:14:14","guid":{"rendered":"https:\/\/leeknives.com\/?post_type=product&#038;p=14953"},"modified":"2026-04-02T10:54:16","modified_gmt":"2026-04-02T02:54:16","slug":"axt-lkaxe70043","status":"publish","type":"product","link":"https:\/\/leeknives.com\/de\/products\/axe-lkaxe70043\/","title":{"rendered":"65Mn Buchen-Hacke LKAXE70043"},"content":{"rendered":"<h2>65Mn Buchenbeil f\u00fcr Outdoor- und Campingzwecke<\/h2>\n<p>Diese 65Mn-Buchenaxt ist ein unverzichtbares Werkzeug f\u00fcr Gro\u00dfh\u00e4ndler, die Outdoor-Fans, Camper und Survival-Experten beliefern. Sie vereint einen robusten Schneidkopf mit einem klassischen Holzstiel und bietet zuverl\u00e4ssige Leistung beim Hacken, Spalten von Anz\u00fcndholz und allgemeinen Arbeiten auf dem Campingplatz. Dank ihrer ausgewogenen Formgebung erm\u00f6glicht die Axt pr\u00e4zises und effizientes Arbeiten und ist somit ein Standardartikel f\u00fcr Einzelh\u00e4ndler im Outdoor-Bereich. Dieses Modell ist in gro\u00dfen Mengen erh\u00e4ltlich und bietet Ihren Kunden, die zuverl\u00e4ssige Handwerkzeuge suchen, ein hervorragendes Preis-Leistungs-Verh\u00e4ltnis und hohe Langlebigkeit.<\/p>\n<h3>Hauptmerkmale<\/h3>\n<ul>\n<li>Geschmiedet aus widerstandsf\u00e4higem 65Mn-Kohlenstoffstahl f\u00fcr eine scharfe, langlebige Schneide.<\/li>\n<li>Der traditionelle Griff aus Buchenholz bietet einen festen, nat\u00fcrlichen Halt und ist langlebig.<\/li>\n<li>Ausgewogene Konstruktion f\u00fcr verbesserte Schwungkontrolle und geringere Erm\u00fcdung des Benutzers.<\/li>\n<li>Kompakte und tragbare Gr\u00f6\u00dfe, geeignet f\u00fcr Campingrucks\u00e4cke und Outdoor-Ausr\u00fcstung.<\/li>\n<li>Wird in Gro\u00dfhandelsmengen an Einzelh\u00e4ndler und Gro\u00dfh\u00e4ndler von Outdoor-Zubeh\u00f6r verkauft.<\/li>\n<\/ul>\n<h3>Technische Daten<\/h3>\n<table>\n<tr>\n<th>Spezifikation<\/th>\n<th>Detail<\/th>\n<\/tr>\n<tr>\n<td>Klingenmaterial<\/td>\n<td>65Mn Stahl<\/td>\n<\/tr>\n<tr>\n<td>Griffmaterial<\/td>\n<td>Buchenholz<\/td>\n<\/tr>\n<tr>\n<td>Produkttyp<\/td>\n<td>Beil \/ Campingaxt<\/td>\n<\/tr>\n<\/table>","protected":false},"excerpt":{"rendered":"<h3>Hauptmerkmale<\/h3>\n<ul>\n<li><strong>Hochwertiger Klingenstahl:<\/strong> Hergestellt aus robustem 65Mn-Stahl, bietet es eine ausgezeichnete Schnitthaltigkeit und Z\u00e4higkeit f\u00fcr anspruchsvolle Eins\u00e4tze im Freien.<\/li>\n<li><strong>Ergonomischer Holzgriff:<\/strong> Verf\u00fcgt \u00fcber einen robusten Buchenholzgriff, der einen sicheren und bequemen Halt bietet und beim Schneiden St\u00f6\u00dfe effektiv abfedert.<\/li>\n<li><strong>Bereit f\u00fcr den Gro\u00dfhandel:<\/strong> Eine zuverl\u00e4ssige und kosteng\u00fcnstige Option f\u00fcr Gro\u00dfbestellungen, ideal f\u00fcr Einzelh\u00e4ndler von Outdoor-Ausr\u00fcstung und Vertriebsh\u00e4ndler f\u00fcr Campingbedarf.<\/li>\n<\/ul>","protected":false},"featured_media":14886,"template":"","meta":{"inline_featured_image":false},"product_brand":[],"product_cat":[178],"product_tag":[],"class_list":{"0":"post-14953","1":"product","2":"type-product","3":"status-publish","4":"has-post-thumbnail","6":"product_cat-axes","7":"sales-flash-overlay","8":"woocommerce-text-align-left","9":"woocommerce-image-align-center","10":"do-quantity-buttons","11":"wc-has-gallery","13":"first","14":"instock","15":"shipping-taxable","16":"product-type-simple"},"_links":{"self":[{"href":"https:\/\/leeknives.com\/de\/wp-json\/wp\/v2\/product\/14953","targetHints":{"allow":["GET"]}}],"collection":[{"href":"https:\/\/leeknives.com\/de\/wp-json\/wp\/v2\/product"}],"about":[{"href":"https:\/\/leeknives.com\/de\/wp-json\/wp\/v2\/types\/product"}],"wp:featuredmedia":[{"embeddable":true,"href":"https:\/\/leeknives.com\/de\/wp-json\/wp\/v2\/media\/14886"}],"wp:attachment":[{"href":"https:\/\/leeknives.com\/de\/wp-json\/wp\/v2\/media?parent=14953"}],"wp:term":[{"taxonomy":"product_brand","embeddable":true,"href":"https:\/\/leeknives.com\/de\/wp-json\/wp\/v2\/product_brand?post=14953"},{"taxonomy":"product_cat","embeddable":true,"href":"https:\/\/leeknives.com\/de\/wp-json\/wp\/v2\/product_cat?post=14953"},{"taxonomy":"product_tag","embeddable":true,"href":"https:\/\/leeknives.com\/de\/wp-json\/wp\/v2\/product_tag?post=14953"}],"curies":[{"name":"wp","href":"https:\/\/api.w.org\/{rel}","templated":true}]}}