{"id":1642,"date":"2022-05-27T10:39:06","date_gmt":"2022-05-27T02:39:06","guid":{"rendered":"https:\/\/leeknives.com\/?post_type=product&#038;p=1642"},"modified":"2023-12-22T16:11:27","modified_gmt":"2023-12-22T08:11:27","slug":"chinesisches-fleischerbeil-lkcmc10001","status":"publish","type":"product","link":"https:\/\/leeknives.com\/de\/chinese-meat-cleaver-lkcmc10001\/","title":{"rendered":"5Cr15MoV Palisander Chinesisches Fleischerbeil 200 mm LKCMC10001"},"content":{"rendered":"","protected":false},"excerpt":{"rendered":"<h3>Hauptmerkmale<\/h3>\n<ul>\n<li>200 mm gro\u00dfes chinesisches Hackmesser. Mit dem Messer lassen sich Knochen und Gefl\u00fcgel m\u00fchelos zerlegen.<\/li>\n<li>Verwenden Sie das Messer, ohne sich \u00fcber unerwartete Absplitterungen und Br\u00fcche Gedanken machen zu m\u00fcssen. Dank der Robustheit des 5Cr15MoV.<\/li>\n<li>Hochwertiger Palisandergriff: Hervorragende Haltbarkeit und satte Farbe. Sch\u00f6n und doch robust.<\/li>\n<\/ul>\n<h3>Gut f\u00fcr<\/h3>\n<p>Knochen, Gefl\u00fcgel, Fleisch<\/p>","protected":false},"featured_media":7483,"template":"","meta":{"inline_featured_image":false},"product_brand":[],"product_cat":[80],"product_tag":[],"class_list":{"0":"post-1642","1":"product","2":"type-product","3":"status-publish","4":"has-post-thumbnail","6":"product_cat-cleavers","7":"pa_blade-material-5cr15mov","8":"sales-flash-overlay","9":"woocommerce-text-align-left","10":"woocommerce-image-align-center","11":"do-quantity-buttons","13":"first","14":"instock","15":"shipping-taxable","16":"product-type-simple"},"_links":{"self":[{"href":"https:\/\/leeknives.com\/de\/wp-json\/wp\/v2\/product\/1642","targetHints":{"allow":["GET"]}}],"collection":[{"href":"https:\/\/leeknives.com\/de\/wp-json\/wp\/v2\/product"}],"about":[{"href":"https:\/\/leeknives.com\/de\/wp-json\/wp\/v2\/types\/product"}],"wp:featuredmedia":[{"embeddable":true,"href":"https:\/\/leeknives.com\/de\/wp-json\/wp\/v2\/media\/7483"}],"wp:attachment":[{"href":"https:\/\/leeknives.com\/de\/wp-json\/wp\/v2\/media?parent=1642"}],"wp:term":[{"taxonomy":"product_brand","embeddable":true,"href":"https:\/\/leeknives.com\/de\/wp-json\/wp\/v2\/product_brand?post=1642"},{"taxonomy":"product_cat","embeddable":true,"href":"https:\/\/leeknives.com\/de\/wp-json\/wp\/v2\/product_cat?post=1642"},{"taxonomy":"product_tag","embeddable":true,"href":"https:\/\/leeknives.com\/de\/wp-json\/wp\/v2\/product_tag?post=1642"}],"curies":[{"name":"wp","href":"https:\/\/api.w.org\/{rel}","templated":true}]}}