{"id":1652,"date":"2022-05-27T13:16:03","date_gmt":"2022-05-27T05:16:03","guid":{"rendered":"https:\/\/leeknives.com\/?post_type=product&#038;p=1652"},"modified":"2023-12-22T16:11:17","modified_gmt":"2023-12-22T08:11:17","slug":"chinesisches-gemusebeil-lkcvc10002","status":"publish","type":"product","link":"https:\/\/leeknives.com\/de\/chinese-vegetable-cleaver-lkcvc10002\/","title":{"rendered":"8Cr13MoV Stabilisiertes Holz Chinesisches Gem\u00fcsebeil 185 mm LKCVC10002"},"content":{"rendered":"","protected":false},"excerpt":{"rendered":"<h3>Hauptmerkmale<\/h3>\n<ul>\n<li>Hervorragende Qualit\u00e4t durch 8Cr13MoV-Stahl. Dank der F\u00e4higkeit, eine scharfe Schneide zu behalten, ist die Klinge immer rasiermesserscharf und bereit f\u00fcr Schnitte auf h\u00f6chstem Niveau.<\/li>\n<li>Vielseitiges chinesisches Gem\u00fcsebeil. Kann sowohl Fleisch als auch Gem\u00fcse zerkleinern.<\/li>\n<li>Ohne Kropf verf\u00fcgt das Messer \u00fcber eine glatte Griffstelle, die dem Koch eine fl\u00fcssigere Handhabung der Klinge erm\u00f6glicht.<\/li>\n<\/ul>\n<h3>Gut f\u00fcr<\/h3>\n<p>Fleisch, Fisch, Gem\u00fcse, Obst, Kr\u00e4uter<\/p>","protected":false},"featured_media":7485,"template":"","meta":{"inline_featured_image":false},"product_brand":[],"product_cat":[79],"product_tag":[],"class_list":{"0":"post-1652","1":"product","2":"type-product","3":"status-publish","4":"has-post-thumbnail","6":"product_cat-slicers","7":"pa_blade-material-8cr13mov","8":"sales-flash-overlay","9":"woocommerce-text-align-left","10":"woocommerce-image-align-center","11":"do-quantity-buttons","13":"first","14":"instock","15":"shipping-taxable","16":"product-type-simple"},"_links":{"self":[{"href":"https:\/\/leeknives.com\/de\/wp-json\/wp\/v2\/product\/1652","targetHints":{"allow":["GET"]}}],"collection":[{"href":"https:\/\/leeknives.com\/de\/wp-json\/wp\/v2\/product"}],"about":[{"href":"https:\/\/leeknives.com\/de\/wp-json\/wp\/v2\/types\/product"}],"wp:featuredmedia":[{"embeddable":true,"href":"https:\/\/leeknives.com\/de\/wp-json\/wp\/v2\/media\/7485"}],"wp:attachment":[{"href":"https:\/\/leeknives.com\/de\/wp-json\/wp\/v2\/media?parent=1652"}],"wp:term":[{"taxonomy":"product_brand","embeddable":true,"href":"https:\/\/leeknives.com\/de\/wp-json\/wp\/v2\/product_brand?post=1652"},{"taxonomy":"product_cat","embeddable":true,"href":"https:\/\/leeknives.com\/de\/wp-json\/wp\/v2\/product_cat?post=1652"},{"taxonomy":"product_tag","embeddable":true,"href":"https:\/\/leeknives.com\/de\/wp-json\/wp\/v2\/product_tag?post=1652"}],"curies":[{"name":"wp","href":"https:\/\/api.w.org\/{rel}","templated":true}]}}