{"id":1654,"date":"2022-05-27T13:58:37","date_gmt":"2022-05-27T05:58:37","guid":{"rendered":"https:\/\/leeknives.com\/?post_type=product&#038;p=1654"},"modified":"2023-12-22T16:11:02","modified_gmt":"2023-12-22T08:11:02","slug":"chinesisches-hackmesser-lkcck10001","status":"publish","type":"product","link":"https:\/\/leeknives.com\/de\/chinese-chopping-knife-lkcck10001\/","title":{"rendered":"Chinesisches Hackmesser aus 8Cr13MoV-Stahl mit stabilisiertem Holz, 185 mm, LKCCK10001"},"content":{"rendered":"","protected":false},"excerpt":{"rendered":"<h3>Hauptmerkmale<\/h3>\n<ul>\n<li>Das chinesische Kochmesser, eine Mischung aus Gem\u00fcse- und Fleischerbeil, eignet sich hervorragend zum feinen Schneiden und Hacken d\u00fcnner, weicher Knochen.<\/li>\n<li>8Cr13MoV als Kernstahl, ummantelt mit 430er Edelstahl, erreicht sowohl professionelle Sch\u00e4rfe als auch einfache Wartung<\/li>\n<li>Stabilisierter Holzgriff, der wasserbest\u00e4ndig ist und sich nicht leicht verformt<\/li>\n<\/ul>\n<h3>Gut f\u00fcr<\/h3>\n<p>Gefl\u00fcgel, Fleisch, Fisch, Gem\u00fcse, Obst, Kr\u00e4uter<\/p>","protected":false},"featured_media":7435,"template":"","meta":{"inline_featured_image":false},"product_brand":[],"product_cat":[78],"product_tag":[],"class_list":{"0":"post-1654","1":"product","2":"type-product","3":"status-publish","4":"has-post-thumbnail","6":"product_cat-choppers","7":"pa_blade-material-8cr13mov","8":"sales-flash-overlay","9":"woocommerce-text-align-left","10":"woocommerce-image-align-center","11":"do-quantity-buttons","13":"first","14":"instock","15":"shipping-taxable","16":"product-type-simple"},"_links":{"self":[{"href":"https:\/\/leeknives.com\/de\/wp-json\/wp\/v2\/product\/1654","targetHints":{"allow":["GET"]}}],"collection":[{"href":"https:\/\/leeknives.com\/de\/wp-json\/wp\/v2\/product"}],"about":[{"href":"https:\/\/leeknives.com\/de\/wp-json\/wp\/v2\/types\/product"}],"wp:featuredmedia":[{"embeddable":true,"href":"https:\/\/leeknives.com\/de\/wp-json\/wp\/v2\/media\/7435"}],"wp:attachment":[{"href":"https:\/\/leeknives.com\/de\/wp-json\/wp\/v2\/media?parent=1654"}],"wp:term":[{"taxonomy":"product_brand","embeddable":true,"href":"https:\/\/leeknives.com\/de\/wp-json\/wp\/v2\/product_brand?post=1654"},{"taxonomy":"product_cat","embeddable":true,"href":"https:\/\/leeknives.com\/de\/wp-json\/wp\/v2\/product_cat?post=1654"},{"taxonomy":"product_tag","embeddable":true,"href":"https:\/\/leeknives.com\/de\/wp-json\/wp\/v2\/product_tag?post=1654"}],"curies":[{"name":"wp","href":"https:\/\/api.w.org\/{rel}","templated":true}]}}