{"id":1657,"date":"2022-05-27T14:18:11","date_gmt":"2022-05-27T06:18:11","guid":{"rendered":"https:\/\/leeknives.com\/?post_type=product&#038;p=1657"},"modified":"2023-12-22T16:10:52","modified_gmt":"2023-12-22T08:10:52","slug":"ausbeinmesser-lkspk10001","status":"publish","type":"product","link":"https:\/\/leeknives.com\/de\/boning-knife-lkspk10001\/","title":{"rendered":"5Cr15MoV Palisander-Ausbeinmesser 150 mm LKSPK10001"},"content":{"rendered":"","protected":false},"excerpt":{"rendered":"<h3>Hauptmerkmale<\/h3>\n<ul>\n<li>Ausbeinmesser in S-Form. Das geschwungene Design sorgt f\u00fcr zufriedenstellende Ergebnisse beim Ausnehmen von Fisch und Fleisch.<\/li>\n<li>Nutzen Sie die Langlebigkeit der Klinge f\u00fcr harte Eins\u00e4tze. Das 5Cr15MoV ist zudem rostbest\u00e4ndig.<\/li>\n<li>Robuster Palisandergriff. Stabil und dennoch bequem zu halten, um Erm\u00fcdung der Finger vorzubeugen.<\/li>\n<\/ul>\n<h3>Gut f\u00fcr<\/h3>\n<p>Fisch, Fleisch<\/p>","protected":false},"featured_media":7792,"template":"","meta":{"inline_featured_image":false},"product_brand":[],"product_cat":[81],"product_tag":[],"class_list":{"0":"post-1657","1":"product","2":"type-product","3":"status-publish","4":"has-post-thumbnail","6":"product_cat-specialty-knives","7":"pa_blade-material-5cr15mov","8":"sales-flash-overlay","9":"woocommerce-text-align-left","10":"woocommerce-image-align-center","11":"do-quantity-buttons","13":"first","14":"instock","15":"shipping-taxable","16":"product-type-simple"},"_links":{"self":[{"href":"https:\/\/leeknives.com\/de\/wp-json\/wp\/v2\/product\/1657","targetHints":{"allow":["GET"]}}],"collection":[{"href":"https:\/\/leeknives.com\/de\/wp-json\/wp\/v2\/product"}],"about":[{"href":"https:\/\/leeknives.com\/de\/wp-json\/wp\/v2\/types\/product"}],"wp:featuredmedia":[{"embeddable":true,"href":"https:\/\/leeknives.com\/de\/wp-json\/wp\/v2\/media\/7792"}],"wp:attachment":[{"href":"https:\/\/leeknives.com\/de\/wp-json\/wp\/v2\/media?parent=1657"}],"wp:term":[{"taxonomy":"product_brand","embeddable":true,"href":"https:\/\/leeknives.com\/de\/wp-json\/wp\/v2\/product_brand?post=1657"},{"taxonomy":"product_cat","embeddable":true,"href":"https:\/\/leeknives.com\/de\/wp-json\/wp\/v2\/product_cat?post=1657"},{"taxonomy":"product_tag","embeddable":true,"href":"https:\/\/leeknives.com\/de\/wp-json\/wp\/v2\/product_tag?post=1657"}],"curies":[{"name":"wp","href":"https:\/\/api.w.org\/{rel}","templated":true}]}}