{"id":1867,"date":"2022-06-02T11:44:03","date_gmt":"2022-06-02T03:44:03","guid":{"rendered":"https:\/\/leeknives.com\/?post_type=product&#038;p=1867"},"modified":"2023-12-22T16:10:42","modified_gmt":"2023-12-22T08:10:42","slug":"chinesisches-hackmesser-lkcck10002","status":"publish","type":"product","link":"https:\/\/leeknives.com\/de\/chinese-chopping-knife-lkcck10002\/","title":{"rendered":"8Cr13MoV Palisander Chinesisches Hackmesser 200 mm LKCCK10002"},"content":{"rendered":"","protected":false},"excerpt":{"rendered":"<h3>Hauptmerkmale<\/h3>\n<ul>\n<li>Chinesisches Hackmesser mit doppeltem Anschliff \u2013 die wahre Definition von Vielseitigkeit. Mit diesem Messer k\u00f6nnen Sie Gem\u00fcse schneiden, d\u00fcnne Scheiben von wei\u00dfem und rotem Fleisch, Obst usw. schneiden.<\/li>\n<li>Die L\u00e4nge betr\u00e4gt 315 mm und ist somit perfekt f\u00fcr die Zubereitung gro\u00dfer Essensmengen.<\/li>\n<li>Ergonomisch geformter Griff aus Palisanderholz.<\/li>\n<\/ul>\n<h3>Gut f\u00fcr<\/h3>\n<p>Gefl\u00fcgel, Fleisch, Fisch, Gem\u00fcse, Obst, Kr\u00e4uter<\/p>","protected":false},"featured_media":7436,"template":"","meta":{"inline_featured_image":false},"product_brand":[],"product_cat":[78],"product_tag":[],"class_list":{"0":"post-1867","1":"product","2":"type-product","3":"status-publish","4":"has-post-thumbnail","6":"product_cat-choppers","7":"pa_blade-material-8cr13mov","8":"sales-flash-overlay","9":"woocommerce-text-align-left","10":"woocommerce-image-align-center","11":"do-quantity-buttons","13":"first","14":"instock","15":"shipping-taxable","16":"product-type-simple"},"_links":{"self":[{"href":"https:\/\/leeknives.com\/de\/wp-json\/wp\/v2\/product\/1867","targetHints":{"allow":["GET"]}}],"collection":[{"href":"https:\/\/leeknives.com\/de\/wp-json\/wp\/v2\/product"}],"about":[{"href":"https:\/\/leeknives.com\/de\/wp-json\/wp\/v2\/types\/product"}],"wp:featuredmedia":[{"embeddable":true,"href":"https:\/\/leeknives.com\/de\/wp-json\/wp\/v2\/media\/7436"}],"wp:attachment":[{"href":"https:\/\/leeknives.com\/de\/wp-json\/wp\/v2\/media?parent=1867"}],"wp:term":[{"taxonomy":"product_brand","embeddable":true,"href":"https:\/\/leeknives.com\/de\/wp-json\/wp\/v2\/product_brand?post=1867"},{"taxonomy":"product_cat","embeddable":true,"href":"https:\/\/leeknives.com\/de\/wp-json\/wp\/v2\/product_cat?post=1867"},{"taxonomy":"product_tag","embeddable":true,"href":"https:\/\/leeknives.com\/de\/wp-json\/wp\/v2\/product_tag?post=1867"}],"curies":[{"name":"wp","href":"https:\/\/api.w.org\/{rel}","templated":true}]}}