{"id":1876,"date":"2022-06-02T14:41:13","date_gmt":"2022-06-02T06:41:13","guid":{"rendered":"https:\/\/leeknives.com\/?post_type=product&#038;p=1876"},"modified":"2023-12-22T16:10:06","modified_gmt":"2023-12-22T08:10:06","slug":"gyuto-lkjgy10001","status":"publish","type":"product","link":"https:\/\/leeknives.com\/de\/gyuto-lkjgy10001\/","title":{"rendered":"8Cr13MoV plattierter Stahl, achteckig, Palisander, Wa-Griff, Gyuto, 200 mm, LKJGY10001"},"content":{"rendered":"","protected":false},"excerpt":{"rendered":"<h3>Hauptmerkmale<\/h3>\n<ul>\n<li>Die Klinge wurde aus zwei verschiedenen Stahlsorten gefertigt. 8Cr13MoV-Stahl in der Mitte sorgt f\u00fcr hohe Sch\u00e4rfe, w\u00e4hrend 430er Edelstahl im Kern f\u00fcr Z\u00e4higkeit sorgt.<\/li>\n<li>Japanisches Allzweck-Gyuto mit einer moderaten L\u00e4nge von 200 mm. Zum Schneiden, W\u00fcrfeln und Hacken der meisten Zutaten geeignet und austauschbar mit gew\u00f6hnlichen Kochmessern.<\/li>\n<li>Acht facettierter japanischer Wa-Griff. Das f\u00fcr die Herstellung dieses klassischen St\u00fccks verwendete Material ist Palisander.<\/li>\n<\/ul>\n<h3>Gut f\u00fcr<\/h3>\n<p>Fleisch, Fisch, Gem\u00fcse, Obst, Kr\u00e4uter<\/p>","protected":false},"featured_media":7534,"template":"","meta":{"inline_featured_image":false},"product_brand":[],"product_cat":[64],"product_tag":[],"class_list":{"0":"post-1876","1":"product","2":"type-product","3":"status-publish","4":"has-post-thumbnail","6":"product_cat-gyuto","7":"pa_blade-material-8cr13mov","8":"sales-flash-overlay","9":"woocommerce-text-align-left","10":"woocommerce-image-align-center","11":"do-quantity-buttons","13":"first","14":"instock","15":"shipping-taxable","16":"product-type-simple"},"_links":{"self":[{"href":"https:\/\/leeknives.com\/de\/wp-json\/wp\/v2\/product\/1876","targetHints":{"allow":["GET"]}}],"collection":[{"href":"https:\/\/leeknives.com\/de\/wp-json\/wp\/v2\/product"}],"about":[{"href":"https:\/\/leeknives.com\/de\/wp-json\/wp\/v2\/types\/product"}],"wp:featuredmedia":[{"embeddable":true,"href":"https:\/\/leeknives.com\/de\/wp-json\/wp\/v2\/media\/7534"}],"wp:attachment":[{"href":"https:\/\/leeknives.com\/de\/wp-json\/wp\/v2\/media?parent=1876"}],"wp:term":[{"taxonomy":"product_brand","embeddable":true,"href":"https:\/\/leeknives.com\/de\/wp-json\/wp\/v2\/product_brand?post=1876"},{"taxonomy":"product_cat","embeddable":true,"href":"https:\/\/leeknives.com\/de\/wp-json\/wp\/v2\/product_cat?post=1876"},{"taxonomy":"product_tag","embeddable":true,"href":"https:\/\/leeknives.com\/de\/wp-json\/wp\/v2\/product_tag?post=1876"}],"curies":[{"name":"wp","href":"https:\/\/api.w.org\/{rel}","templated":true}]}}