{"id":1877,"date":"2022-06-02T14:44:48","date_gmt":"2022-06-02T06:44:48","guid":{"rendered":"https:\/\/leeknives.com\/?post_type=product&#038;p=1877"},"modified":"2023-12-22T16:09:54","modified_gmt":"2023-12-22T08:09:54","slug":"chinesisches-hackmesser-lkcck10003","status":"publish","type":"product","link":"https:\/\/leeknives.com\/de\/chinese-chopping-knife-lkcck10003\/","title":{"rendered":"8Cr13MoV Palisander Chinesisches Hackmesser 180 mm LKCCK10003"},"content":{"rendered":"","protected":false},"excerpt":{"rendered":"<h3>Hauptmerkmale<\/h3>\n<ul>\n<li>Hergestellt aus kohlenstoffreichem Chromstahl 8Cr13MoV. Klingen aus diesem Stahl bieten hervorragende Sch\u00e4rfe und Schneidf\u00e4higkeit.<\/li>\n<li>Gebogene Ferse mit flacher Klingenkante. Dieses chinesische Hackmesser bereitet Freude beim Schneiden von gestapeltem Fleisch, Gem\u00fcse oder Kr\u00e4utern.<\/li>\n<li>Dichter Palisandergriff: unzerbrechlich im Vergleich zu herk\u00f6mmlichen Holzgriffen, h\u00e4lt auch unter harten Bedingungen lange.<\/li>\n<\/ul>\n<h3>Gut f\u00fcr<\/h3>\n<p>Gefl\u00fcgel, Fleisch, Fisch, Gem\u00fcse, Obst, Kr\u00e4uter<\/p>","protected":false},"featured_media":7437,"template":"","meta":{"inline_featured_image":false},"product_brand":[],"product_cat":[78],"product_tag":[],"class_list":{"0":"post-1877","1":"product","2":"type-product","3":"status-publish","4":"has-post-thumbnail","6":"product_cat-choppers","7":"pa_blade-material-8cr13mov","8":"sales-flash-overlay","9":"woocommerce-text-align-left","10":"woocommerce-image-align-center","11":"do-quantity-buttons","13":"first","14":"instock","15":"shipping-taxable","16":"product-type-simple"},"_links":{"self":[{"href":"https:\/\/leeknives.com\/de\/wp-json\/wp\/v2\/product\/1877","targetHints":{"allow":["GET"]}}],"collection":[{"href":"https:\/\/leeknives.com\/de\/wp-json\/wp\/v2\/product"}],"about":[{"href":"https:\/\/leeknives.com\/de\/wp-json\/wp\/v2\/types\/product"}],"wp:featuredmedia":[{"embeddable":true,"href":"https:\/\/leeknives.com\/de\/wp-json\/wp\/v2\/media\/7437"}],"wp:attachment":[{"href":"https:\/\/leeknives.com\/de\/wp-json\/wp\/v2\/media?parent=1877"}],"wp:term":[{"taxonomy":"product_brand","embeddable":true,"href":"https:\/\/leeknives.com\/de\/wp-json\/wp\/v2\/product_brand?post=1877"},{"taxonomy":"product_cat","embeddable":true,"href":"https:\/\/leeknives.com\/de\/wp-json\/wp\/v2\/product_cat?post=1877"},{"taxonomy":"product_tag","embeddable":true,"href":"https:\/\/leeknives.com\/de\/wp-json\/wp\/v2\/product_tag?post=1877"}],"curies":[{"name":"wp","href":"https:\/\/api.w.org\/{rel}","templated":true}]}}