{"id":1878,"date":"2022-06-02T14:55:41","date_gmt":"2022-06-02T06:55:41","guid":{"rendered":"https:\/\/leeknives.com\/?post_type=product&#038;p=1878"},"modified":"2025-11-06T14:09:36","modified_gmt":"2025-11-06T06:09:36","slug":"chinesisches-hackmesser-lkcck10004","status":"publish","type":"product","link":"https:\/\/leeknives.com\/de\/products\/chinese-chopping-knife-lkcck10004\/","title":{"rendered":"8Cr13MoV Palisander Chinesisches Hackmesser 200 mm Geh\u00e4mmertes Finish LKCCK10004"},"content":{"rendered":"<table>\n<tbody>\n<tr>\n<td>Artikelnr.<\/td>\n<td>LKCCK10004<\/td>\n<\/tr>\n<tr>\n<td>Gesamtl\u00e4nge<\/td>\n<td>320 mm \/ 12,6 Zoll.<\/td>\n<\/tr>\n<tr>\n<td>Klingenl\u00e4nge<\/td>\n<td>200 mm \/ 7,87 Zoll.<\/td>\n<\/tr>\n<tr>\n<td>Klingenbreite<\/td>\n<td>90 mm \/ 3,54 Zoll.<\/td>\n<\/tr>\n<tr>\n<td>Klingenst\u00e4rke<\/td>\n<td>2,5 mm \/ 0,1 Zoll.<\/td>\n<\/tr>\n<tr>\n<td>Gewicht<\/td>\n<td>470 g.<\/td>\n<\/tr>\n<tr>\n<td>Klinge<\/td>\n<td>8Cr13MoV<\/td>\n<\/tr>\n<tr>\n<td>Handhaben<\/td>\n<td>Rosenholz<\/td>\n<\/tr>\n<tr>\n<td>Rockwell-H\u00e4rte<\/td>\n<td>57 +\/- HRC<\/td>\n<\/tr>\n<tr>\n<td>Fase<\/td>\n<td>Doppelfase<\/td>\n<\/tr>\n<tr>\n<td>Mindestbestellmenge<\/td>\n<td>Ab 200 Stk.<\/td>\n<\/tr>\n<tr>\n<td>Lieferzeit<\/td>\n<td>Beispiel: 7-25 Tage<br \/>\nGro\u00dfhandel: 3-15 Tage<br \/>\nAnpassung (500\u20132000 St\u00fcck): 25\u201345 Tage<br \/>\nAnpassung (mehr als 2000 St\u00fcck): Nach Vereinbarung<\/td>\n<\/tr>\n<tr>\n<td>Verf\u00fcgbare Dienste<\/td>\n<td>Dropshipping, Gro\u00dfhandel, Eigenmarke, OEM<\/td>\n<\/tr>\n<tr>\n<td>Anpassung<\/td>\n<td>Gestempeltes\/lasergraviertes Logo, individuelle Verpackung<\/td>\n<\/tr>\n<\/tbody>\n<\/table>","protected":false},"excerpt":{"rendered":"<h3>Hauptmerkmale<\/h3>\n<ul>\n<li>Rechteckige Klinge mit geh\u00e4mmerter Oberfl\u00e4che. Es handelt sich um ein gro\u00dfes und sperriges chinesisches Hackmesser, das einem Hackmesser sehr \u00e4hnelt, aber vielseitiger einsetzbar ist.<\/li>\n<li>Hergestellt aus 8Cr13MoV-Monostahl: Das hei\u00dft, es wird aus einem einzigen St\u00fcck Stahl geschmiedet und w\u00e4rmebehandelt. Die fertige Klinge hat eine ordentliche Sch\u00e4rfe von 57 HRC und l\u00e4sst sich sehr leicht sch\u00e4rfen.<\/li>\n<li>Als Hartholzart ist Palisander ein relativ festes Holz. Der Messergriff aus diesem Holz ist zudem unempfindlich gegen\u00fcber Feuchtigkeit.<\/li>\n<\/ul>\n<h3>Gut f\u00fcr<\/h3>\n<p>Gefl\u00fcgel, Fleisch, Fisch, Gem\u00fcse, Obst, Kr\u00e4uter<\/p>","protected":false},"featured_media":7438,"template":"","meta":{"inline_featured_image":false},"product_brand":[],"product_cat":[78],"product_tag":[],"class_list":{"0":"post-1878","1":"product","2":"type-product","3":"status-publish","4":"has-post-thumbnail","6":"product_cat-choppers","7":"pa_blade-material-8cr13mov","8":"sales-flash-overlay","9":"woocommerce-text-align-left","10":"woocommerce-image-align-center","11":"do-quantity-buttons","13":"first","14":"instock","15":"shipping-taxable","16":"product-type-simple"},"_links":{"self":[{"href":"https:\/\/leeknives.com\/de\/wp-json\/wp\/v2\/product\/1878","targetHints":{"allow":["GET"]}}],"collection":[{"href":"https:\/\/leeknives.com\/de\/wp-json\/wp\/v2\/product"}],"about":[{"href":"https:\/\/leeknives.com\/de\/wp-json\/wp\/v2\/types\/product"}],"wp:featuredmedia":[{"embeddable":true,"href":"https:\/\/leeknives.com\/de\/wp-json\/wp\/v2\/media\/7438"}],"wp:attachment":[{"href":"https:\/\/leeknives.com\/de\/wp-json\/wp\/v2\/media?parent=1878"}],"wp:term":[{"taxonomy":"product_brand","embeddable":true,"href":"https:\/\/leeknives.com\/de\/wp-json\/wp\/v2\/product_brand?post=1878"},{"taxonomy":"product_cat","embeddable":true,"href":"https:\/\/leeknives.com\/de\/wp-json\/wp\/v2\/product_cat?post=1878"},{"taxonomy":"product_tag","embeddable":true,"href":"https:\/\/leeknives.com\/de\/wp-json\/wp\/v2\/product_tag?post=1878"}],"curies":[{"name":"wp","href":"https:\/\/api.w.org\/{rel}","templated":true}]}}