{"id":1879,"date":"2022-06-02T15:04:44","date_gmt":"2022-06-02T07:04:44","guid":{"rendered":"https:\/\/leeknives.com\/?post_type=product&#038;p=1879"},"modified":"2023-12-22T16:09:30","modified_gmt":"2023-12-22T08:09:30","slug":"kiritsuke-gyuto-lkjgy10008","status":"publish","type":"product","link":"https:\/\/leeknives.com\/de\/products\/kiritsuke-gyuto-lkjgy10008\/","title":{"rendered":"8Cr13MoV Palisander Kiritsuke Gyuto 200 mm LKJGY10008"},"content":{"rendered":"","protected":false},"excerpt":{"rendered":"<h3>Hauptmerkmale<\/h3>\n<ul>\n<li>Kiritsuke Gyuto ist eine Hybridversion zweier beliebter japanischer Allzweckmesser. Es verf\u00fcgt \u00fcber eine umgekehrte Tanto-Spitze, w\u00e4hrend das Klingenprofil lang und schlank bleibt.<\/li>\n<li>Verwenden Sie die Spitze f\u00fcr kompliziertere Arbeiten wie das Schneiden von Fleisch, die Schneide eignet sich zum normalen Schneiden von Gem\u00fcse und Obst.<\/li>\n<li>Um das Messer vielseitiger zu machen, befindet sich auf jeder Seite der Klinge eine Abschr\u00e4gung. Ein beidh\u00e4ndig bedienbares Messer, das auch K\u00fcchenneulingen Raum l\u00e4sst.<\/li>\n<\/ul>\n<h3>Gut f\u00fcr<\/h3>\n<p>Fleisch, Fisch, Gem\u00fcse, Obst, Kr\u00e4uter<\/p>","protected":false},"featured_media":7541,"template":"","meta":{"inline_featured_image":false},"product_brand":[],"product_cat":[64,66],"product_tag":[],"class_list":{"0":"post-1879","1":"product","2":"type-product","3":"status-publish","4":"has-post-thumbnail","6":"product_cat-gyuto","7":"product_cat-kiritsuke","8":"pa_blade-material-8cr13mov","9":"sales-flash-overlay","10":"woocommerce-text-align-left","11":"woocommerce-image-align-center","12":"do-quantity-buttons","14":"first","15":"instock","16":"shipping-taxable","17":"product-type-simple"},"_links":{"self":[{"href":"https:\/\/leeknives.com\/de\/wp-json\/wp\/v2\/product\/1879","targetHints":{"allow":["GET"]}}],"collection":[{"href":"https:\/\/leeknives.com\/de\/wp-json\/wp\/v2\/product"}],"about":[{"href":"https:\/\/leeknives.com\/de\/wp-json\/wp\/v2\/types\/product"}],"wp:featuredmedia":[{"embeddable":true,"href":"https:\/\/leeknives.com\/de\/wp-json\/wp\/v2\/media\/7541"}],"wp:attachment":[{"href":"https:\/\/leeknives.com\/de\/wp-json\/wp\/v2\/media?parent=1879"}],"wp:term":[{"taxonomy":"product_brand","embeddable":true,"href":"https:\/\/leeknives.com\/de\/wp-json\/wp\/v2\/product_brand?post=1879"},{"taxonomy":"product_cat","embeddable":true,"href":"https:\/\/leeknives.com\/de\/wp-json\/wp\/v2\/product_cat?post=1879"},{"taxonomy":"product_tag","embeddable":true,"href":"https:\/\/leeknives.com\/de\/wp-json\/wp\/v2\/product_tag?post=1879"}],"curies":[{"name":"wp","href":"https:\/\/api.w.org\/{rel}","templated":true}]}}