{"id":1880,"date":"2022-06-02T15:19:47","date_gmt":"2022-06-02T07:19:47","guid":{"rendered":"https:\/\/leeknives.com\/?post_type=product&#038;p=1880"},"modified":"2023-12-22T16:09:17","modified_gmt":"2023-12-22T08:09:17","slug":"gyuto-lkjgy10002","status":"publish","type":"product","link":"https:\/\/leeknives.com\/de\/products\/gyuto-lkjgy10002\/","title":{"rendered":"8Cr13MoV Palisander Gyuto 200 mm LKJGY10002"},"content":{"rendered":"","protected":false},"excerpt":{"rendered":"<h3>Hauptmerkmale<\/h3>\n<ul>\n<li>8Cr13MoV-Stahl eignet sich hervorragend f\u00fcr K\u00fcchenmesser. Bei entsprechender W\u00e4rmebehandlung erreicht er eine H\u00e4rte von 57 HRC. Die Schnitthaltigkeit ist etwas d\u00fcrftig, l\u00e4sst sich aber problemlos nachsch\u00e4rfen.<\/li>\n<li>Das Gyuto-Messer hat eine Standardklingenl\u00e4nge von 200 mm. Sowohl Profi- als auch Hobbyk\u00f6che finden damit das perfekte Messer zum Fleischschneiden, Gem\u00fcsehacken oder Fischschneiden.<\/li>\n<li>Teilerl, der nicht bis zur R\u00fcckseite des Griffs reicht. Viel leichter und einfacher zu kontrollieren.<\/li>\n<\/ul>\n<h3>Gut f\u00fcr<\/h3>\n<p>Fleisch, Fisch, Gem\u00fcse, Obst, Kr\u00e4uter<\/p>","protected":false},"featured_media":7535,"template":"","meta":{"inline_featured_image":false},"product_brand":[],"product_cat":[64],"product_tag":[],"class_list":{"0":"post-1880","1":"product","2":"type-product","3":"status-publish","4":"has-post-thumbnail","6":"product_cat-gyuto","7":"pa_blade-material-8cr13mov","8":"sales-flash-overlay","9":"woocommerce-text-align-left","10":"woocommerce-image-align-center","11":"do-quantity-buttons","13":"first","14":"instock","15":"shipping-taxable","16":"product-type-simple"},"_links":{"self":[{"href":"https:\/\/leeknives.com\/de\/wp-json\/wp\/v2\/product\/1880","targetHints":{"allow":["GET"]}}],"collection":[{"href":"https:\/\/leeknives.com\/de\/wp-json\/wp\/v2\/product"}],"about":[{"href":"https:\/\/leeknives.com\/de\/wp-json\/wp\/v2\/types\/product"}],"wp:featuredmedia":[{"embeddable":true,"href":"https:\/\/leeknives.com\/de\/wp-json\/wp\/v2\/media\/7535"}],"wp:attachment":[{"href":"https:\/\/leeknives.com\/de\/wp-json\/wp\/v2\/media?parent=1880"}],"wp:term":[{"taxonomy":"product_brand","embeddable":true,"href":"https:\/\/leeknives.com\/de\/wp-json\/wp\/v2\/product_brand?post=1880"},{"taxonomy":"product_cat","embeddable":true,"href":"https:\/\/leeknives.com\/de\/wp-json\/wp\/v2\/product_cat?post=1880"},{"taxonomy":"product_tag","embeddable":true,"href":"https:\/\/leeknives.com\/de\/wp-json\/wp\/v2\/product_tag?post=1880"}],"curies":[{"name":"wp","href":"https:\/\/api.w.org\/{rel}","templated":true}]}}