{"id":1881,"date":"2022-06-02T15:24:43","date_gmt":"2022-06-02T07:24:43","guid":{"rendered":"https:\/\/leeknives.com\/?post_type=product&#038;p=1881"},"modified":"2023-12-22T16:09:06","modified_gmt":"2023-12-22T08:09:06","slug":"santoku-lkjso10002","status":"publish","type":"product","link":"https:\/\/leeknives.com\/de\/santoku-lkjso10002\/","title":{"rendered":"8Cr13MoV Palisander Santoku 170 mm LKJSO10002"},"content":{"rendered":"","protected":false},"excerpt":{"rendered":"<h3>Hauptmerkmale<\/h3>\n<ul>\n<li>8Cr13MoV ist standardm\u00e4\u00dfig ein kohlenstoffreicher Edelstahl. Der hohe Chromgehalt macht die Klinge rostbest\u00e4ndig. Kohlenstoff und Verunreinigungen sorgen f\u00fcr H\u00e4rte (57 HRC) und Festigkeit.<\/li>\n<li>Das vielseitig einsetzbare Santokumesser ist die ideale Wahl f\u00fcr jede K\u00fcche. Mit dem Messer k\u00f6nnen Sie eine gro\u00dfe Bandbreite an Zutaten zubereiten, von Fleisch und Meeresfr\u00fcchten bis hin zu Gem\u00fcse und Obst.<\/li>\n<li>Das f\u00fcr dieses Messer verwendete Palisandermaterial ist kein typischer Holzgriff, sondern unglaublich langlebig.<\/li>\n<\/ul>\n<h3>Gut f\u00fcr<\/h3>\n<p>Fleisch, Fisch, Gem\u00fcse, Obst, Kr\u00e4uter<\/p>","protected":false},"featured_media":7558,"template":"","meta":{"inline_featured_image":false},"product_brand":[],"product_cat":[65],"product_tag":[],"class_list":{"0":"post-1881","1":"product","2":"type-product","3":"status-publish","4":"has-post-thumbnail","6":"product_cat-santoku","7":"pa_blade-material-8cr13mov","8":"sales-flash-overlay","9":"woocommerce-text-align-left","10":"woocommerce-image-align-center","11":"do-quantity-buttons","13":"first","14":"instock","15":"shipping-taxable","16":"product-type-simple"},"_links":{"self":[{"href":"https:\/\/leeknives.com\/de\/wp-json\/wp\/v2\/product\/1881","targetHints":{"allow":["GET"]}}],"collection":[{"href":"https:\/\/leeknives.com\/de\/wp-json\/wp\/v2\/product"}],"about":[{"href":"https:\/\/leeknives.com\/de\/wp-json\/wp\/v2\/types\/product"}],"wp:featuredmedia":[{"embeddable":true,"href":"https:\/\/leeknives.com\/de\/wp-json\/wp\/v2\/media\/7558"}],"wp:attachment":[{"href":"https:\/\/leeknives.com\/de\/wp-json\/wp\/v2\/media?parent=1881"}],"wp:term":[{"taxonomy":"product_brand","embeddable":true,"href":"https:\/\/leeknives.com\/de\/wp-json\/wp\/v2\/product_brand?post=1881"},{"taxonomy":"product_cat","embeddable":true,"href":"https:\/\/leeknives.com\/de\/wp-json\/wp\/v2\/product_cat?post=1881"},{"taxonomy":"product_tag","embeddable":true,"href":"https:\/\/leeknives.com\/de\/wp-json\/wp\/v2\/product_tag?post=1881"}],"curies":[{"name":"wp","href":"https:\/\/api.w.org\/{rel}","templated":true}]}}