{"id":1882,"date":"2022-06-02T15:51:54","date_gmt":"2022-06-02T07:51:54","guid":{"rendered":"https:\/\/leeknives.com\/?post_type=product&#038;p=1882"},"modified":"2026-03-30T14:08:06","modified_gmt":"2026-03-30T06:08:06","slug":"nakiri-lkjnk10002","status":"publish","type":"product","link":"https:\/\/leeknives.com\/de\/nakiri-lkjnk10002\/","title":{"rendered":"8Cr13MoV Palisander Nakiri 170 mm LKJNK10002"},"content":{"rendered":"<h2>Gro\u00dfpackung 170-mm-Nakiri-Messer f\u00fcr Restaurant- und Cateringbedarf<\/h2>\n<p>Erweitern Sie Ihr Sortiment an K\u00fcchenmessern f\u00fcr den Gro\u00dfhandel mit diesem robusten Nakiri-Messer aus 8Cr13MoV-Edelstahl und Rosenholz. Die 170 mm lange Klinge wurde speziell f\u00fcr Gesch\u00e4ftskunden wie Restaurantlieferanten, Hotelketten und Catering-Unternehmen entwickelt und bietet ein hervorragendes Preis-Leistungs-Verh\u00e4ltnis. Der Kern aus kohlenstoffreichem Edelstahl sorgt daf\u00fcr, dass das Messer auch bei intensivem t\u00e4glichem Gebrauch seine Sch\u00e4rfe beh\u00e4lt und gleichzeitig nur minimalen Pflegeaufwand erfordert \u2013 ein entscheidender Faktor bei Investitionen in K\u00fcchenger\u00e4te in gro\u00dfen Mengen. Der Griff aus Rosenholz liegt angenehm in der Hand und ist \u00e4u\u00dferst langlebig. Sein schlichtes, funktionales Design konzentriert sich auf das Wesentliche und macht es ideal f\u00fcr Eigenmarkenprogramme und kosteng\u00fcnstige K\u00fcchensets. Wir bieten flexible Bestellmengen und individuelle Anpassungsm\u00f6glichkeiten, um Ihre spezifischen Anforderungen an die Lieferkette zu erf\u00fcllen.<\/p>\n<h3>Hauptmerkmale<\/h3>\n<p>Dieses Nakiri-Messer ist f\u00fcr den robusten Einsatz im Gro\u00dfk\u00fcchenbereich und den t\u00e4glichen Gebrauch konzipiert. Die ausgewogene Formgebung reduziert die Belastung des Handgelenks, und die durchgehende Erlkonstruktion garantiert Langlebigkeit. Es ist ein zuverl\u00e4ssiges Arbeitsmesser, das sich in professionellen K\u00fcchen weltweit als unverzichtbar erweisen wird.<\/p>\n<h3>Technische Daten<\/h3>\n<table>\n<tr>\n<th>Spezifikation<\/th>\n<th>Detail<\/th>\n<\/tr>\n<tr>\n<td>Produktname<\/td>\n<td>8Cr13MoV Rosenholz Nakiri<\/td>\n<\/tr>\n<tr>\n<td>Modell\/Artikelnummer<\/td>\n<td>LKJNK10002<\/td>\n<\/tr>\n<tr>\n<td>Klingenmaterial<\/td>\n<td>8Cr13MoV Edelstahl<\/td>\n<\/tr>\n<tr>\n<td>Klingenl\u00e4nge<\/td>\n<td>170 mm<\/td>\n<\/tr>\n<tr>\n<td>Gesamtl\u00e4nge<\/td>\n<td>Ca. 315 mm<\/td>\n<\/tr>\n<tr>\n<td>Griffmaterial<\/td>\n<td>Rosenholz<\/td>\n<\/tr>\n<tr>\n<td>Messertyp<\/td>\n<td>Nakiri (Gem\u00fcsemesser)<\/td>\n<\/tr>\n<tr>\n<td>Prim\u00e4re Verwendung<\/td>\n<td>Professionelle Gem\u00fcsezubereitung<\/td>\n<\/tr>\n<tr>\n<td>Verpackung<\/td>\n<td>Gro\u00dfverpackung; OEM-\/Eigenmarkenoptionen verf\u00fcgbar<\/td>\n<\/tr>\n<\/table>","protected":false},"excerpt":{"rendered":"<h3>Hauptmerkmale<\/h3>\n<ul>\n<li><strong>Robuste 8Cr13MoV-Konstruktion:<\/strong> Bietet zuverl\u00e4ssige Sch\u00e4rfe und Fleckenbest\u00e4ndigkeit, perfekt f\u00fcr gleichbleibende Leistung in anspruchsvollen K\u00fcchenumgebungen.<\/li>\n<li><strong>Klassischer Palisandergriff:<\/strong> Bietet einen sicheren, traditionellen Griff, der sowohl \u00e4sthetisch ansprechend als auch hochfunktional f\u00fcr professionelle Anwender ist.<\/li>\n<li><strong>Vielseitige 170-mm-Klinge:<\/strong> Durch das etwas l\u00e4ngere Profil wird die Schneidleistung f\u00fcr eine gr\u00f6\u00dfere Vielfalt an Gem\u00fcsesorten verbessert, was es zur ersten Wahl f\u00fcr die Gro\u00dfbestellung von Restaurants macht.<\/li>\n<\/ul>","protected":false},"featured_media":7551,"template":"","meta":{"inline_featured_image":false},"product_brand":[],"product_cat":[68],"product_tag":[],"class_list":{"0":"post-1882","1":"product","2":"type-product","3":"status-publish","4":"has-post-thumbnail","6":"product_cat-nakiri","7":"pa_blade-material-8cr13mov","8":"sales-flash-overlay","9":"woocommerce-text-align-left","10":"woocommerce-image-align-center","11":"do-quantity-buttons","13":"first","14":"instock","15":"shipping-taxable","16":"product-type-simple"},"_links":{"self":[{"href":"https:\/\/leeknives.com\/de\/wp-json\/wp\/v2\/product\/1882","targetHints":{"allow":["GET"]}}],"collection":[{"href":"https:\/\/leeknives.com\/de\/wp-json\/wp\/v2\/product"}],"about":[{"href":"https:\/\/leeknives.com\/de\/wp-json\/wp\/v2\/types\/product"}],"wp:featuredmedia":[{"embeddable":true,"href":"https:\/\/leeknives.com\/de\/wp-json\/wp\/v2\/media\/7551"}],"wp:attachment":[{"href":"https:\/\/leeknives.com\/de\/wp-json\/wp\/v2\/media?parent=1882"}],"wp:term":[{"taxonomy":"product_brand","embeddable":true,"href":"https:\/\/leeknives.com\/de\/wp-json\/wp\/v2\/product_brand?post=1882"},{"taxonomy":"product_cat","embeddable":true,"href":"https:\/\/leeknives.com\/de\/wp-json\/wp\/v2\/product_cat?post=1882"},{"taxonomy":"product_tag","embeddable":true,"href":"https:\/\/leeknives.com\/de\/wp-json\/wp\/v2\/product_tag?post=1882"}],"curies":[{"name":"wp","href":"https:\/\/api.w.org\/{rel}","templated":true}]}}