{"id":1883,"date":"2022-06-02T15:55:38","date_gmt":"2022-06-02T07:55:38","guid":{"rendered":"https:\/\/leeknives.com\/?post_type=product&#038;p=1883"},"modified":"2023-12-22T16:08:42","modified_gmt":"2023-12-22T08:08:42","slug":"chinesisches-gemusebeil-lkcvc10003","status":"publish","type":"product","link":"https:\/\/leeknives.com\/de\/products\/chinese-vegetable-cleaver-lkcvc10003\/","title":{"rendered":"8Cr13MoV Palisander Chinesisches Gem\u00fcsebeil 180 mm LKCVC10003"},"content":{"rendered":"","protected":false},"excerpt":{"rendered":"<h3>Hauptmerkmale<\/h3>\n<ul>\n<li>Dies ist ein Gem\u00fcsebeil im chinesischen Stil, auch bekannt als \u201eCai Dao\u201c. Lassen Sie sich jedoch nicht vom Namen t\u00e4uschen. Das Messer eignet sich tats\u00e4chlich zum Schneiden von Fleisch, Fisch, Gem\u00fcse und Obst.<\/li>\n<li>8Cr13MoV-Stahl eignet sich hervorragend f\u00fcr Arbeiten unter rauen Bedingungen. Es ist ein ziemlich hartes Messer mit guter Widerstandsf\u00e4higkeit. Das bedeutet jedoch nicht, dass es weniger Pflege erfordert.<\/li>\n<li>Der Messergriff wurde aus dem ewigen Palisanderholz gefertigt. Eine Hartholzart, die sich ihren Namen durch ihre St\u00e4rke und Haltbarkeit erworben hat.<\/li>\n<\/ul>\n<h3>Gut f\u00fcr<\/h3>\n<p>Fleisch, Fisch, Gem\u00fcse, Obst<\/p>","protected":false},"featured_media":7486,"template":"","meta":{"inline_featured_image":false},"product_brand":[],"product_cat":[79],"product_tag":[],"class_list":{"0":"post-1883","1":"product","2":"type-product","3":"status-publish","4":"has-post-thumbnail","6":"product_cat-slicers","7":"pa_blade-material-8cr13mov","8":"sales-flash-overlay","9":"woocommerce-text-align-left","10":"woocommerce-image-align-center","11":"do-quantity-buttons","13":"first","14":"instock","15":"shipping-taxable","16":"product-type-simple"},"_links":{"self":[{"href":"https:\/\/leeknives.com\/de\/wp-json\/wp\/v2\/product\/1883","targetHints":{"allow":["GET"]}}],"collection":[{"href":"https:\/\/leeknives.com\/de\/wp-json\/wp\/v2\/product"}],"about":[{"href":"https:\/\/leeknives.com\/de\/wp-json\/wp\/v2\/types\/product"}],"wp:featuredmedia":[{"embeddable":true,"href":"https:\/\/leeknives.com\/de\/wp-json\/wp\/v2\/media\/7486"}],"wp:attachment":[{"href":"https:\/\/leeknives.com\/de\/wp-json\/wp\/v2\/media?parent=1883"}],"wp:term":[{"taxonomy":"product_brand","embeddable":true,"href":"https:\/\/leeknives.com\/de\/wp-json\/wp\/v2\/product_brand?post=1883"},{"taxonomy":"product_cat","embeddable":true,"href":"https:\/\/leeknives.com\/de\/wp-json\/wp\/v2\/product_cat?post=1883"},{"taxonomy":"product_tag","embeddable":true,"href":"https:\/\/leeknives.com\/de\/wp-json\/wp\/v2\/product_tag?post=1883"}],"curies":[{"name":"wp","href":"https:\/\/api.w.org\/{rel}","templated":true}]}}