{"id":1884,"date":"2022-06-02T15:59:52","date_gmt":"2022-06-02T07:59:52","guid":{"rendered":"https:\/\/leeknives.com\/?post_type=product&#038;p=1884"},"modified":"2023-12-22T16:08:32","modified_gmt":"2023-12-22T08:08:32","slug":"chinesisches-hackmesser-lkcck10005","status":"publish","type":"product","link":"https:\/\/leeknives.com\/de\/products\/chinese-chopping-knife-lkcck10005\/","title":{"rendered":"8Cr13MoV Palisander Chinesisches Hackmesser 200 mm LKCCK10005"},"content":{"rendered":"","protected":false},"excerpt":{"rendered":"<h3>Hauptmerkmale<\/h3>\n<ul>\n<li>8Cr13MoV-Stahl weist eine komplizierte chemische Zusammensetzung auf; Verunreinigungen wie Mangan und Silizium verleihen dem Stahl H\u00e4rte und Festigkeit.<\/li>\n<li>Die Klinge dieses chinesischen Hackmessers war stark gebogen. Dadurch hatte die Klinge fast die Form eines Viertelkreises. Das Messer wurde so konzipiert, um etwas h\u00e4rtere Aufgaben wie das Schneiden von Gefl\u00fcgel zu bew\u00e4ltigen und gleichzeitig das Schneiden von Gem\u00fcse in feine Scheiben zu erm\u00f6glichen.<\/li>\n<li>Der aus Indien stammende Griff aus Palisanderholz ist besonders robust und kann jahrelang halten, ohne sich zu verformen.<\/li>\n<\/ul>\n<h3>Gut f\u00fcr<\/h3>\n<p>Gefl\u00fcgel, Fleisch, Fisch, Gem\u00fcse, Obst<\/p>","protected":false},"featured_media":7439,"template":"","meta":{"inline_featured_image":false},"product_brand":[],"product_cat":[78],"product_tag":[],"class_list":{"0":"post-1884","1":"product","2":"type-product","3":"status-publish","4":"has-post-thumbnail","6":"product_cat-choppers","7":"pa_blade-material-8cr13mov","8":"sales-flash-overlay","9":"woocommerce-text-align-left","10":"woocommerce-image-align-center","11":"do-quantity-buttons","13":"first","14":"instock","15":"shipping-taxable","16":"product-type-simple"},"_links":{"self":[{"href":"https:\/\/leeknives.com\/de\/wp-json\/wp\/v2\/product\/1884","targetHints":{"allow":["GET"]}}],"collection":[{"href":"https:\/\/leeknives.com\/de\/wp-json\/wp\/v2\/product"}],"about":[{"href":"https:\/\/leeknives.com\/de\/wp-json\/wp\/v2\/types\/product"}],"wp:featuredmedia":[{"embeddable":true,"href":"https:\/\/leeknives.com\/de\/wp-json\/wp\/v2\/media\/7439"}],"wp:attachment":[{"href":"https:\/\/leeknives.com\/de\/wp-json\/wp\/v2\/media?parent=1884"}],"wp:term":[{"taxonomy":"product_brand","embeddable":true,"href":"https:\/\/leeknives.com\/de\/wp-json\/wp\/v2\/product_brand?post=1884"},{"taxonomy":"product_cat","embeddable":true,"href":"https:\/\/leeknives.com\/de\/wp-json\/wp\/v2\/product_cat?post=1884"},{"taxonomy":"product_tag","embeddable":true,"href":"https:\/\/leeknives.com\/de\/wp-json\/wp\/v2\/product_tag?post=1884"}],"curies":[{"name":"wp","href":"https:\/\/api.w.org\/{rel}","templated":true}]}}