{"id":1885,"date":"2022-06-02T16:25:49","date_gmt":"2022-06-02T08:25:49","guid":{"rendered":"https:\/\/leeknives.com\/?post_type=product&#038;p=1885"},"modified":"2023-12-22T16:08:23","modified_gmt":"2023-12-22T08:08:23","slug":"melonenmesser-lkspk10002","status":"publish","type":"product","link":"https:\/\/leeknives.com\/de\/products\/melon-knife-lkspk10002\/","title":{"rendered":"5Cr15MoV Palisander-Melonenmesser 215 mm LKSPK10002"},"content":{"rendered":"","protected":false},"excerpt":{"rendered":"<h3>Hauptmerkmale<\/h3>\n<ul>\n<li>Dieses quadratische Melonenmesser ist speziell zum Schneiden von Obst konzipiert. Die zus\u00e4tzliche L\u00e4nge von 215 mm sorgt jedes Mal f\u00fcr saubere Schnitte.<\/li>\n<li>Machen Sie sich bei der Verwendung dieses Messers keine Sorgen \u00fcber abgebrochene oder verbogene Klingen. Der 5Cr15MoV-Stahl \u00fcbertrifft die meisten anderen St\u00e4hle in puncto Verschlei\u00dffestigkeit und Haltbarkeit.<\/li>\n<li>Beim Umgang mit Fr\u00fcchten kann der klebrige Saft des Fruchtfleisches auf das Messer spritzen. Wir lassen es nicht durch Feuchtigkeit ruinieren \u2013 deshalb wurde f\u00fcr den Griff Palisanderholz verwendet. Es ist resistent gegen Bakterien und Feuchtigkeit.<\/li>\n<\/ul>\n<h3>Gut f\u00fcr<\/h3>\n<p>Melonen &amp; anderes Obst<\/p>","protected":false},"featured_media":7793,"template":"","meta":{"inline_featured_image":false},"product_brand":[],"product_cat":[81],"product_tag":[],"class_list":{"0":"post-1885","1":"product","2":"type-product","3":"status-publish","4":"has-post-thumbnail","6":"product_cat-specialty-knives","7":"pa_blade-material-5cr15mov","8":"sales-flash-overlay","9":"woocommerce-text-align-left","10":"woocommerce-image-align-center","11":"do-quantity-buttons","13":"first","14":"instock","15":"shipping-taxable","16":"product-type-simple"},"_links":{"self":[{"href":"https:\/\/leeknives.com\/de\/wp-json\/wp\/v2\/product\/1885","targetHints":{"allow":["GET"]}}],"collection":[{"href":"https:\/\/leeknives.com\/de\/wp-json\/wp\/v2\/product"}],"about":[{"href":"https:\/\/leeknives.com\/de\/wp-json\/wp\/v2\/types\/product"}],"wp:featuredmedia":[{"embeddable":true,"href":"https:\/\/leeknives.com\/de\/wp-json\/wp\/v2\/media\/7793"}],"wp:attachment":[{"href":"https:\/\/leeknives.com\/de\/wp-json\/wp\/v2\/media?parent=1885"}],"wp:term":[{"taxonomy":"product_brand","embeddable":true,"href":"https:\/\/leeknives.com\/de\/wp-json\/wp\/v2\/product_brand?post=1885"},{"taxonomy":"product_cat","embeddable":true,"href":"https:\/\/leeknives.com\/de\/wp-json\/wp\/v2\/product_cat?post=1885"},{"taxonomy":"product_tag","embeddable":true,"href":"https:\/\/leeknives.com\/de\/wp-json\/wp\/v2\/product_tag?post=1885"}],"curies":[{"name":"wp","href":"https:\/\/api.w.org\/{rel}","templated":true}]}}