{"id":1886,"date":"2022-06-02T16:34:52","date_gmt":"2022-06-02T08:34:52","guid":{"rendered":"https:\/\/leeknives.com\/?post_type=product&#038;p=1886"},"modified":"2023-12-22T16:08:14","modified_gmt":"2023-12-22T08:08:14","slug":"aalmesser-lkjun10001","status":"publish","type":"product","link":"https:\/\/leeknives.com\/de\/products\/eel-knife-lkjun10001\/","title":{"rendered":"8Cr13MoV Aalmesser aus Palisander 175 mm LKJUN10001"},"content":{"rendered":"","protected":false},"excerpt":{"rendered":"<h3>Hauptmerkmale<\/h3>\n<ul>\n<li>Traditionelles Unagisaki im Tokioter Stil. Es ist das beliebteste Aalmesser unter den vier in Japan verbreiteten Unagisaki-Typen.<\/li>\n<li>Das Messer wurde ausschlie\u00dflich zum Zerlegen von Aalen verwendet. Obwohl nicht empfohlen, kann es auch zum Filetieren anderer langer und schlanker Fische verwendet werden.<\/li>\n<li>Zu den f\u00fcr dieses Messer verwendeten Materialien geh\u00f6ren eine Klinge aus 8Cr13MoV-Stahl und ein Griff aus Palisanderholz. Beides sind robuste Materialien, die gro\u00dfen St\u00f6\u00dfen standhalten k\u00f6nnen.<\/li>\n<\/ul>\n<h3>Gut f\u00fcr<\/h3>\n<p>Aale<\/p>","protected":false},"featured_media":7561,"template":"","meta":{"inline_featured_image":false},"product_brand":[],"product_cat":[74],"product_tag":[],"class_list":{"0":"post-1886","1":"product","2":"type-product","3":"status-publish","4":"has-post-thumbnail","6":"product_cat-eel-knives","7":"pa_blade-material-8cr13mov","8":"sales-flash-overlay","9":"woocommerce-text-align-left","10":"woocommerce-image-align-center","11":"do-quantity-buttons","13":"first","14":"instock","15":"shipping-taxable","16":"product-type-simple"},"_links":{"self":[{"href":"https:\/\/leeknives.com\/de\/wp-json\/wp\/v2\/product\/1886","targetHints":{"allow":["GET"]}}],"collection":[{"href":"https:\/\/leeknives.com\/de\/wp-json\/wp\/v2\/product"}],"about":[{"href":"https:\/\/leeknives.com\/de\/wp-json\/wp\/v2\/types\/product"}],"wp:featuredmedia":[{"embeddable":true,"href":"https:\/\/leeknives.com\/de\/wp-json\/wp\/v2\/media\/7561"}],"wp:attachment":[{"href":"https:\/\/leeknives.com\/de\/wp-json\/wp\/v2\/media?parent=1886"}],"wp:term":[{"taxonomy":"product_brand","embeddable":true,"href":"https:\/\/leeknives.com\/de\/wp-json\/wp\/v2\/product_brand?post=1886"},{"taxonomy":"product_cat","embeddable":true,"href":"https:\/\/leeknives.com\/de\/wp-json\/wp\/v2\/product_cat?post=1886"},{"taxonomy":"product_tag","embeddable":true,"href":"https:\/\/leeknives.com\/de\/wp-json\/wp\/v2\/product_tag?post=1886"}],"curies":[{"name":"wp","href":"https:\/\/api.w.org\/{rel}","templated":true}]}}