{"id":1888,"date":"2022-06-02T16:43:49","date_gmt":"2022-06-02T08:43:49","guid":{"rendered":"https:\/\/leeknives.com\/?post_type=product&#038;p=1888"},"modified":"2023-12-22T16:07:56","modified_gmt":"2023-12-22T08:07:56","slug":"ausbeinmesser-lkwbf10001","status":"publish","type":"product","link":"https:\/\/leeknives.com\/de\/boning-knife-lkwbf10001\/","title":{"rendered":"5Cr15MoV Palisander-Ausbeinmesser 150 mm LKWBF10001"},"content":{"rendered":"","protected":false},"excerpt":{"rendered":"<h3>Hauptmerkmale<\/h3>\n<ul>\n<li>Dieses 150 mm lange Ausbeinmesser sieht zwar klein aus, ist aber ein robustes Schneidwerkzeug f\u00fcr Fleisch und Fisch. Es eignet sich hervorragend zum Trennen von Sehnen, Filetieren von Fisch und zum Schneiden von Fleisch gegen die Faser.<\/li>\n<li>Die Messerklinge besteht aus 5Cr15MoV-Stahl. Dieser robuste Stahl erm\u00f6glicht es K\u00f6chen, dieses Messer sowohl drinnen als auch drau\u00dfen zu verwenden.<\/li>\n<li>Der Palisandergriff ist mehr als nur ein Hingucker. Seine hervorragende Widerstandsf\u00e4higkeit gegen Risse und Verformungen macht ihn praktisch und sch\u00f6n zugleich.<\/li>\n<\/ul>\n<h3>Gut f\u00fcr<\/h3>\n<p>Fisch, Fleisch<\/p>","protected":false},"featured_media":7811,"template":"","meta":{"inline_featured_image":false},"product_brand":[],"product_cat":[57],"product_tag":[],"class_list":{"0":"post-1888","1":"product","2":"type-product","3":"status-publish","4":"has-post-thumbnail","6":"product_cat-boning-fillet-knives","7":"pa_blade-material-5cr15mov","8":"sales-flash-overlay","9":"woocommerce-text-align-left","10":"woocommerce-image-align-center","11":"do-quantity-buttons","13":"first","14":"instock","15":"shipping-taxable","16":"product-type-simple"},"_links":{"self":[{"href":"https:\/\/leeknives.com\/de\/wp-json\/wp\/v2\/product\/1888","targetHints":{"allow":["GET"]}}],"collection":[{"href":"https:\/\/leeknives.com\/de\/wp-json\/wp\/v2\/product"}],"about":[{"href":"https:\/\/leeknives.com\/de\/wp-json\/wp\/v2\/types\/product"}],"wp:featuredmedia":[{"embeddable":true,"href":"https:\/\/leeknives.com\/de\/wp-json\/wp\/v2\/media\/7811"}],"wp:attachment":[{"href":"https:\/\/leeknives.com\/de\/wp-json\/wp\/v2\/media?parent=1888"}],"wp:term":[{"taxonomy":"product_brand","embeddable":true,"href":"https:\/\/leeknives.com\/de\/wp-json\/wp\/v2\/product_brand?post=1888"},{"taxonomy":"product_cat","embeddable":true,"href":"https:\/\/leeknives.com\/de\/wp-json\/wp\/v2\/product_cat?post=1888"},{"taxonomy":"product_tag","embeddable":true,"href":"https:\/\/leeknives.com\/de\/wp-json\/wp\/v2\/product_tag?post=1888"}],"curies":[{"name":"wp","href":"https:\/\/api.w.org\/{rel}","templated":true}]}}