{"id":1889,"date":"2022-06-02T16:47:55","date_gmt":"2022-06-02T08:47:55","guid":{"rendered":"https:\/\/leeknives.com\/?post_type=product&#038;p=1889"},"modified":"2023-12-22T16:07:45","modified_gmt":"2023-12-22T08:07:45","slug":"tranchiermesser-lkwcv10001","status":"publish","type":"product","link":"https:\/\/leeknives.com\/de\/carving-knife-lkwcv10001\/","title":{"rendered":"5Cr15MoV Palisander-Schnitzmesser 185 mm LKWCV10001"},"content":{"rendered":"","protected":false},"excerpt":{"rendered":"<h3>Hauptmerkmale<\/h3>\n<ul>\n<li>Kann zum Tranchieren von Schinken, Braten, Fleisch und Gem\u00fcse aller Art verwendet werden. Dieses Tranchiermesser wird der Star einer Grillparty im Garten sein.<\/li>\n<li>\u00dcber Rost m\u00fcssen Sie sich keine Sorgen machen. Der zum Schmieden der Klinge verwendete 5Cr15MoV-Stahl enth\u00e4lt mehr als 14% Chrom. Das bedeutet, dass er gut gegen Korrosion best\u00e4ndig ist.<\/li>\n<li>Palisander ist das erstklassige Material f\u00fcr Messergriffe. Seine Haltbarkeit und \u00c4sthetik sind unschlagbar.<\/li>\n<\/ul>\n<h3>Gut f\u00fcr<\/h3>\n<p>Schinken, Braten, Fleisch, Gem\u00fcse, Obst<\/p>","protected":false},"featured_media":7812,"template":"","meta":{"inline_featured_image":false},"product_brand":[],"product_cat":[58],"product_tag":[],"class_list":{"0":"post-1889","1":"product","2":"type-product","3":"status-publish","4":"has-post-thumbnail","6":"product_cat-carving-knives","7":"pa_blade-material-5cr15mov","8":"sales-flash-overlay","9":"woocommerce-text-align-left","10":"woocommerce-image-align-center","11":"do-quantity-buttons","13":"first","14":"instock","15":"shipping-taxable","16":"product-type-simple"},"_links":{"self":[{"href":"https:\/\/leeknives.com\/de\/wp-json\/wp\/v2\/product\/1889","targetHints":{"allow":["GET"]}}],"collection":[{"href":"https:\/\/leeknives.com\/de\/wp-json\/wp\/v2\/product"}],"about":[{"href":"https:\/\/leeknives.com\/de\/wp-json\/wp\/v2\/types\/product"}],"wp:featuredmedia":[{"embeddable":true,"href":"https:\/\/leeknives.com\/de\/wp-json\/wp\/v2\/media\/7812"}],"wp:attachment":[{"href":"https:\/\/leeknives.com\/de\/wp-json\/wp\/v2\/media?parent=1889"}],"wp:term":[{"taxonomy":"product_brand","embeddable":true,"href":"https:\/\/leeknives.com\/de\/wp-json\/wp\/v2\/product_brand?post=1889"},{"taxonomy":"product_cat","embeddable":true,"href":"https:\/\/leeknives.com\/de\/wp-json\/wp\/v2\/product_cat?post=1889"},{"taxonomy":"product_tag","embeddable":true,"href":"https:\/\/leeknives.com\/de\/wp-json\/wp\/v2\/product_tag?post=1889"}],"curies":[{"name":"wp","href":"https:\/\/api.w.org\/{rel}","templated":true}]}}