{"id":1891,"date":"2022-06-02T16:56:55","date_gmt":"2022-06-02T08:56:55","guid":{"rendered":"https:\/\/leeknives.com\/?post_type=product&#038;p=1891"},"modified":"2023-12-22T16:07:36","modified_gmt":"2023-12-22T08:07:36","slug":"universalmesser-lkwuk10001","status":"publish","type":"product","link":"https:\/\/leeknives.com\/de\/utility-knife-lkwuk10001\/","title":{"rendered":"5Cr15MoV Palisander-Allzweckmesser 150 mm LKWUK10001"},"content":{"rendered":"","protected":false},"excerpt":{"rendered":"<h3>Hauptmerkmale<\/h3>\n<ul>\n<li>Ein Allzweckmesser gleicht das aus, was ein normales Kochmesser nicht leisten kann. Es hat eine \u00e4hnliche Kapazit\u00e4t zum Schneiden allt\u00e4glicher Lebensmittel wie Fleisch und Gem\u00fcse, eignet sich aber besser f\u00fcr kleinere Portionen.<\/li>\n<li>5Cr15MoV ist ein rostfreier Stahl mit geringem Kohlenstoffanteil. Durch die Zugabe von Kohlenstoff wird der Stahl relativ hart und beh\u00e4lt seine Sch\u00e4rfe gut. Die beste Eigenschaft dieses Stahls ist jedoch, dass er das Messer vor Rost sch\u00fctzt.<\/li>\n<li>Die Klinge wurde bis zur R\u00fcckseite des Griffs verl\u00e4ngert, was als Full-Tang-Struktur bezeichnet wird. Full-Tang-Messer sind im Allgemeinen schwerer und viel robuster.<\/li>\n<\/ul>\n<h3>Gut f\u00fcr<\/h3>\n<p>Fleisch, Fisch, Gem\u00fcse, Obst, Kr\u00e4uter<\/p>","protected":false},"featured_media":7837,"template":"","meta":{"inline_featured_image":false},"product_brand":[],"product_cat":[54],"product_tag":[],"class_list":{"0":"post-1891","1":"product","2":"type-product","3":"status-publish","4":"has-post-thumbnail","6":"product_cat-utility-knives","7":"pa_blade-material-5cr15mov","8":"sales-flash-overlay","9":"woocommerce-text-align-left","10":"woocommerce-image-align-center","11":"do-quantity-buttons","13":"first","14":"instock","15":"shipping-taxable","16":"product-type-simple"},"_links":{"self":[{"href":"https:\/\/leeknives.com\/de\/wp-json\/wp\/v2\/product\/1891","targetHints":{"allow":["GET"]}}],"collection":[{"href":"https:\/\/leeknives.com\/de\/wp-json\/wp\/v2\/product"}],"about":[{"href":"https:\/\/leeknives.com\/de\/wp-json\/wp\/v2\/types\/product"}],"wp:featuredmedia":[{"embeddable":true,"href":"https:\/\/leeknives.com\/de\/wp-json\/wp\/v2\/media\/7837"}],"wp:attachment":[{"href":"https:\/\/leeknives.com\/de\/wp-json\/wp\/v2\/media?parent=1891"}],"wp:term":[{"taxonomy":"product_brand","embeddable":true,"href":"https:\/\/leeknives.com\/de\/wp-json\/wp\/v2\/product_brand?post=1891"},{"taxonomy":"product_cat","embeddable":true,"href":"https:\/\/leeknives.com\/de\/wp-json\/wp\/v2\/product_cat?post=1891"},{"taxonomy":"product_tag","embeddable":true,"href":"https:\/\/leeknives.com\/de\/wp-json\/wp\/v2\/product_tag?post=1891"}],"curies":[{"name":"wp","href":"https:\/\/api.w.org\/{rel}","templated":true}]}}