{"id":1892,"date":"2022-06-02T17:07:10","date_gmt":"2022-06-02T09:07:10","guid":{"rendered":"https:\/\/leeknives.com\/?post_type=product&#038;p=1892"},"modified":"2023-12-22T16:07:20","modified_gmt":"2023-12-22T08:07:20","slug":"universalmesser-lkwuk10002","status":"publish","type":"product","link":"https:\/\/leeknives.com\/de\/products\/utility-knife-lkwuk10002\/","title":{"rendered":"8Cr13MoV Palisander-Allzweckmesser 155 mm LKWUK10002"},"content":{"rendered":"","protected":false},"excerpt":{"rendered":"<h3>Hauptmerkmale<\/h3>\n<ul>\n<li>Lassen Sie sich nicht von der Gr\u00f6\u00dfe des Messers t\u00e4uschen. Es ist ein vollwertiges Allzweckmesser, genau wie ein l\u00e4ngeres Kochmesser oder ein Gyuto. Sie k\u00f6nnen es als Alternative zum Schneiden allt\u00e4glicher Zutaten von Fleisch bis Gem\u00fcse verwenden.<\/li>\n<li>Das aus 8Cr13MoV-Stahl geschmiedete und w\u00e4rmebehandelte Messer ist mit 57 HRC gef\u00e4hrlich scharf. Das Schneiden d\u00fcnner Lebensmittelscheiben wird Ihnen Freude bereiten.<\/li>\n<li>Ein speziell entwickelter Palisandergriff. Die Oberseite des Griffs wurde leicht nach innen gedr\u00fcckt, um ein besseres Griffgef\u00fchl und eine bessere Kontrolle zu bieten.<\/li>\n<\/ul>\n<h3>Gut f\u00fcr<\/h3>\n<p>Fleisch, Fisch, Gem\u00fcse, Obst, Kr\u00e4uter<\/p>","protected":false},"featured_media":7838,"template":"","meta":{"inline_featured_image":false},"product_brand":[],"product_cat":[54],"product_tag":[],"class_list":{"0":"post-1892","1":"product","2":"type-product","3":"status-publish","4":"has-post-thumbnail","6":"product_cat-utility-knives","7":"pa_blade-material-8cr13mov","8":"sales-flash-overlay","9":"woocommerce-text-align-left","10":"woocommerce-image-align-center","11":"do-quantity-buttons","13":"first","14":"instock","15":"shipping-taxable","16":"product-type-simple"},"_links":{"self":[{"href":"https:\/\/leeknives.com\/de\/wp-json\/wp\/v2\/product\/1892","targetHints":{"allow":["GET"]}}],"collection":[{"href":"https:\/\/leeknives.com\/de\/wp-json\/wp\/v2\/product"}],"about":[{"href":"https:\/\/leeknives.com\/de\/wp-json\/wp\/v2\/types\/product"}],"wp:featuredmedia":[{"embeddable":true,"href":"https:\/\/leeknives.com\/de\/wp-json\/wp\/v2\/media\/7838"}],"wp:attachment":[{"href":"https:\/\/leeknives.com\/de\/wp-json\/wp\/v2\/media?parent=1892"}],"wp:term":[{"taxonomy":"product_brand","embeddable":true,"href":"https:\/\/leeknives.com\/de\/wp-json\/wp\/v2\/product_brand?post=1892"},{"taxonomy":"product_cat","embeddable":true,"href":"https:\/\/leeknives.com\/de\/wp-json\/wp\/v2\/product_cat?post=1892"},{"taxonomy":"product_tag","embeddable":true,"href":"https:\/\/leeknives.com\/de\/wp-json\/wp\/v2\/product_tag?post=1892"}],"curies":[{"name":"wp","href":"https:\/\/api.w.org\/{rel}","templated":true}]}}