{"id":1894,"date":"2022-06-02T17:18:29","date_gmt":"2022-06-02T09:18:29","guid":{"rendered":"https:\/\/leeknives.com\/?post_type=product&#038;p=1894"},"modified":"2023-12-22T16:07:04","modified_gmt":"2023-12-22T08:07:04","slug":"chinesisches-gemusebeil-lkcvc10004","status":"publish","type":"product","link":"https:\/\/leeknives.com\/de\/products\/chinese-vegetable-cleaver-lkcvc10004\/","title":{"rendered":"8Cr13MoV Palisander Chinesisches Gem\u00fcsebeil 200 mm LKCVC10004"},"content":{"rendered":"","protected":false},"excerpt":{"rendered":"<h3>Hauptmerkmale<\/h3>\n<ul>\n<li>Dieses quadratische Messer \u00e4hnelt dem westlichen Hackmesser. Tats\u00e4chlich handelt es sich jedoch um das ber\u00fchmte chinesische Cai Dao, das denselben Zweck wie ein Kochmesser erf\u00fcllt: Es eignet sich hervorragend f\u00fcr die Zubereitung von Fleisch, Gem\u00fcse, Fisch und Obst.<\/li>\n<li>Der 8Cr13MoV-Stahl wurde als rostfreier Stahl mit hohem Kohlenstoffgehalt klassifiziert. Das bedeutet, dass er bei ausreichender H\u00e4rte im t\u00e4glichen Gebrauch nicht so leicht bricht.<\/li>\n<li>Stilvoller Griff aus Palisanderholz. Ein beliebtes Material in der Messerherstellung, das auch unter rauen Bedingungen intakt bleibt.<\/li>\n<\/ul>\n<h3>Gut f\u00fcr<\/h3>\n<p>Fleisch, Fisch, Gem\u00fcse, Obst, Kr\u00e4uter<\/p>","protected":false},"featured_media":7487,"template":"","meta":{"inline_featured_image":false},"product_brand":[],"product_cat":[79],"product_tag":[],"class_list":{"0":"post-1894","1":"product","2":"type-product","3":"status-publish","4":"has-post-thumbnail","6":"product_cat-slicers","7":"pa_blade-material-8cr13mov","8":"sales-flash-overlay","9":"woocommerce-text-align-left","10":"woocommerce-image-align-center","11":"do-quantity-buttons","13":"first","14":"instock","15":"shipping-taxable","16":"product-type-simple"},"_links":{"self":[{"href":"https:\/\/leeknives.com\/de\/wp-json\/wp\/v2\/product\/1894","targetHints":{"allow":["GET"]}}],"collection":[{"href":"https:\/\/leeknives.com\/de\/wp-json\/wp\/v2\/product"}],"about":[{"href":"https:\/\/leeknives.com\/de\/wp-json\/wp\/v2\/types\/product"}],"wp:featuredmedia":[{"embeddable":true,"href":"https:\/\/leeknives.com\/de\/wp-json\/wp\/v2\/media\/7487"}],"wp:attachment":[{"href":"https:\/\/leeknives.com\/de\/wp-json\/wp\/v2\/media?parent=1894"}],"wp:term":[{"taxonomy":"product_brand","embeddable":true,"href":"https:\/\/leeknives.com\/de\/wp-json\/wp\/v2\/product_brand?post=1894"},{"taxonomy":"product_cat","embeddable":true,"href":"https:\/\/leeknives.com\/de\/wp-json\/wp\/v2\/product_cat?post=1894"},{"taxonomy":"product_tag","embeddable":true,"href":"https:\/\/leeknives.com\/de\/wp-json\/wp\/v2\/product_tag?post=1894"}],"curies":[{"name":"wp","href":"https:\/\/api.w.org\/{rel}","templated":true}]}}