{"id":1895,"date":"2022-06-02T17:25:12","date_gmt":"2022-06-02T09:25:12","guid":{"rendered":"https:\/\/leeknives.com\/?post_type=product&#038;p=1895"},"modified":"2023-12-22T16:06:54","modified_gmt":"2023-12-22T08:06:54","slug":"ausbeinmesser-lkspk10004","status":"publish","type":"product","link":"https:\/\/leeknives.com\/de\/boning-knife-lkspk10004\/","title":{"rendered":"5Cr15MoV Palisander Reverse Tanto Ausbeinmesser 160 mm LKSPK10004"},"content":{"rendered":"","protected":false},"excerpt":{"rendered":"<h3>Hauptmerkmale<\/h3>\n<ul>\n<li>Dieses aus rostfreiem 5Cr15MoV-Stahl geschmiedete Messer ist unglaublich widerstandsf\u00e4hig gegen St\u00f6\u00dfe und Rost. Und die Schneide l\u00e4sst sich ganz einfach nachsch\u00e4rfen!<\/li>\n<li>Im Gegensatz zum herk\u00f6mmlichen Ausbeinmesser verf\u00fcgt dieses Modell \u00fcber eine flache, umgekehrte Tanto-Spitze. Dieses Design erfreut sich bei kulinarischen Enthusiasten gro\u00dfer Beliebtheit, da es eine glatte Schneide aufweist und insgesamt langlebiger ist.<\/li>\n<li>Der Palisandergriff ist ein weiteres Highlight des Messers. Die Vintage-Farbgebung und die erstklassigen Eigenschaften machen es zu einer au\u00dfergew\u00f6hnlichen Wahl.<\/li>\n<\/ul>\n<h3>Gut f\u00fcr<\/h3>\n<p>Fisch, Fleisch<\/p>","protected":false},"featured_media":7795,"template":"","meta":{"inline_featured_image":false},"product_brand":[],"product_cat":[81],"product_tag":[],"class_list":{"0":"post-1895","1":"product","2":"type-product","3":"status-publish","4":"has-post-thumbnail","6":"product_cat-specialty-knives","7":"pa_blade-material-5cr15mov","8":"sales-flash-overlay","9":"woocommerce-text-align-left","10":"woocommerce-image-align-center","11":"do-quantity-buttons","13":"first","14":"instock","15":"shipping-taxable","16":"product-type-simple"},"_links":{"self":[{"href":"https:\/\/leeknives.com\/de\/wp-json\/wp\/v2\/product\/1895","targetHints":{"allow":["GET"]}}],"collection":[{"href":"https:\/\/leeknives.com\/de\/wp-json\/wp\/v2\/product"}],"about":[{"href":"https:\/\/leeknives.com\/de\/wp-json\/wp\/v2\/types\/product"}],"wp:featuredmedia":[{"embeddable":true,"href":"https:\/\/leeknives.com\/de\/wp-json\/wp\/v2\/media\/7795"}],"wp:attachment":[{"href":"https:\/\/leeknives.com\/de\/wp-json\/wp\/v2\/media?parent=1895"}],"wp:term":[{"taxonomy":"product_brand","embeddable":true,"href":"https:\/\/leeknives.com\/de\/wp-json\/wp\/v2\/product_brand?post=1895"},{"taxonomy":"product_cat","embeddable":true,"href":"https:\/\/leeknives.com\/de\/wp-json\/wp\/v2\/product_cat?post=1895"},{"taxonomy":"product_tag","embeddable":true,"href":"https:\/\/leeknives.com\/de\/wp-json\/wp\/v2\/product_tag?post=1895"}],"curies":[{"name":"wp","href":"https:\/\/api.w.org\/{rel}","templated":true}]}}