{"id":1897,"date":"2022-06-02T17:43:20","date_gmt":"2022-06-02T09:43:20","guid":{"rendered":"https:\/\/leeknives.com\/?post_type=product&#038;p=1897"},"modified":"2023-12-22T16:06:36","modified_gmt":"2023-12-22T08:06:36","slug":"kiritsuke-gyuto-lkjgy10009","status":"publish","type":"product","link":"https:\/\/leeknives.com\/de\/kiritsuke-gyuto-lkjgy10009\/","title":{"rendered":"8Cr13MoV Palisander Kiritsuke Gyuto 200 mm LKJGY10009"},"content":{"rendered":"","protected":false},"excerpt":{"rendered":"<h3>Hauptmerkmale<\/h3>\n<ul>\n<li>Das Kiritsuke Gyuto oder K-Tip Gyuto hat eine umgekehrte Tanto-Spitze. Dadurch ist das Messer weniger gut zum \u201eZerhacken\u201c von Zutaten geeignet. Das flache Profil eignet sich jedoch besser zum Schneiden.<\/li>\n<li>Der 8Cr13MoV-Stahl ist ein neuer, kochfreundlicher Stahl. Er wurde auf eine ordentliche H\u00e4rte von 57 HRC w\u00e4rmebehandelt und ist aufgrund seiner Edelstahlbeschaffenheit weniger reizend f\u00fcr die t\u00e4gliche Pflege.<\/li>\n<li>Mit der Klinge aus 8Cr13MoV ist ein Griff aus Palisanderholz verbunden. Diese Holzart wird wegen ihrer dunkelroten Farbe und Robustheit sehr gesch\u00e4tzt.<\/li>\n<\/ul>\n<h3>Gut f\u00fcr<\/h3>\n<p>Fleisch, Fisch, Gem\u00fcse, Obst, Kr\u00e4uter<\/p>","protected":false},"featured_media":7542,"template":"","meta":{"inline_featured_image":false},"product_brand":[],"product_cat":[64,66],"product_tag":[],"class_list":{"0":"post-1897","1":"product","2":"type-product","3":"status-publish","4":"has-post-thumbnail","6":"product_cat-gyuto","7":"product_cat-kiritsuke","8":"pa_blade-material-8cr13mov","9":"sales-flash-overlay","10":"woocommerce-text-align-left","11":"woocommerce-image-align-center","12":"do-quantity-buttons","14":"first","15":"instock","16":"shipping-taxable","17":"product-type-simple"},"_links":{"self":[{"href":"https:\/\/leeknives.com\/de\/wp-json\/wp\/v2\/product\/1897","targetHints":{"allow":["GET"]}}],"collection":[{"href":"https:\/\/leeknives.com\/de\/wp-json\/wp\/v2\/product"}],"about":[{"href":"https:\/\/leeknives.com\/de\/wp-json\/wp\/v2\/types\/product"}],"wp:featuredmedia":[{"embeddable":true,"href":"https:\/\/leeknives.com\/de\/wp-json\/wp\/v2\/media\/7542"}],"wp:attachment":[{"href":"https:\/\/leeknives.com\/de\/wp-json\/wp\/v2\/media?parent=1897"}],"wp:term":[{"taxonomy":"product_brand","embeddable":true,"href":"https:\/\/leeknives.com\/de\/wp-json\/wp\/v2\/product_brand?post=1897"},{"taxonomy":"product_cat","embeddable":true,"href":"https:\/\/leeknives.com\/de\/wp-json\/wp\/v2\/product_cat?post=1897"},{"taxonomy":"product_tag","embeddable":true,"href":"https:\/\/leeknives.com\/de\/wp-json\/wp\/v2\/product_tag?post=1897"}],"curies":[{"name":"wp","href":"https:\/\/api.w.org\/{rel}","templated":true}]}}