{"id":1898,"date":"2022-06-02T17:46:11","date_gmt":"2022-06-02T09:46:11","guid":{"rendered":"https:\/\/leeknives.com\/?post_type=product&#038;p=1898"},"modified":"2023-12-22T16:06:26","modified_gmt":"2023-12-22T08:06:26","slug":"chinesisches-gemusebeil-lkcvc10005","status":"publish","type":"product","link":"https:\/\/leeknives.com\/de\/products\/chinese-vegetable-cleaver-lkcvc10005\/","title":{"rendered":"8Cr13MoV Palisander Chinesisches Gem\u00fcsebeil 170 mm LKCVC10005"},"content":{"rendered":"","protected":false},"excerpt":{"rendered":"<h3>Hauptmerkmale<\/h3>\n<ul>\n<li>Dieses chinesische Gem\u00fcsebeil wird f\u00fcr seine Vielseitigkeit gelobt und kann fast alles auf seinem Weg fein schneiden. Die einzige Einschr\u00e4nkung besteht darin, dass Sie in der N\u00e4he von Knochen und Schalen vorsichtig damit umgehen sollten.<\/li>\n<li>F\u00fcr die Messerklinge wurde kohlenstoffreicher Edelstahl 8Cr13MoV verwendet. Es erfordert keine aufwendige Wartung und kann \u00fcber einen l\u00e4ngeren Zeitraum verwendet werden.<\/li>\n<li>Der Palisandergriff hat im Kern eine duftende und dichte Maserung, die \u00e4u\u00dfere Schicht ist jedoch weich und por\u00f6s. Dadurch liegt der Griff angenehm in der Hand und ist gleichzeitig robust und steif.<\/li>\n<\/ul>\n<h3>Gut f\u00fcr<\/h3>\n<p>Fleisch, Fisch, Gem\u00fcse, Obst, Kr\u00e4uter<\/p>","protected":false},"featured_media":7488,"template":"","meta":{"inline_featured_image":false},"product_brand":[],"product_cat":[79],"product_tag":[],"class_list":{"0":"post-1898","1":"product","2":"type-product","3":"status-publish","4":"has-post-thumbnail","6":"product_cat-slicers","7":"pa_blade-material-8cr13mov","8":"sales-flash-overlay","9":"woocommerce-text-align-left","10":"woocommerce-image-align-center","11":"do-quantity-buttons","13":"first","14":"instock","15":"shipping-taxable","16":"product-type-simple"},"_links":{"self":[{"href":"https:\/\/leeknives.com\/de\/wp-json\/wp\/v2\/product\/1898","targetHints":{"allow":["GET"]}}],"collection":[{"href":"https:\/\/leeknives.com\/de\/wp-json\/wp\/v2\/product"}],"about":[{"href":"https:\/\/leeknives.com\/de\/wp-json\/wp\/v2\/types\/product"}],"wp:featuredmedia":[{"embeddable":true,"href":"https:\/\/leeknives.com\/de\/wp-json\/wp\/v2\/media\/7488"}],"wp:attachment":[{"href":"https:\/\/leeknives.com\/de\/wp-json\/wp\/v2\/media?parent=1898"}],"wp:term":[{"taxonomy":"product_brand","embeddable":true,"href":"https:\/\/leeknives.com\/de\/wp-json\/wp\/v2\/product_brand?post=1898"},{"taxonomy":"product_cat","embeddable":true,"href":"https:\/\/leeknives.com\/de\/wp-json\/wp\/v2\/product_cat?post=1898"},{"taxonomy":"product_tag","embeddable":true,"href":"https:\/\/leeknives.com\/de\/wp-json\/wp\/v2\/product_tag?post=1898"}],"curies":[{"name":"wp","href":"https:\/\/api.w.org\/{rel}","templated":true}]}}