{"id":1899,"date":"2022-06-02T17:48:48","date_gmt":"2022-06-02T09:48:48","guid":{"rendered":"https:\/\/leeknives.com\/?post_type=product&#038;p=1899"},"modified":"2023-12-22T16:06:15","modified_gmt":"2023-12-22T08:06:15","slug":"chinesisches-hackmesser-lkcck10006","status":"publish","type":"product","link":"https:\/\/leeknives.com\/de\/chinese-chopping-knife-lkcck10006\/","title":{"rendered":"5Cr15MoV Palisander Chinesisches Hackmesser 200 mm LKCCK10006"},"content":{"rendered":"","protected":false},"excerpt":{"rendered":"<h3>Hauptmerkmale<\/h3>\n<ul>\n<li>Dieses chinesische Hackmesser ist ein Mehrzweckmesser, das sich gut zum Hacken von Fleisch und Gefl\u00fcgel eignet. Dar\u00fcber hinaus eignet es sich auch zum Schneiden von Gem\u00fcse und Kr\u00e4utern.<\/li>\n<li>Die 200 mm lange, beidseitig geschliffene Klinge ist f\u00fcr ein K\u00fcchenmesser recht massiv. Doch die Gr\u00f6\u00dfe l\u00e4sst sich gut nutzen. Das Schneiden gro\u00dfer Zutatenst\u00fccke ist mit diesem Messer ein Kinderspiel.<\/li>\n<li>Die Klinge aus 5Cr15MoV-Stahl hat den Vorteil, dass sie robuster und rostbest\u00e4ndiger ist. Auch bei der H\u00e4rte macht sie mit ordentlichen 55 HRC keine Kompromisse.<\/li>\n<\/ul>\n<h3>Gut f\u00fcr<\/h3>\n<p>Gefl\u00fcgel, Fleisch, Fisch, Gem\u00fcse, Obst, Kr\u00e4uter<\/p>","protected":false},"featured_media":7440,"template":"","meta":{"inline_featured_image":false},"product_brand":[],"product_cat":[78],"product_tag":[],"class_list":{"0":"post-1899","1":"product","2":"type-product","3":"status-publish","4":"has-post-thumbnail","6":"product_cat-choppers","7":"pa_blade-material-5cr15mov","8":"sales-flash-overlay","9":"woocommerce-text-align-left","10":"woocommerce-image-align-center","11":"do-quantity-buttons","13":"first","14":"instock","15":"shipping-taxable","16":"product-type-simple"},"_links":{"self":[{"href":"https:\/\/leeknives.com\/de\/wp-json\/wp\/v2\/product\/1899","targetHints":{"allow":["GET"]}}],"collection":[{"href":"https:\/\/leeknives.com\/de\/wp-json\/wp\/v2\/product"}],"about":[{"href":"https:\/\/leeknives.com\/de\/wp-json\/wp\/v2\/types\/product"}],"wp:featuredmedia":[{"embeddable":true,"href":"https:\/\/leeknives.com\/de\/wp-json\/wp\/v2\/media\/7440"}],"wp:attachment":[{"href":"https:\/\/leeknives.com\/de\/wp-json\/wp\/v2\/media?parent=1899"}],"wp:term":[{"taxonomy":"product_brand","embeddable":true,"href":"https:\/\/leeknives.com\/de\/wp-json\/wp\/v2\/product_brand?post=1899"},{"taxonomy":"product_cat","embeddable":true,"href":"https:\/\/leeknives.com\/de\/wp-json\/wp\/v2\/product_cat?post=1899"},{"taxonomy":"product_tag","embeddable":true,"href":"https:\/\/leeknives.com\/de\/wp-json\/wp\/v2\/product_tag?post=1899"}],"curies":[{"name":"wp","href":"https:\/\/api.w.org\/{rel}","templated":true}]}}