{"id":1900,"date":"2022-06-02T17:56:55","date_gmt":"2022-06-02T09:56:55","guid":{"rendered":"https:\/\/leeknives.com\/?post_type=product&#038;p=1900"},"modified":"2023-12-22T16:06:04","modified_gmt":"2023-12-22T08:06:04","slug":"kiritsuke-gyuto-lkjgy10010","status":"publish","type":"product","link":"https:\/\/leeknives.com\/de\/kiritsuke-gyuto-lkjgy10010\/","title":{"rendered":"5Cr15MoV D-f\u00f6rmiger Wa-Griff Kiritsuke Gyuto 205 mm LKJGY10010"},"content":{"rendered":"","protected":false},"excerpt":{"rendered":"<h3>Hauptmerkmale<\/h3>\n<ul>\n<li>Im Gegensatz zum normalen Gyuto verf\u00fcgt das Kiritsuke Gyuto \u00fcber eine flache Klinge an der Vorderseite. Dadurch eignet sich das Messer besser zum Sto\u00dfschneiden oder Hacken von Fleisch und Gem\u00fcse.<\/li>\n<li>5Cr15MoV-Stahl h\u00e4lt die Klinge hervorragend rostfrei. Es bedarf zwar immer noch der richtigen Pflege, ist aber weniger aufwendig als Messer aus Kohlenstoffstahl.<\/li>\n<li>Der D-f\u00f6rmige WA-Griff bietet von allen japanischen Griffen die h\u00f6chste Pr\u00e4zision. Er bietet hervorragendes Feedback und Kontrolle. Dieses Modell wurde jedoch nur f\u00fcr Rechtsh\u00e4nder entwickelt.<\/li>\n<\/ul>\n<h3>Gut f\u00fcr<\/h3>\n<p>Fleisch, Fisch, Gem\u00fcse, Obst, Kr\u00e4uter<\/p>","protected":false},"featured_media":7543,"template":"","meta":{"inline_featured_image":false},"product_brand":[],"product_cat":[64,66],"product_tag":[],"class_list":{"0":"post-1900","1":"product","2":"type-product","3":"status-publish","4":"has-post-thumbnail","6":"product_cat-gyuto","7":"product_cat-kiritsuke","8":"pa_blade-material-5cr15mov","9":"sales-flash-overlay","10":"woocommerce-text-align-left","11":"woocommerce-image-align-center","12":"do-quantity-buttons","14":"first","15":"instock","16":"shipping-taxable","17":"product-type-simple"},"_links":{"self":[{"href":"https:\/\/leeknives.com\/de\/wp-json\/wp\/v2\/product\/1900","targetHints":{"allow":["GET"]}}],"collection":[{"href":"https:\/\/leeknives.com\/de\/wp-json\/wp\/v2\/product"}],"about":[{"href":"https:\/\/leeknives.com\/de\/wp-json\/wp\/v2\/types\/product"}],"wp:featuredmedia":[{"embeddable":true,"href":"https:\/\/leeknives.com\/de\/wp-json\/wp\/v2\/media\/7543"}],"wp:attachment":[{"href":"https:\/\/leeknives.com\/de\/wp-json\/wp\/v2\/media?parent=1900"}],"wp:term":[{"taxonomy":"product_brand","embeddable":true,"href":"https:\/\/leeknives.com\/de\/wp-json\/wp\/v2\/product_brand?post=1900"},{"taxonomy":"product_cat","embeddable":true,"href":"https:\/\/leeknives.com\/de\/wp-json\/wp\/v2\/product_cat?post=1900"},{"taxonomy":"product_tag","embeddable":true,"href":"https:\/\/leeknives.com\/de\/wp-json\/wp\/v2\/product_tag?post=1900"}],"curies":[{"name":"wp","href":"https:\/\/api.w.org\/{rel}","templated":true}]}}