{"id":1901,"date":"2022-06-02T18:02:24","date_gmt":"2022-06-02T10:02:24","guid":{"rendered":"https:\/\/leeknives.com\/?post_type=product&#038;p=1901"},"modified":"2023-12-22T16:05:55","modified_gmt":"2023-12-22T08:05:55","slug":"yanagiba-lkjya10001","status":"publish","type":"product","link":"https:\/\/leeknives.com\/de\/yanagiba-lkjya10001\/","title":{"rendered":"9Cr18Mov Clad Steel Achteckiger Ebenholz-Wa-Griff Yanagiba 240 mm LKJYA10001"},"content":{"rendered":"","protected":false},"excerpt":{"rendered":"<h3>Hauptmerkmale<\/h3>\n<ul>\n<li>240 mm Yanagiba der Einstiegsklasse. Die meisten japanischen Familien besitzen eins zu Hause. F\u00fcr alle grundlegenden Sushi-Zubereitungen geeignet.<\/li>\n<li>Hochwertiger 9Cr18Mov-Stahl als Klingenkern. Der hinzugef\u00fcgte Edelstahl dient als Schutz gegen Rost und St\u00f6\u00dfe.<\/li>\n<li>Edler japanischer Wa-Griff, achteckig gestaltet f\u00fcr ein au\u00dfergew\u00f6hnliches Griffgef\u00fchl.<\/li>\n<\/ul>\n<h3>Gut f\u00fcr<\/h3>\n<p>Fischfilet<\/p>","protected":false},"featured_media":7562,"template":"","meta":{"inline_featured_image":false},"product_brand":[],"product_cat":[70],"product_tag":[],"class_list":{"0":"post-1901","1":"product","2":"type-product","3":"status-publish","4":"has-post-thumbnail","6":"product_cat-yanagiba","7":"pa_blade-material-9cr18mov","8":"sales-flash-overlay","9":"woocommerce-text-align-left","10":"woocommerce-image-align-center","11":"do-quantity-buttons","13":"first","14":"instock","15":"shipping-taxable","16":"product-type-simple"},"_links":{"self":[{"href":"https:\/\/leeknives.com\/de\/wp-json\/wp\/v2\/product\/1901","targetHints":{"allow":["GET"]}}],"collection":[{"href":"https:\/\/leeknives.com\/de\/wp-json\/wp\/v2\/product"}],"about":[{"href":"https:\/\/leeknives.com\/de\/wp-json\/wp\/v2\/types\/product"}],"wp:featuredmedia":[{"embeddable":true,"href":"https:\/\/leeknives.com\/de\/wp-json\/wp\/v2\/media\/7562"}],"wp:attachment":[{"href":"https:\/\/leeknives.com\/de\/wp-json\/wp\/v2\/media?parent=1901"}],"wp:term":[{"taxonomy":"product_brand","embeddable":true,"href":"https:\/\/leeknives.com\/de\/wp-json\/wp\/v2\/product_brand?post=1901"},{"taxonomy":"product_cat","embeddable":true,"href":"https:\/\/leeknives.com\/de\/wp-json\/wp\/v2\/product_cat?post=1901"},{"taxonomy":"product_tag","embeddable":true,"href":"https:\/\/leeknives.com\/de\/wp-json\/wp\/v2\/product_tag?post=1901"}],"curies":[{"name":"wp","href":"https:\/\/api.w.org\/{rel}","templated":true}]}}