{"id":1930,"date":"2022-06-02T18:51:13","date_gmt":"2022-06-02T10:51:13","guid":{"rendered":"https:\/\/leeknives.com\/?post_type=product&#038;p=1930"},"modified":"2023-12-22T16:05:16","modified_gmt":"2023-12-22T08:05:16","slug":"gyuto-lkjgy10004","status":"publish","type":"product","link":"https:\/\/leeknives.com\/de\/products\/gyuto-lkjgy10004\/","title":{"rendered":"Damascus Clad 9Cr18Mov Stabilized Wood Wa Handle Gyuto 210 mm LKJGY10004"},"content":{"rendered":"","protected":false},"excerpt":{"rendered":"<h3>Hauptmerkmale<\/h3>\n<ul>\n<li>Trendiges Damast-Design. Die Klinge wurde aus zwei Stahlsorten geschmiedet \u2013 dem scharfen 9Cr18Mov und dem hochfesten rostfreien 420\/430-Stahl.<\/li>\n<li>Mehrzweck-Gyuto-Messer. Mit diesem Messer k\u00f6nnen Sie die meisten Lebensmittel schneiden, seien Sie jedoch bei dichten Zutaten vorsichtig.<\/li>\n<li>Bew\u00e4hrter japanischer Wa-Griff. Leichter als das westliche Gegenst\u00fcck. Stabilisiertes Holz sch\u00fctzt vor Wasser und Bakterien.<\/li>\n<\/ul>\n<h3>Gut f\u00fcr<\/h3>\n<p>Fleisch, Fisch, Gem\u00fcse, Obst, Kr\u00e4uter<\/p>","protected":false},"featured_media":7537,"template":"","meta":{"inline_featured_image":false},"product_brand":[],"product_cat":[64],"product_tag":[],"class_list":{"0":"post-1930","1":"product","2":"type-product","3":"status-publish","4":"has-post-thumbnail","6":"product_cat-gyuto","7":"pa_blade-material-9cr18mov","8":"pa_blade-material-damascus-steel","9":"sales-flash-overlay","10":"woocommerce-text-align-left","11":"woocommerce-image-align-center","12":"do-quantity-buttons","14":"first","15":"instock","16":"shipping-taxable","17":"product-type-simple"},"_links":{"self":[{"href":"https:\/\/leeknives.com\/de\/wp-json\/wp\/v2\/product\/1930","targetHints":{"allow":["GET"]}}],"collection":[{"href":"https:\/\/leeknives.com\/de\/wp-json\/wp\/v2\/product"}],"about":[{"href":"https:\/\/leeknives.com\/de\/wp-json\/wp\/v2\/types\/product"}],"wp:featuredmedia":[{"embeddable":true,"href":"https:\/\/leeknives.com\/de\/wp-json\/wp\/v2\/media\/7537"}],"wp:attachment":[{"href":"https:\/\/leeknives.com\/de\/wp-json\/wp\/v2\/media?parent=1930"}],"wp:term":[{"taxonomy":"product_brand","embeddable":true,"href":"https:\/\/leeknives.com\/de\/wp-json\/wp\/v2\/product_brand?post=1930"},{"taxonomy":"product_cat","embeddable":true,"href":"https:\/\/leeknives.com\/de\/wp-json\/wp\/v2\/product_cat?post=1930"},{"taxonomy":"product_tag","embeddable":true,"href":"https:\/\/leeknives.com\/de\/wp-json\/wp\/v2\/product_tag?post=1930"}],"curies":[{"name":"wp","href":"https:\/\/api.w.org\/{rel}","templated":true}]}}