{"id":1938,"date":"2022-06-02T19:08:58","date_gmt":"2022-06-02T11:08:58","guid":{"rendered":"https:\/\/leeknives.com\/?post_type=product&#038;p=1938"},"modified":"2023-12-22T16:05:08","modified_gmt":"2023-12-22T08:05:08","slug":"kiritsuke-gyuto-lkjgy10011","status":"publish","type":"product","link":"https:\/\/leeknives.com\/de\/products\/kiritsuke-gyuto-lkjgy10011\/","title":{"rendered":"Damascus Clad 9Cr18Mov Stabilized Wood Wa Handle Kiritsuke Gyuto 210 mm LKJGY10011"},"content":{"rendered":"","protected":false},"excerpt":{"rendered":"<h3>Hauptmerkmale<\/h3>\n<ul>\n<li>Kiritsuke Gyuto, ein Allround-Schneidwerkzeug f\u00fcr die K\u00fcche. Das unverzichtbare K\u00fcchenmesser, das Sie zum Zerschneiden Ihrer t\u00e4glichen Lebensmittel ben\u00f6tigen.<\/li>\n<li>Damaszener-Schichtstahl. Die Klinge wurde mit japanischer Schmiedetechnik aus 9Cr18Mov und rostfreiem Stahl gefertigt.<\/li>\n<li>Das Wa-Griff-Design erleichtert den K\u00f6chen die Ausf\u00fchrung komplizierter Schneidetechniken.<\/li>\n<\/ul>\n<h3>Gut f\u00fcr<\/h3>\n<p>Fleisch, Fisch, Gem\u00fcse, Obst, Kr\u00e4uter<\/p>","protected":false},"featured_media":7544,"template":"","meta":{"inline_featured_image":false},"product_brand":[],"product_cat":[64,66],"product_tag":[],"class_list":{"0":"post-1938","1":"product","2":"type-product","3":"status-publish","4":"has-post-thumbnail","6":"product_cat-gyuto","7":"product_cat-kiritsuke","8":"pa_blade-material-9cr18mov","9":"pa_blade-material-damascus-steel","10":"sales-flash-overlay","11":"woocommerce-text-align-left","12":"woocommerce-image-align-center","13":"do-quantity-buttons","15":"first","16":"instock","17":"shipping-taxable","18":"product-type-simple"},"_links":{"self":[{"href":"https:\/\/leeknives.com\/de\/wp-json\/wp\/v2\/product\/1938","targetHints":{"allow":["GET"]}}],"collection":[{"href":"https:\/\/leeknives.com\/de\/wp-json\/wp\/v2\/product"}],"about":[{"href":"https:\/\/leeknives.com\/de\/wp-json\/wp\/v2\/types\/product"}],"wp:featuredmedia":[{"embeddable":true,"href":"https:\/\/leeknives.com\/de\/wp-json\/wp\/v2\/media\/7544"}],"wp:attachment":[{"href":"https:\/\/leeknives.com\/de\/wp-json\/wp\/v2\/media?parent=1938"}],"wp:term":[{"taxonomy":"product_brand","embeddable":true,"href":"https:\/\/leeknives.com\/de\/wp-json\/wp\/v2\/product_brand?post=1938"},{"taxonomy":"product_cat","embeddable":true,"href":"https:\/\/leeknives.com\/de\/wp-json\/wp\/v2\/product_cat?post=1938"},{"taxonomy":"product_tag","embeddable":true,"href":"https:\/\/leeknives.com\/de\/wp-json\/wp\/v2\/product_tag?post=1938"}],"curies":[{"name":"wp","href":"https:\/\/api.w.org\/{rel}","templated":true}]}}