{"id":1956,"date":"2022-06-02T19:18:04","date_gmt":"2022-06-02T11:18:04","guid":{"rendered":"https:\/\/leeknives.com\/?post_type=product&#038;p=1956"},"modified":"2023-12-22T16:05:00","modified_gmt":"2023-12-22T08:05:00","slug":"kiristuke-gyuto-lkjgy10012","status":"publish","type":"product","link":"https:\/\/leeknives.com\/de\/kiristuke-gyuto-lkjgy10012\/","title":{"rendered":"9Cr18Mov plattierter Stahl, stabilisierter Holz-Wa-Griff, Kiritsuke Gyuto, 205 mm, LKJGY10012"},"content":{"rendered":"","protected":false},"excerpt":{"rendered":"<h3>Hauptmerkmale<\/h3>\n<ul>\n<li>Kiritsuke Gyuto ist eines der vielseitigsten K\u00fcchenmesser. Sie k\u00f6nnen damit nicht nur Fleisch schneiden, sondern auch Gem\u00fcse und Obst hacken.<\/li>\n<li>Plattierter 9Cr18Mov-Stahl und 420\/430-Edelstahl sorgen daf\u00fcr, dass das Messer ultrascharf bleibt und gleichzeitig eine hohe Widerstandsf\u00e4higkeit beh\u00e4lt.<\/li>\n<li>Der Griff aus stabilisiertem Verbundholz ist unglaublich robust und erfordert wenig Pflege.<\/li>\n<\/ul>\n<h3>Gut f\u00fcr<\/h3>\n<p>Fleisch, Fisch, Gem\u00fcse, Obst, Kr\u00e4uter<\/p>","protected":false},"featured_media":7545,"template":"","meta":{"inline_featured_image":false},"product_brand":[],"product_cat":[64,66],"product_tag":[],"class_list":{"0":"post-1956","1":"product","2":"type-product","3":"status-publish","4":"has-post-thumbnail","6":"product_cat-gyuto","7":"product_cat-kiritsuke","8":"pa_blade-material-9cr18mov","9":"sales-flash-overlay","10":"woocommerce-text-align-left","11":"woocommerce-image-align-center","12":"do-quantity-buttons","14":"first","15":"instock","16":"shipping-taxable","17":"product-type-simple"},"_links":{"self":[{"href":"https:\/\/leeknives.com\/de\/wp-json\/wp\/v2\/product\/1956","targetHints":{"allow":["GET"]}}],"collection":[{"href":"https:\/\/leeknives.com\/de\/wp-json\/wp\/v2\/product"}],"about":[{"href":"https:\/\/leeknives.com\/de\/wp-json\/wp\/v2\/types\/product"}],"wp:featuredmedia":[{"embeddable":true,"href":"https:\/\/leeknives.com\/de\/wp-json\/wp\/v2\/media\/7545"}],"wp:attachment":[{"href":"https:\/\/leeknives.com\/de\/wp-json\/wp\/v2\/media?parent=1956"}],"wp:term":[{"taxonomy":"product_brand","embeddable":true,"href":"https:\/\/leeknives.com\/de\/wp-json\/wp\/v2\/product_brand?post=1956"},{"taxonomy":"product_cat","embeddable":true,"href":"https:\/\/leeknives.com\/de\/wp-json\/wp\/v2\/product_cat?post=1956"},{"taxonomy":"product_tag","embeddable":true,"href":"https:\/\/leeknives.com\/de\/wp-json\/wp\/v2\/product_tag?post=1956"}],"curies":[{"name":"wp","href":"https:\/\/api.w.org\/{rel}","templated":true}]}}