{"id":1958,"date":"2022-06-02T19:36:41","date_gmt":"2022-06-02T11:36:41","guid":{"rendered":"https:\/\/leeknives.com\/?post_type=product&#038;p=1958"},"modified":"2025-08-18T14:42:12","modified_gmt":"2025-08-18T06:42:12","slug":"santoku-lkjso10003","status":"publish","type":"product","link":"https:\/\/leeknives.com\/de\/products\/santoku-lkjso10003\/","title":{"rendered":"Damascus Clad 10Cr18Mov Achteckiges stabilisiertes Holz Wa Griff Santoku 180 mm LKJSO10003"},"content":{"rendered":"<table>\n<tbody>\n<tr>\n<td>Artikelnr.<\/td>\n<td>LKJSO10003<\/td>\n<\/tr>\n<tr>\n<td>Gesamtl\u00e4nge<\/td>\n<td>320 mm \/ 12,6 Zoll.<\/td>\n<\/tr>\n<tr>\n<td>Klingenl\u00e4nge<\/td>\n<td>180 mm \/ 7,09 Zoll.<\/td>\n<\/tr>\n<tr>\n<td>Klingenbreite<\/td>\n<td>42 mm \/ 1,65 Zoll.<\/td>\n<\/tr>\n<tr>\n<td>Klingenst\u00e4rke<\/td>\n<td>2 mm \/ 0,08 Zoll.<\/td>\n<\/tr>\n<tr>\n<td>Gewicht<\/td>\n<td>175 g.<\/td>\n<\/tr>\n<tr>\n<td>Klinge<\/td>\n<td>10Cr18Mov-Kern mit 420\/430-Edelstahlummantelung<\/td>\n<\/tr>\n<tr>\n<td>Handhaben<\/td>\n<td>Achteckiger stabilisierter Wa-Griff (japanisch) aus Holz<\/td>\n<\/tr>\n<tr>\n<td>Rockwell-H\u00e4rte<\/td>\n<td>60 +\/- 2 HRC<\/td>\n<\/tr>\n<tr>\n<td>Fase<\/td>\n<td>Doppelfase<\/td>\n<\/tr>\n<tr>\n<td>Mindestbestellmenge<\/td>\n<td>Ab 200 Stk.<\/td>\n<\/tr>\n<tr>\n<td>Lieferzeit<\/td>\n<td>Beispiel: 7-25 Tage<br \/>\nGro\u00dfhandel: 3-15 Tage<br \/>\nAnpassung (500\u20132000 St\u00fcck): 25\u201345 Tage<br \/>\nAnpassung (mehr als 2000 St\u00fcck): Nach Vereinbarung<\/td>\n<\/tr>\n<tr>\n<td>Verf\u00fcgbare Dienste<\/td>\n<td>Dropshipping, Gro\u00dfhandel, Eigenmarke, OEM<\/td>\n<\/tr>\n<tr>\n<td>Anpassung<\/td>\n<td>Gestempeltes\/lasergraviertes Logo, individuelle Verpackung<\/td>\n<\/tr>\n<\/tbody>\n<\/table>","protected":false},"excerpt":{"rendered":"<h3>Hauptmerkmale<\/h3>\n<ul>\n<li>Geschmiedet mit der San-Mai-Technik. Der Kern aus 9Cr18Mov-Stahl kommt mit den Zutaten in Kontakt, w\u00e4hrend der geschichtete, geschwei\u00dfte Stahl die Klinge vor Verbiegen und Rost sch\u00fctzt.<\/li>\n<li>Santoku bedeutet auf Japanisch \u201edrei Tugenden\u201c. Das Messer verk\u00f6rpert diesen Namen und eignet sich zum Schneiden von Fleisch, Gem\u00fcse und Obst.<\/li>\n<li>Handgefertigter japanischer Wa-Griff. Achteckig facettiert mit stabilisiertem Holz, als Hommage an die japanische Tradition.<\/li>\n<\/ul>\n<h3>Gut f\u00fcr<\/h3>\n<p>Fleisch, Fisch, Gem\u00fcse, Obst, Kr\u00e4uter<\/p>","protected":false},"featured_media":7559,"template":"","meta":{"inline_featured_image":false},"product_brand":[],"product_cat":[65],"product_tag":[],"class_list":{"0":"post-1958","1":"product","2":"type-product","3":"status-publish","4":"has-post-thumbnail","6":"product_cat-santoku","7":"pa_blade-material-9cr18mov","8":"pa_blade-material-damascus-steel","9":"sales-flash-overlay","10":"woocommerce-text-align-left","11":"woocommerce-image-align-center","12":"do-quantity-buttons","14":"first","15":"instock","16":"shipping-taxable","17":"product-type-simple"},"_links":{"self":[{"href":"https:\/\/leeknives.com\/de\/wp-json\/wp\/v2\/product\/1958","targetHints":{"allow":["GET"]}}],"collection":[{"href":"https:\/\/leeknives.com\/de\/wp-json\/wp\/v2\/product"}],"about":[{"href":"https:\/\/leeknives.com\/de\/wp-json\/wp\/v2\/types\/product"}],"wp:featuredmedia":[{"embeddable":true,"href":"https:\/\/leeknives.com\/de\/wp-json\/wp\/v2\/media\/7559"}],"wp:attachment":[{"href":"https:\/\/leeknives.com\/de\/wp-json\/wp\/v2\/media?parent=1958"}],"wp:term":[{"taxonomy":"product_brand","embeddable":true,"href":"https:\/\/leeknives.com\/de\/wp-json\/wp\/v2\/product_brand?post=1958"},{"taxonomy":"product_cat","embeddable":true,"href":"https:\/\/leeknives.com\/de\/wp-json\/wp\/v2\/product_cat?post=1958"},{"taxonomy":"product_tag","embeddable":true,"href":"https:\/\/leeknives.com\/de\/wp-json\/wp\/v2\/product_tag?post=1958"}],"curies":[{"name":"wp","href":"https:\/\/api.w.org\/{rel}","templated":true}]}}